{"id":966,"date":"2015-06-01T09:53:17","date_gmt":"2015-06-01T09:53:17","guid":{"rendered":"http:\/\/www.szikorarendezoiroda.hu\/szikora\/?page_id=966"},"modified":"2018-08-05T05:29:33","modified_gmt":"2018-08-05T05:29:33","slug":"dolhai-attila","status":"publish","type":"page","link":"http:\/\/www.szikorarendezoiroda.hu\/szikora\/musical\/dolhai-attila\/","title":{"rendered":"DOLHAI ATTILA"},"content":{"rendered":"<p>&nbsp;<\/p>\n<p><span style=\"font-family: Georgia,Palatino; font-size: 12pt;\">Tagadhatatlan, hogy ma az egyik legn\u00e9pszer\u0171bb m\u0171v\u00e9sz Dolhai Attila. Operettekben\/Bajad\u00e9r, Lili b\u00e1r\u00f3n\u0151\/ ugyanolyan remek, mint a musicalekben\/R\u00f3me\u00f3 \u00e9s J\u00falia, Mozart\/. Sz\u00f3l\u00f3lemezei a toplist\u00e1k \u00e9lmez\u0151ny\u00e9ben vannak.<\/span><\/p>\n<p><iframe loading=\"lazy\" width=\"800\" height=\"600\" src=\"https:\/\/www.youtube.com\/embed\/fjSIqyyAIyc?feature=oembed\" frameborder=\"0\" allowfullscreen><\/iframe><\/p>\n","protected":false},"excerpt":{"rendered":"<p>&nbsp; Tagadhatatlan, hogy ma az egyik legn\u00e9pszer\u0171bb m\u0171v\u00e9sz Dolhai Attila. Operettekben\/Bajad\u00e9r, Lili b\u00e1r\u00f3n\u0151\/ ugyanolyan remek, mint a musicalekben\/R\u00f3me\u00f3 \u00e9s J\u00falia, Mozart\/. Sz\u00f3l\u00f3lemezei a toplist\u00e1k \u00e9lmez\u0151ny\u00e9ben vannak.<\/p>\n","protected":false},"author":1,"featured_media":3029,"parent":26,"menu_order":0,"comment_status":"open","ping_status":"open","template":"","meta":{"footnotes":""},"aioseo_notices":[],"_links":{"self":[{"href":"http:\/\/www.szikorarendezoiroda.hu\/szikora\/wp-json\/wp\/v2\/pages\/966"}],"collection":[{"href":"http:\/\/www.szikorarendezoiroda.hu\/szikora\/wp-json\/wp\/v2\/pages"}],"about":[{"href":"http:\/\/www.szikorarendezoiroda.hu\/szikora\/wp-json\/wp\/v2\/types\/page"}],"author":[{"embeddable":true,"href":"http:\/\/www.szikorarendezoiroda.hu\/szikora\/wp-json\/wp\/v2\/users\/1"}],"replies":[{"embeddable":true,"href":"http:\/\/www.szikorarendezoiroda.hu\/szikora\/wp-json\/wp\/v2\/comments?post=966"}],"version-history":[{"count":3,"href":"http:\/\/www.szikorarendezoiroda.hu\/szikora\/wp-json\/wp\/v2\/pages\/966\/revisions"}],"predecessor-version":[{"id":3025,"href":"http:\/\/www.szikorarendezoiroda.hu\/szikora\/wp-json\/wp\/v2\/pages\/966\/revisions\/3025"}],"up":[{"embeddable":true,"href":"http:\/\/www.szikorarendezoiroda.hu\/szikora\/wp-json\/wp\/v2\/pages\/26"}],"wp:featuredmedia":[{"embeddable":true,"href":"http:\/\/www.szikorarendezoiroda.hu\/szikora\/wp-json\/wp\/v2\/media\/3029"}],"wp:attachment":[{"href":"http:\/\/www.szikorarendezoiroda.hu\/szikora\/wp-json\/wp\/v2\/media?parent=966"}],"curies":[{"name":"wp","href":"https:\/\/api.w.org\/{rel}","templated":true}]}}