{"id":859,"date":"2015-06-01T08:48:30","date_gmt":"2015-06-01T08:48:30","guid":{"rendered":"http:\/\/www.szikorarendezoiroda.hu\/szikora\/?page_id=859"},"modified":"2018-08-04T04:25:03","modified_gmt":"2018-08-04T04:25:03","slug":"859-2","status":"publish","type":"page","link":"http:\/\/www.szikorarendezoiroda.hu\/szikora\/zenekarok\/859-2\/","title":{"rendered":"ZANZIBAR"},"content":{"rendered":"<p>&nbsp;<\/p>\n<p>2001-ben jelent meg els\u0151 albumuk \u201eNem vagyok t\u00f6k\u00e9letes\u201e c\u00edmen, amely r\u00f6vid id\u0151n bel\u00fcl aranyalbum lett. \u00d6t\u00f6dik lemez\u00fck az \u201e\u0150rangyal\u201e pedig 2008-ban. &#8222;\u00dajra&#8221; c.daluk 2014-ben k\u00f6zel n\u00e9gy h\u00f3napig id\u0151z\u00f6tt a TOP 40 list\u00e1n.<\/p>\n<p><iframe loading=\"lazy\" width=\"800\" height=\"450\" src=\"https:\/\/www.youtube.com\/embed\/OSv_jlU9PwE?feature=oembed\" frameborder=\"0\" allowfullscreen><\/iframe><\/p>\n","protected":false},"excerpt":{"rendered":"<p>&nbsp; 2001-ben jelent meg els\u0151 albumuk \u201eNem vagyok t\u00f6k\u00e9letes\u201e c\u00edmen, amely r\u00f6vid id\u0151n bel\u00fcl aranyalbum lett. \u00d6t\u00f6dik lemez\u00fck az \u201e\u0150rangyal\u201e pedig 2008-ban. &#8222;\u00dajra&#8221; c.daluk 2014-ben k\u00f6zel n\u00e9gy h\u00f3napig id\u0151z\u00f6tt a <a class=\"more-link\" href=\"http:\/\/www.szikorarendezoiroda.hu\/szikora\/zenekarok\/859-2\/\">A folytat&aacute;s olvas&aacute;sa &rarr;<\/a><\/p>\n","protected":false},"author":1,"featured_media":860,"parent":22,"menu_order":0,"comment_status":"open","ping_status":"open","template":"","meta":{"footnotes":""},"aioseo_notices":[],"_links":{"self":[{"href":"http:\/\/www.szikorarendezoiroda.hu\/szikora\/wp-json\/wp\/v2\/pages\/859"}],"collection":[{"href":"http:\/\/www.szikorarendezoiroda.hu\/szikora\/wp-json\/wp\/v2\/pages"}],"about":[{"href":"http:\/\/www.szikorarendezoiroda.hu\/szikora\/wp-json\/wp\/v2\/types\/page"}],"author":[{"embeddable":true,"href":"http:\/\/www.szikorarendezoiroda.hu\/szikora\/wp-json\/wp\/v2\/users\/1"}],"replies":[{"embeddable":true,"href":"http:\/\/www.szikorarendezoiroda.hu\/szikora\/wp-json\/wp\/v2\/comments?post=859"}],"version-history":[{"count":5,"href":"http:\/\/www.szikorarendezoiroda.hu\/szikora\/wp-json\/wp\/v2\/pages\/859\/revisions"}],"predecessor-version":[{"id":2948,"href":"http:\/\/www.szikorarendezoiroda.hu\/szikora\/wp-json\/wp\/v2\/pages\/859\/revisions\/2948"}],"up":[{"embeddable":true,"href":"http:\/\/www.szikorarendezoiroda.hu\/szikora\/wp-json\/wp\/v2\/pages\/22"}],"wp:featuredmedia":[{"embeddable":true,"href":"http:\/\/www.szikorarendezoiroda.hu\/szikora\/wp-json\/wp\/v2\/media\/860"}],"wp:attachment":[{"href":"http:\/\/www.szikorarendezoiroda.hu\/szikora\/wp-json\/wp\/v2\/media?parent=859"}],"curies":[{"name":"wp","href":"https:\/\/api.w.org\/{rel}","templated":true}]}}