{"id":856,"date":"2015-06-01T08:45:06","date_gmt":"2015-06-01T08:45:06","guid":{"rendered":"http:\/\/www.szikorarendezoiroda.hu\/szikora\/?page_id=856"},"modified":"2018-08-05T05:20:34","modified_gmt":"2018-08-05T05:20:34","slug":"vegas-showband","status":"publish","type":"page","link":"http:\/\/www.szikorarendezoiroda.hu\/szikora\/zenekarok\/vegas-showband\/","title":{"rendered":"VEGAS SHOWBAND"},"content":{"rendered":"<p>Koncert \u00e9s b\u00e1li zenekar 8 taggal.<\/p>\n<p>&nbsp;<\/p>\n<p>Hatalmas reperto\u00e1rral rendelkeznek, ahol megtal\u00e1lhat\u00f3 a Rock and Roll, mint a l\u00e1gy, romantikus, \u201e\u00f6sszeb\u00faj\u00f3s\u201d dalok, vagy a t\u00fczes latin zene.<\/p>\n<p><iframe loading=\"lazy\" width=\"800\" height=\"600\" src=\"https:\/\/www.youtube.com\/embed\/uYXjdrAVPag?feature=oembed\" frameborder=\"0\" allowfullscreen><\/iframe><\/p>\n","protected":false},"excerpt":{"rendered":"<p>Koncert \u00e9s b\u00e1li zenekar 8 taggal. &nbsp; Hatalmas reperto\u00e1rral rendelkeznek, ahol megtal\u00e1lhat\u00f3 a Rock and Roll, mint a l\u00e1gy, romantikus, \u201e\u00f6sszeb\u00faj\u00f3s\u201d dalok, vagy a t\u00fczes latin zene.<\/p>\n","protected":false},"author":1,"featured_media":3015,"parent":22,"menu_order":0,"comment_status":"open","ping_status":"open","template":"","meta":{"footnotes":""},"aioseo_notices":[],"_links":{"self":[{"href":"http:\/\/www.szikorarendezoiroda.hu\/szikora\/wp-json\/wp\/v2\/pages\/856"}],"collection":[{"href":"http:\/\/www.szikorarendezoiroda.hu\/szikora\/wp-json\/wp\/v2\/pages"}],"about":[{"href":"http:\/\/www.szikorarendezoiroda.hu\/szikora\/wp-json\/wp\/v2\/types\/page"}],"author":[{"embeddable":true,"href":"http:\/\/www.szikorarendezoiroda.hu\/szikora\/wp-json\/wp\/v2\/users\/1"}],"replies":[{"embeddable":true,"href":"http:\/\/www.szikorarendezoiroda.hu\/szikora\/wp-json\/wp\/v2\/comments?post=856"}],"version-history":[{"count":3,"href":"http:\/\/www.szikorarendezoiroda.hu\/szikora\/wp-json\/wp\/v2\/pages\/856\/revisions"}],"predecessor-version":[{"id":2947,"href":"http:\/\/www.szikorarendezoiroda.hu\/szikora\/wp-json\/wp\/v2\/pages\/856\/revisions\/2947"}],"up":[{"embeddable":true,"href":"http:\/\/www.szikorarendezoiroda.hu\/szikora\/wp-json\/wp\/v2\/pages\/22"}],"wp:featuredmedia":[{"embeddable":true,"href":"http:\/\/www.szikorarendezoiroda.hu\/szikora\/wp-json\/wp\/v2\/media\/3015"}],"wp:attachment":[{"href":"http:\/\/www.szikorarendezoiroda.hu\/szikora\/wp-json\/wp\/v2\/media?parent=856"}],"curies":[{"name":"wp","href":"https:\/\/api.w.org\/{rel}","templated":true}]}}