{"id":853,"date":"2015-06-01T08:43:23","date_gmt":"2015-06-01T08:43:23","guid":{"rendered":"http:\/\/www.szikorarendezoiroda.hu\/szikora\/?page_id=853"},"modified":"2018-08-04T04:24:21","modified_gmt":"2018-08-04T04:24:21","slug":"uj-bojtorjan","status":"publish","type":"page","link":"http:\/\/www.szikorarendezoiroda.hu\/szikora\/zenekarok\/uj-bojtorjan\/","title":{"rendered":"\u00daJ BOJTORJ\u00c1N"},"content":{"rendered":"<p>&nbsp;<\/p>\n<p><span style=\"font-family: Georgia,Palatino; font-size: 12pt;\">Gyerek \u00e9s feln\u0151tt koncertjeik nagyon j\u00f3 sz\u00f3rakoz\u00e1st jelentenek 3-103 \u00e9ves korig. A country zene elismert interpret\u00e1l\u00f3i amellett, hogy a magyar n\u00e9pzenei st\u00edlust is meg\u0151rizt\u00e9k zen\u00e9j\u00fckben.<\/span><\/p>\n<p><iframe loading=\"lazy\" width=\"800\" height=\"450\" src=\"https:\/\/www.youtube.com\/embed\/gmserrzvIzY?feature=oembed\" frameborder=\"0\" allow=\"autoplay; encrypted-media\" allowfullscreen><\/iframe><\/p>\n<p>&nbsp;<\/p>\n","protected":false},"excerpt":{"rendered":"<p>&nbsp; Gyerek \u00e9s feln\u0151tt koncertjeik nagyon j\u00f3 sz\u00f3rakoz\u00e1st jelentenek 3-103 \u00e9ves korig. A country zene elismert interpret\u00e1l\u00f3i amellett, hogy a magyar n\u00e9pzenei st\u00edlust is meg\u0151rizt\u00e9k zen\u00e9j\u00fckben. &nbsp;<\/p>\n","protected":false},"author":1,"featured_media":854,"parent":22,"menu_order":0,"comment_status":"open","ping_status":"open","template":"","meta":{"footnotes":""},"aioseo_notices":[],"_links":{"self":[{"href":"http:\/\/www.szikorarendezoiroda.hu\/szikora\/wp-json\/wp\/v2\/pages\/853"}],"collection":[{"href":"http:\/\/www.szikorarendezoiroda.hu\/szikora\/wp-json\/wp\/v2\/pages"}],"about":[{"href":"http:\/\/www.szikorarendezoiroda.hu\/szikora\/wp-json\/wp\/v2\/types\/page"}],"author":[{"embeddable":true,"href":"http:\/\/www.szikorarendezoiroda.hu\/szikora\/wp-json\/wp\/v2\/users\/1"}],"replies":[{"embeddable":true,"href":"http:\/\/www.szikorarendezoiroda.hu\/szikora\/wp-json\/wp\/v2\/comments?post=853"}],"version-history":[{"count":5,"href":"http:\/\/www.szikorarendezoiroda.hu\/szikora\/wp-json\/wp\/v2\/pages\/853\/revisions"}],"predecessor-version":[{"id":2946,"href":"http:\/\/www.szikorarendezoiroda.hu\/szikora\/wp-json\/wp\/v2\/pages\/853\/revisions\/2946"}],"up":[{"embeddable":true,"href":"http:\/\/www.szikorarendezoiroda.hu\/szikora\/wp-json\/wp\/v2\/pages\/22"}],"wp:featuredmedia":[{"embeddable":true,"href":"http:\/\/www.szikorarendezoiroda.hu\/szikora\/wp-json\/wp\/v2\/media\/854"}],"wp:attachment":[{"href":"http:\/\/www.szikorarendezoiroda.hu\/szikora\/wp-json\/wp\/v2\/media?parent=853"}],"curies":[{"name":"wp","href":"https:\/\/api.w.org\/{rel}","templated":true}]}}