{"id":850,"date":"2015-06-01T08:42:17","date_gmt":"2015-06-01T08:42:17","guid":{"rendered":"http:\/\/www.szikorarendezoiroda.hu\/szikora\/?page_id=850"},"modified":"2018-08-04T04:23:43","modified_gmt":"2018-08-04T04:23:43","slug":"triasz","status":"publish","type":"page","link":"http:\/\/www.szikorarendezoiroda.hu\/szikora\/zenekarok\/triasz\/","title":{"rendered":"TRI\u00c1SZ"},"content":{"rendered":"<p>&nbsp;<\/p>\n<p><span style=\"font-family: Georgia,Palatino; font-size: 12pt;\">Dalok zongor\u00e1ra \u00e9s k\u00e9t to-rockra. Sipos P\u00e9ter &#8211; Irigy H\u00f3naljmirigy &#8211; K\u00e1lm\u00e1n Gy\u00f6rgy Dinamit \u00e9s Jankai B\u00e9la. A zenekar n\u00e9vsora \u00f6nmag\u00e1\u00e9rt besz\u00e9l, a k\u00f6z\u00f6ns\u00e9gnek csak hallgatnia kell \u00e9s nagyon-nagyon j\u00f3l \u00e9reznie mag\u00e1t.<\/span><\/p>\n<p><iframe loading=\"lazy\" width=\"800\" height=\"450\" src=\"https:\/\/www.youtube.com\/embed\/qMwlwP9EoZA?feature=oembed\" frameborder=\"0\" allow=\"autoplay; encrypted-media\" allowfullscreen><\/iframe><\/p>\n<p>&nbsp;<\/p>\n","protected":false},"excerpt":{"rendered":"<p>&nbsp; Dalok zongor\u00e1ra \u00e9s k\u00e9t to-rockra. Sipos P\u00e9ter &#8211; Irigy H\u00f3naljmirigy &#8211; K\u00e1lm\u00e1n Gy\u00f6rgy Dinamit \u00e9s Jankai B\u00e9la. A zenekar n\u00e9vsora \u00f6nmag\u00e1\u00e9rt besz\u00e9l, a k\u00f6z\u00f6ns\u00e9gnek csak hallgatnia kell \u00e9s nagyon-nagyon <a class=\"more-link\" href=\"http:\/\/www.szikorarendezoiroda.hu\/szikora\/zenekarok\/triasz\/\">A folytat&aacute;s olvas&aacute;sa &rarr;<\/a><\/p>\n","protected":false},"author":1,"featured_media":851,"parent":22,"menu_order":0,"comment_status":"open","ping_status":"open","template":"","meta":{"footnotes":""},"aioseo_notices":[],"_links":{"self":[{"href":"http:\/\/www.szikorarendezoiroda.hu\/szikora\/wp-json\/wp\/v2\/pages\/850"}],"collection":[{"href":"http:\/\/www.szikorarendezoiroda.hu\/szikora\/wp-json\/wp\/v2\/pages"}],"about":[{"href":"http:\/\/www.szikorarendezoiroda.hu\/szikora\/wp-json\/wp\/v2\/types\/page"}],"author":[{"embeddable":true,"href":"http:\/\/www.szikorarendezoiroda.hu\/szikora\/wp-json\/wp\/v2\/users\/1"}],"replies":[{"embeddable":true,"href":"http:\/\/www.szikorarendezoiroda.hu\/szikora\/wp-json\/wp\/v2\/comments?post=850"}],"version-history":[{"count":4,"href":"http:\/\/www.szikorarendezoiroda.hu\/szikora\/wp-json\/wp\/v2\/pages\/850\/revisions"}],"predecessor-version":[{"id":2944,"href":"http:\/\/www.szikorarendezoiroda.hu\/szikora\/wp-json\/wp\/v2\/pages\/850\/revisions\/2944"}],"up":[{"embeddable":true,"href":"http:\/\/www.szikorarendezoiroda.hu\/szikora\/wp-json\/wp\/v2\/pages\/22"}],"wp:featuredmedia":[{"embeddable":true,"href":"http:\/\/www.szikorarendezoiroda.hu\/szikora\/wp-json\/wp\/v2\/media\/851"}],"wp:attachment":[{"href":"http:\/\/www.szikorarendezoiroda.hu\/szikora\/wp-json\/wp\/v2\/media?parent=850"}],"curies":[{"name":"wp","href":"https:\/\/api.w.org\/{rel}","templated":true}]}}