{"id":841,"date":"2015-06-01T08:38:59","date_gmt":"2015-06-01T08:38:59","guid":{"rendered":"http:\/\/www.szikorarendezoiroda.hu\/szikora\/?page_id=841"},"modified":"2018-08-04T04:21:21","modified_gmt":"2018-08-04T04:21:21","slug":"szentpeteri-csilla","status":"publish","type":"page","link":"http:\/\/www.szikorarendezoiroda.hu\/szikora\/zenekarok\/szentpeteri-csilla\/","title":{"rendered":"SZENTP\u00c9TERI CSILLA"},"content":{"rendered":"<p>&nbsp;<\/p>\n<p><span style=\"font-family: Georgia,Palatino; font-size: 12pt;\">Tri\u00f3val \u00e9s nagyzenekarral v\u00e1llalt koncertjei l\u00e1tv\u00e1nyv\u00e1nyban, hangz\u00e1sban maxim\u00e1lis \u00e9lm\u00e9nyt ny\u00fajtanak. A m\u0171v\u00e9szn\u0151 t\u00e1ncosokkal \u00e9s kivet\u00edt\u0151vel, f\u00e9nyekkel is emeli a koncert hangulat\u00e1t.<\/span><\/p>\n<p><iframe loading=\"lazy\" width=\"800\" height=\"450\" src=\"https:\/\/www.youtube.com\/embed\/ZrgOrSm8_e0?feature=oembed\" frameborder=\"0\" allowfullscreen><\/iframe><\/p>\n<p>&nbsp;<\/p>\n","protected":false},"excerpt":{"rendered":"<p>&nbsp; Tri\u00f3val \u00e9s nagyzenekarral v\u00e1llalt koncertjei l\u00e1tv\u00e1nyv\u00e1nyban, hangz\u00e1sban maxim\u00e1lis \u00e9lm\u00e9nyt ny\u00fajtanak. A m\u0171v\u00e9szn\u0151 t\u00e1ncosokkal \u00e9s kivet\u00edt\u0151vel, f\u00e9nyekkel is emeli a koncert hangulat\u00e1t. &nbsp;<\/p>\n","protected":false},"author":1,"featured_media":842,"parent":22,"menu_order":0,"comment_status":"open","ping_status":"open","template":"","meta":{"footnotes":""},"aioseo_notices":[],"_links":{"self":[{"href":"http:\/\/www.szikorarendezoiroda.hu\/szikora\/wp-json\/wp\/v2\/pages\/841"}],"collection":[{"href":"http:\/\/www.szikorarendezoiroda.hu\/szikora\/wp-json\/wp\/v2\/pages"}],"about":[{"href":"http:\/\/www.szikorarendezoiroda.hu\/szikora\/wp-json\/wp\/v2\/types\/page"}],"author":[{"embeddable":true,"href":"http:\/\/www.szikorarendezoiroda.hu\/szikora\/wp-json\/wp\/v2\/users\/1"}],"replies":[{"embeddable":true,"href":"http:\/\/www.szikorarendezoiroda.hu\/szikora\/wp-json\/wp\/v2\/comments?post=841"}],"version-history":[{"count":5,"href":"http:\/\/www.szikorarendezoiroda.hu\/szikora\/wp-json\/wp\/v2\/pages\/841\/revisions"}],"predecessor-version":[{"id":2937,"href":"http:\/\/www.szikorarendezoiroda.hu\/szikora\/wp-json\/wp\/v2\/pages\/841\/revisions\/2937"}],"up":[{"embeddable":true,"href":"http:\/\/www.szikorarendezoiroda.hu\/szikora\/wp-json\/wp\/v2\/pages\/22"}],"wp:featuredmedia":[{"embeddable":true,"href":"http:\/\/www.szikorarendezoiroda.hu\/szikora\/wp-json\/wp\/v2\/media\/842"}],"wp:attachment":[{"href":"http:\/\/www.szikorarendezoiroda.hu\/szikora\/wp-json\/wp\/v2\/media?parent=841"}],"curies":[{"name":"wp","href":"https:\/\/api.w.org\/{rel}","templated":true}]}}