{"id":838,"date":"2015-06-01T08:37:51","date_gmt":"2015-06-01T08:37:51","guid":{"rendered":"http:\/\/www.szikorarendezoiroda.hu\/szikora\/?page_id=838"},"modified":"2018-08-04T04:20:38","modified_gmt":"2018-08-04T04:20:38","slug":"sarantis-mantzourakis","status":"publish","type":"page","link":"http:\/\/www.szikorarendezoiroda.hu\/szikora\/zenekarok\/sarantis-mantzourakis\/","title":{"rendered":"SARANTIS MANTZOURAKIS"},"content":{"rendered":"<p>&nbsp;<\/p>\n<p><span style=\"font-family: Georgia,Palatino; font-size: 12pt;\">G\u00f6r\u00f6g klasszikus, g\u00f6r\u00f6g klasszikusok buzukira. A g\u00f6r\u00f6g sz\u00e1rmaz\u00e1s\u00fa buzuki m\u0171v\u00e9sz n\u00e9pzenei koncertje. K\u00e9rhet\u0151 kiskoncert is kett\u0151, h\u00e1rom vagy n\u00e9gy zen\u00e9sszel, illetve kett\u0151, h\u00e1rom vagy n\u00e9gy n\u00e9pviseletbe \u00f6lt\u00f6z\u00f6tt t\u00e1ncossal.<\/span><\/p>\n<p><iframe loading=\"lazy\" width=\"800\" height=\"450\" src=\"https:\/\/www.youtube.com\/embed\/zp0SGr8AWXM?feature=oembed\" frameborder=\"0\" allowfullscreen><\/iframe><\/p>\n<p>&nbsp;<\/p>\n","protected":false},"excerpt":{"rendered":"<p>&nbsp; G\u00f6r\u00f6g klasszikus, g\u00f6r\u00f6g klasszikusok buzukira. A g\u00f6r\u00f6g sz\u00e1rmaz\u00e1s\u00fa buzuki m\u0171v\u00e9sz n\u00e9pzenei koncertje. K\u00e9rhet\u0151 kiskoncert is kett\u0151, h\u00e1rom vagy n\u00e9gy zen\u00e9sszel, illetve kett\u0151, h\u00e1rom vagy n\u00e9gy n\u00e9pviseletbe \u00f6lt\u00f6z\u00f6tt t\u00e1ncossal. &nbsp;<\/p>\n","protected":false},"author":1,"featured_media":839,"parent":22,"menu_order":0,"comment_status":"open","ping_status":"open","template":"","meta":{"footnotes":""},"aioseo_notices":[],"_links":{"self":[{"href":"http:\/\/www.szikorarendezoiroda.hu\/szikora\/wp-json\/wp\/v2\/pages\/838"}],"collection":[{"href":"http:\/\/www.szikorarendezoiroda.hu\/szikora\/wp-json\/wp\/v2\/pages"}],"about":[{"href":"http:\/\/www.szikorarendezoiroda.hu\/szikora\/wp-json\/wp\/v2\/types\/page"}],"author":[{"embeddable":true,"href":"http:\/\/www.szikorarendezoiroda.hu\/szikora\/wp-json\/wp\/v2\/users\/1"}],"replies":[{"embeddable":true,"href":"http:\/\/www.szikorarendezoiroda.hu\/szikora\/wp-json\/wp\/v2\/comments?post=838"}],"version-history":[{"count":4,"href":"http:\/\/www.szikorarendezoiroda.hu\/szikora\/wp-json\/wp\/v2\/pages\/838\/revisions"}],"predecessor-version":[{"id":2936,"href":"http:\/\/www.szikorarendezoiroda.hu\/szikora\/wp-json\/wp\/v2\/pages\/838\/revisions\/2936"}],"up":[{"embeddable":true,"href":"http:\/\/www.szikorarendezoiroda.hu\/szikora\/wp-json\/wp\/v2\/pages\/22"}],"wp:featuredmedia":[{"embeddable":true,"href":"http:\/\/www.szikorarendezoiroda.hu\/szikora\/wp-json\/wp\/v2\/media\/839"}],"wp:attachment":[{"href":"http:\/\/www.szikorarendezoiroda.hu\/szikora\/wp-json\/wp\/v2\/media?parent=838"}],"curies":[{"name":"wp","href":"https:\/\/api.w.org\/{rel}","templated":true}]}}