{"id":835,"date":"2015-06-01T08:36:48","date_gmt":"2015-06-01T08:36:48","guid":{"rendered":"http:\/\/www.szikorarendezoiroda.hu\/szikora\/?page_id=835"},"modified":"2018-08-04T04:20:18","modified_gmt":"2018-08-04T04:20:18","slug":"ruzsa-magdi","status":"publish","type":"page","link":"http:\/\/www.szikorarendezoiroda.hu\/szikora\/zenekarok\/ruzsa-magdi\/","title":{"rendered":"R\u00daZSA MAGDI"},"content":{"rendered":"<p>&nbsp;<\/p>\n<p><span style=\"font-family: Georgia,Palatino; font-size: 12pt;\">Artisjus-d\u00edjas \u00e9nekesn\u0151, a &#8222;Megaszt\u00e1r&#8221; tehets\u00e9gkutat\u00f3 m\u0171sor 3.sz\u00e9ri\u00e1j\u00e1nak gy\u0151ztese. 2007-ben &#8222;Apr\u00f3cska blues&#8221; c\u00edm\u0171 dal\u00e1val az Eur\u00f3v\u00edzi\u00f3s dalfesztiv\u00e1l 9.hely\u00e9t szerezte meg.<\/span><\/p>\n<p><iframe loading=\"lazy\" width=\"800\" height=\"450\" src=\"https:\/\/www.youtube.com\/embed\/ydPwn3Hpn80?feature=oembed\" frameborder=\"0\" allowfullscreen><\/iframe><\/p>\n","protected":false},"excerpt":{"rendered":"<p>&nbsp; Artisjus-d\u00edjas \u00e9nekesn\u0151, a &#8222;Megaszt\u00e1r&#8221; tehets\u00e9gkutat\u00f3 m\u0171sor 3.sz\u00e9ri\u00e1j\u00e1nak gy\u0151ztese. 2007-ben &#8222;Apr\u00f3cska blues&#8221; c\u00edm\u0171 dal\u00e1val az Eur\u00f3v\u00edzi\u00f3s dalfesztiv\u00e1l 9.hely\u00e9t szerezte meg.<\/p>\n","protected":false},"author":1,"featured_media":836,"parent":22,"menu_order":0,"comment_status":"open","ping_status":"open","template":"","meta":{"footnotes":""},"aioseo_notices":[],"_links":{"self":[{"href":"http:\/\/www.szikorarendezoiroda.hu\/szikora\/wp-json\/wp\/v2\/pages\/835"}],"collection":[{"href":"http:\/\/www.szikorarendezoiroda.hu\/szikora\/wp-json\/wp\/v2\/pages"}],"about":[{"href":"http:\/\/www.szikorarendezoiroda.hu\/szikora\/wp-json\/wp\/v2\/types\/page"}],"author":[{"embeddable":true,"href":"http:\/\/www.szikorarendezoiroda.hu\/szikora\/wp-json\/wp\/v2\/users\/1"}],"replies":[{"embeddable":true,"href":"http:\/\/www.szikorarendezoiroda.hu\/szikora\/wp-json\/wp\/v2\/comments?post=835"}],"version-history":[{"count":4,"href":"http:\/\/www.szikorarendezoiroda.hu\/szikora\/wp-json\/wp\/v2\/pages\/835\/revisions"}],"predecessor-version":[{"id":2935,"href":"http:\/\/www.szikorarendezoiroda.hu\/szikora\/wp-json\/wp\/v2\/pages\/835\/revisions\/2935"}],"up":[{"embeddable":true,"href":"http:\/\/www.szikorarendezoiroda.hu\/szikora\/wp-json\/wp\/v2\/pages\/22"}],"wp:featuredmedia":[{"embeddable":true,"href":"http:\/\/www.szikorarendezoiroda.hu\/szikora\/wp-json\/wp\/v2\/media\/836"}],"wp:attachment":[{"href":"http:\/\/www.szikorarendezoiroda.hu\/szikora\/wp-json\/wp\/v2\/media?parent=835"}],"curies":[{"name":"wp","href":"https:\/\/api.w.org\/{rel}","templated":true}]}}