{"id":829,"date":"2015-06-01T08:32:40","date_gmt":"2015-06-01T08:32:40","guid":{"rendered":"http:\/\/www.szikorarendezoiroda.hu\/szikora\/?page_id=829"},"modified":"2018-08-05T05:15:59","modified_gmt":"2018-08-05T05:15:59","slug":"princess-egyuttes","status":"publish","type":"page","link":"http:\/\/www.szikorarendezoiroda.hu\/szikora\/zenekarok\/princess-egyuttes\/","title":{"rendered":"PRINCESS Egy\u00fcttes"},"content":{"rendered":"<p>&nbsp;<\/p>\n<p><span style=\"font-family: Georgia,Palatino; font-size: 12pt;\">A \u201eHeged\u0171 Hercegn\u0151i\u201e szinte hihetetlen, de 10 \u00e9ve h\u00f3d\u00edtott\u00e1k meg a k\u00f6z\u00f6ns\u00e9get. Ebb\u0151l az alkalomb\u00f3l nem csak 40\u2019-es fell\u00e9p\u00e9seket v\u00e1llalnak, hanem \u00e9l\u0151 koncerteket is +4 f\u0151s vagy +6 f\u0151s zenekari k\u00eds\u00e9rettel is.<\/span><\/p>\n<p><iframe loading=\"lazy\" width=\"800\" height=\"450\" src=\"https:\/\/www.youtube.com\/embed\/oaPYjkMqoXI?feature=oembed\" frameborder=\"0\" allowfullscreen><\/iframe><\/p>\n","protected":false},"excerpt":{"rendered":"<p>&nbsp; A \u201eHeged\u0171 Hercegn\u0151i\u201e szinte hihetetlen, de 10 \u00e9ve h\u00f3d\u00edtott\u00e1k meg a k\u00f6z\u00f6ns\u00e9get. Ebb\u0151l az alkalomb\u00f3l nem csak 40\u2019-es fell\u00e9p\u00e9seket v\u00e1llalnak, hanem \u00e9l\u0151 koncerteket is +4 f\u0151s vagy +6 f\u0151s <a class=\"more-link\" href=\"http:\/\/www.szikorarendezoiroda.hu\/szikora\/zenekarok\/princess-egyuttes\/\">A folytat&aacute;s olvas&aacute;sa &rarr;<\/a><\/p>\n","protected":false},"author":1,"featured_media":3013,"parent":22,"menu_order":0,"comment_status":"open","ping_status":"open","template":"","meta":{"footnotes":""},"aioseo_notices":[],"_links":{"self":[{"href":"http:\/\/www.szikorarendezoiroda.hu\/szikora\/wp-json\/wp\/v2\/pages\/829"}],"collection":[{"href":"http:\/\/www.szikorarendezoiroda.hu\/szikora\/wp-json\/wp\/v2\/pages"}],"about":[{"href":"http:\/\/www.szikorarendezoiroda.hu\/szikora\/wp-json\/wp\/v2\/types\/page"}],"author":[{"embeddable":true,"href":"http:\/\/www.szikorarendezoiroda.hu\/szikora\/wp-json\/wp\/v2\/users\/1"}],"replies":[{"embeddable":true,"href":"http:\/\/www.szikorarendezoiroda.hu\/szikora\/wp-json\/wp\/v2\/comments?post=829"}],"version-history":[{"count":3,"href":"http:\/\/www.szikorarendezoiroda.hu\/szikora\/wp-json\/wp\/v2\/pages\/829\/revisions"}],"predecessor-version":[{"id":2931,"href":"http:\/\/www.szikorarendezoiroda.hu\/szikora\/wp-json\/wp\/v2\/pages\/829\/revisions\/2931"}],"up":[{"embeddable":true,"href":"http:\/\/www.szikorarendezoiroda.hu\/szikora\/wp-json\/wp\/v2\/pages\/22"}],"wp:featuredmedia":[{"embeddable":true,"href":"http:\/\/www.szikorarendezoiroda.hu\/szikora\/wp-json\/wp\/v2\/media\/3013"}],"wp:attachment":[{"href":"http:\/\/www.szikorarendezoiroda.hu\/szikora\/wp-json\/wp\/v2\/media?parent=829"}],"curies":[{"name":"wp","href":"https:\/\/api.w.org\/{rel}","templated":true}]}}