{"id":823,"date":"2015-06-01T08:30:48","date_gmt":"2015-06-01T08:30:48","guid":{"rendered":"http:\/\/www.szikorarendezoiroda.hu\/szikora\/?page_id=823"},"modified":"2018-08-04T04:14:37","modified_gmt":"2018-08-04T04:14:37","slug":"palya-bea","status":"publish","type":"page","link":"http:\/\/www.szikorarendezoiroda.hu\/szikora\/zenekarok\/palya-bea\/","title":{"rendered":"PALYA BEA"},"content":{"rendered":"<p>&nbsp;<\/p>\n<p><span style=\"font-family: Georgia,Palatino; font-size: 12pt;\">Prima-d\u00edjas \u00e9s k\u00e9tszeres Artisjus-d\u00edjas n\u00e9pdal\u00e9nekes, el\u0151ad\u00f3. Koncertjei a magyar \u00e9s vil\u00e1gzene izgalmas \u00f6tv\u00f6zetei.<\/span><\/p>\n<p><iframe loading=\"lazy\" width=\"800\" height=\"450\" src=\"https:\/\/www.youtube.com\/embed\/5XOe1Xs6gwM?feature=oembed\" frameborder=\"0\" allowfullscreen><\/iframe><\/p>\n","protected":false},"excerpt":{"rendered":"<p>&nbsp; Prima-d\u00edjas \u00e9s k\u00e9tszeres Artisjus-d\u00edjas n\u00e9pdal\u00e9nekes, el\u0151ad\u00f3. Koncertjei a magyar \u00e9s vil\u00e1gzene izgalmas \u00f6tv\u00f6zetei.<\/p>\n","protected":false},"author":1,"featured_media":824,"parent":22,"menu_order":0,"comment_status":"open","ping_status":"open","template":"","meta":{"footnotes":""},"aioseo_notices":[],"_links":{"self":[{"href":"http:\/\/www.szikorarendezoiroda.hu\/szikora\/wp-json\/wp\/v2\/pages\/823"}],"collection":[{"href":"http:\/\/www.szikorarendezoiroda.hu\/szikora\/wp-json\/wp\/v2\/pages"}],"about":[{"href":"http:\/\/www.szikorarendezoiroda.hu\/szikora\/wp-json\/wp\/v2\/types\/page"}],"author":[{"embeddable":true,"href":"http:\/\/www.szikorarendezoiroda.hu\/szikora\/wp-json\/wp\/v2\/users\/1"}],"replies":[{"embeddable":true,"href":"http:\/\/www.szikorarendezoiroda.hu\/szikora\/wp-json\/wp\/v2\/comments?post=823"}],"version-history":[{"count":3,"href":"http:\/\/www.szikorarendezoiroda.hu\/szikora\/wp-json\/wp\/v2\/pages\/823\/revisions"}],"predecessor-version":[{"id":2928,"href":"http:\/\/www.szikorarendezoiroda.hu\/szikora\/wp-json\/wp\/v2\/pages\/823\/revisions\/2928"}],"up":[{"embeddable":true,"href":"http:\/\/www.szikorarendezoiroda.hu\/szikora\/wp-json\/wp\/v2\/pages\/22"}],"wp:featuredmedia":[{"embeddable":true,"href":"http:\/\/www.szikorarendezoiroda.hu\/szikora\/wp-json\/wp\/v2\/media\/824"}],"wp:attachment":[{"href":"http:\/\/www.szikorarendezoiroda.hu\/szikora\/wp-json\/wp\/v2\/media?parent=823"}],"curies":[{"name":"wp","href":"https:\/\/api.w.org\/{rel}","templated":true}]}}