{"id":820,"date":"2015-06-01T08:29:02","date_gmt":"2015-06-01T08:29:02","guid":{"rendered":"http:\/\/www.szikorarendezoiroda.hu\/szikora\/?page_id=820"},"modified":"2018-08-04T04:14:28","modified_gmt":"2018-08-04T04:14:28","slug":"old-boys","status":"publish","type":"page","link":"http:\/\/www.szikorarendezoiroda.hu\/szikora\/zenekarok\/old-boys\/","title":{"rendered":"OLD BOYS"},"content":{"rendered":"<p>&nbsp;<\/p>\n<p><span style=\"font-family: Georgia,Palatino; font-size: 12pt;\">1976\u2013ban sz\u00fcletett az \u00f6tlet, 79-ben pedig a zenekar. Akkor m\u00e9g kev\u00e9sb\u00e9 aktu\u00e1lis nev\u00fckkel \u2013 \u00d6reg fi\u00fak &#8211; el\u0151revet\u00edtett\u00e9k j\u00f6v\u0151j\u00fcket, hiszen az\u00f3ta 30 \u00e9v telt el \u00e9s \u0151k az\u00f3ta is az OLD BOYS. \u00d6n\u00e1ll\u00f3 koncerteket ugyan\u00fagy v\u00e1llalnak, mint eleg\u00e1ns b\u00e1li rendezv\u00e9nyt vagy s\u00f6rfesztiv\u00e1lt.<\/span><\/p>\n<p><iframe loading=\"lazy\" width=\"800\" height=\"600\" src=\"https:\/\/www.youtube.com\/embed\/I_yIayB1VCY?feature=oembed\" frameborder=\"0\" allowfullscreen><\/iframe><\/p>\n","protected":false},"excerpt":{"rendered":"<p>&nbsp; 1976\u2013ban sz\u00fcletett az \u00f6tlet, 79-ben pedig a zenekar. Akkor m\u00e9g kev\u00e9sb\u00e9 aktu\u00e1lis nev\u00fckkel \u2013 \u00d6reg fi\u00fak &#8211; el\u0151revet\u00edtett\u00e9k j\u00f6v\u0151j\u00fcket, hiszen az\u00f3ta 30 \u00e9v telt el \u00e9s \u0151k az\u00f3ta is <a class=\"more-link\" href=\"http:\/\/www.szikorarendezoiroda.hu\/szikora\/zenekarok\/old-boys\/\">A folytat&aacute;s olvas&aacute;sa &rarr;<\/a><\/p>\n","protected":false},"author":1,"featured_media":821,"parent":22,"menu_order":0,"comment_status":"open","ping_status":"open","template":"","meta":{"footnotes":""},"aioseo_notices":[],"_links":{"self":[{"href":"http:\/\/www.szikorarendezoiroda.hu\/szikora\/wp-json\/wp\/v2\/pages\/820"}],"collection":[{"href":"http:\/\/www.szikorarendezoiroda.hu\/szikora\/wp-json\/wp\/v2\/pages"}],"about":[{"href":"http:\/\/www.szikorarendezoiroda.hu\/szikora\/wp-json\/wp\/v2\/types\/page"}],"author":[{"embeddable":true,"href":"http:\/\/www.szikorarendezoiroda.hu\/szikora\/wp-json\/wp\/v2\/users\/1"}],"replies":[{"embeddable":true,"href":"http:\/\/www.szikorarendezoiroda.hu\/szikora\/wp-json\/wp\/v2\/comments?post=820"}],"version-history":[{"count":3,"href":"http:\/\/www.szikorarendezoiroda.hu\/szikora\/wp-json\/wp\/v2\/pages\/820\/revisions"}],"predecessor-version":[{"id":2927,"href":"http:\/\/www.szikorarendezoiroda.hu\/szikora\/wp-json\/wp\/v2\/pages\/820\/revisions\/2927"}],"up":[{"embeddable":true,"href":"http:\/\/www.szikorarendezoiroda.hu\/szikora\/wp-json\/wp\/v2\/pages\/22"}],"wp:featuredmedia":[{"embeddable":true,"href":"http:\/\/www.szikorarendezoiroda.hu\/szikora\/wp-json\/wp\/v2\/media\/821"}],"wp:attachment":[{"href":"http:\/\/www.szikorarendezoiroda.hu\/szikora\/wp-json\/wp\/v2\/media?parent=820"}],"curies":[{"name":"wp","href":"https:\/\/api.w.org\/{rel}","templated":true}]}}