{"id":814,"date":"2015-06-01T08:26:48","date_gmt":"2015-06-01T08:26:48","guid":{"rendered":"http:\/\/www.szikorarendezoiroda.hu\/szikora\/?page_id=814"},"modified":"2018-08-05T05:12:47","modified_gmt":"2018-08-05T05:12:47","slug":"m-e-z-egyuttes","status":"publish","type":"page","link":"http:\/\/www.szikorarendezoiroda.hu\/szikora\/zenekarok\/m-e-z-egyuttes\/","title":{"rendered":"M.\u00c9.Z. egy\u00fcttes"},"content":{"rendered":"<p>&nbsp;<\/p>\n<p><span style=\"font-family: Georgia,Palatino; font-size: 12pt;\">2011 november 4-\u00e9n visszat\u00e9rt eredeti fel\u00e1ll\u00e1sban \u00e9s igen nagy sikerrel a csapat. Ez a siker \u00faj CD-\u00e9t \u00e9s az\u00f3ta sz\u00e1mtalan fell\u00e9p\u00e9st eredm\u00e9nyezett. \u00d6r\u00f6mmel id\u00e9zik fel a \u201eretr\u00f3\u201e jegy\u00e9ben a r\u00e9gi sz\u00e9p id\u0151ket.<\/span><\/p>\n<p><iframe loading=\"lazy\" width=\"800\" height=\"600\" src=\"https:\/\/www.youtube.com\/embed\/YSdMQ6D0Y_0?feature=oembed\" frameborder=\"0\" allowfullscreen><\/iframe><\/p>\n","protected":false},"excerpt":{"rendered":"<p>&nbsp; 2011 november 4-\u00e9n visszat\u00e9rt eredeti fel\u00e1ll\u00e1sban \u00e9s igen nagy sikerrel a csapat. Ez a siker \u00faj CD-\u00e9t \u00e9s az\u00f3ta sz\u00e1mtalan fell\u00e9p\u00e9st eredm\u00e9nyezett. \u00d6r\u00f6mmel id\u00e9zik fel a \u201eretr\u00f3\u201e jegy\u00e9ben a <a class=\"more-link\" href=\"http:\/\/www.szikorarendezoiroda.hu\/szikora\/zenekarok\/m-e-z-egyuttes\/\">A folytat&aacute;s olvas&aacute;sa &rarr;<\/a><\/p>\n","protected":false},"author":1,"featured_media":3010,"parent":22,"menu_order":0,"comment_status":"open","ping_status":"open","template":"","meta":{"footnotes":""},"aioseo_notices":[],"_links":{"self":[{"href":"http:\/\/www.szikorarendezoiroda.hu\/szikora\/wp-json\/wp\/v2\/pages\/814"}],"collection":[{"href":"http:\/\/www.szikorarendezoiroda.hu\/szikora\/wp-json\/wp\/v2\/pages"}],"about":[{"href":"http:\/\/www.szikorarendezoiroda.hu\/szikora\/wp-json\/wp\/v2\/types\/page"}],"author":[{"embeddable":true,"href":"http:\/\/www.szikorarendezoiroda.hu\/szikora\/wp-json\/wp\/v2\/users\/1"}],"replies":[{"embeddable":true,"href":"http:\/\/www.szikorarendezoiroda.hu\/szikora\/wp-json\/wp\/v2\/comments?post=814"}],"version-history":[{"count":3,"href":"http:\/\/www.szikorarendezoiroda.hu\/szikora\/wp-json\/wp\/v2\/pages\/814\/revisions"}],"predecessor-version":[{"id":2925,"href":"http:\/\/www.szikorarendezoiroda.hu\/szikora\/wp-json\/wp\/v2\/pages\/814\/revisions\/2925"}],"up":[{"embeddable":true,"href":"http:\/\/www.szikorarendezoiroda.hu\/szikora\/wp-json\/wp\/v2\/pages\/22"}],"wp:featuredmedia":[{"embeddable":true,"href":"http:\/\/www.szikorarendezoiroda.hu\/szikora\/wp-json\/wp\/v2\/media\/3010"}],"wp:attachment":[{"href":"http:\/\/www.szikorarendezoiroda.hu\/szikora\/wp-json\/wp\/v2\/media?parent=814"}],"curies":[{"name":"wp","href":"https:\/\/api.w.org\/{rel}","templated":true}]}}