{"id":802,"date":"2015-06-01T08:21:56","date_gmt":"2015-06-01T08:21:56","guid":{"rendered":"http:\/\/www.szikorarendezoiroda.hu\/szikora\/?page_id=802"},"modified":"2018-08-04T04:12:10","modified_gmt":"2018-08-04T04:12:10","slug":"madarak-buli-zenekar","status":"publish","type":"page","link":"http:\/\/www.szikorarendezoiroda.hu\/szikora\/zenekarok\/madarak-buli-zenekar\/","title":{"rendered":"MADARAK \u2013 buli zenekar"},"content":{"rendered":"<p>&nbsp;<\/p>\n<p><span style=\"font-family: Georgia,Palatino; font-size: 12pt;\">B\u00e1lok, utcab\u00e1lok igazi \u00fct\u0151s zenekara. Sem \u0151k, sem a k\u00f6z\u00f6ns\u00e9g nem pihen-pihenhet, ha j\u00e1tszanak. \u00c1rak fell\u00e9p\u00e9st\u0151l f\u00fcgg\u0151en megbesz\u00e9l\u00e9s alapj\u00e1n.<\/span><\/p>\n<p><iframe loading=\"lazy\" width=\"800\" height=\"600\" src=\"https:\/\/www.youtube.com\/embed\/t-YyXcA4tMs?feature=oembed\" frameborder=\"0\" allowfullscreen><\/iframe><\/p>\n","protected":false},"excerpt":{"rendered":"<p>&nbsp; B\u00e1lok, utcab\u00e1lok igazi \u00fct\u0151s zenekara. Sem \u0151k, sem a k\u00f6z\u00f6ns\u00e9g nem pihen-pihenhet, ha j\u00e1tszanak. \u00c1rak fell\u00e9p\u00e9st\u0151l f\u00fcgg\u0151en megbesz\u00e9l\u00e9s alapj\u00e1n.<\/p>\n","protected":false},"author":1,"featured_media":803,"parent":22,"menu_order":0,"comment_status":"open","ping_status":"open","template":"","meta":{"footnotes":""},"aioseo_notices":[],"_links":{"self":[{"href":"http:\/\/www.szikorarendezoiroda.hu\/szikora\/wp-json\/wp\/v2\/pages\/802"}],"collection":[{"href":"http:\/\/www.szikorarendezoiroda.hu\/szikora\/wp-json\/wp\/v2\/pages"}],"about":[{"href":"http:\/\/www.szikorarendezoiroda.hu\/szikora\/wp-json\/wp\/v2\/types\/page"}],"author":[{"embeddable":true,"href":"http:\/\/www.szikorarendezoiroda.hu\/szikora\/wp-json\/wp\/v2\/users\/1"}],"replies":[{"embeddable":true,"href":"http:\/\/www.szikorarendezoiroda.hu\/szikora\/wp-json\/wp\/v2\/comments?post=802"}],"version-history":[{"count":3,"href":"http:\/\/www.szikorarendezoiroda.hu\/szikora\/wp-json\/wp\/v2\/pages\/802\/revisions"}],"predecessor-version":[{"id":2922,"href":"http:\/\/www.szikorarendezoiroda.hu\/szikora\/wp-json\/wp\/v2\/pages\/802\/revisions\/2922"}],"up":[{"embeddable":true,"href":"http:\/\/www.szikorarendezoiroda.hu\/szikora\/wp-json\/wp\/v2\/pages\/22"}],"wp:featuredmedia":[{"embeddable":true,"href":"http:\/\/www.szikorarendezoiroda.hu\/szikora\/wp-json\/wp\/v2\/media\/803"}],"wp:attachment":[{"href":"http:\/\/www.szikorarendezoiroda.hu\/szikora\/wp-json\/wp\/v2\/media?parent=802"}],"curies":[{"name":"wp","href":"https:\/\/api.w.org\/{rel}","templated":true}]}}