{"id":79,"date":"2015-05-25T09:52:44","date_gmt":"2015-05-25T09:52:44","guid":{"rendered":"http:\/\/www.szikorarendezoiroda.hu\/szikora\/?page_id=79"},"modified":"2018-04-20T07:48:22","modified_gmt":"2018-04-20T07:48:22","slug":"kapcsolat","status":"publish","type":"page","link":"http:\/\/www.szikorarendezoiroda.hu\/szikora\/kapcsolat\/","title":{"rendered":"Kapcsolat"},"content":{"rendered":"<p>Szikora Rendez\u0151iroda<\/p>\n<p>2049 Di\u00f3sd, K\u0151b\u00e1nyai \u00fat 10.<br \/>\nKAPCSOLAT: 06-23-370-417, 06-30-250-6858<br \/>\nE-mail: info@szikorarendezoiroda.hu<\/p>\n<p>&nbsp;<\/p>\n<h2><strong>M\u0171sor fesztiv\u00e1lra, rendezv\u00e9nyre vagy c\u00e9ges tal\u00e1lkoz\u00f3ra?<\/strong><br \/>\n<strong> Vegye fel vel\u00fcnk a kapcsolatot!<\/strong><\/h2>\n<p><a href=\"http:\/\/www.szikorarendezoiroda.hu\/szikora\/wp-content\/uploads\/2015\/05\/szikorarendezoiroda.hu_.18.04.jpg\"><img loading=\"lazy\" decoding=\"async\" class=\"alignright size-medium wp-image-2508\" src=\"http:\/\/www.szikorarendezoiroda.hu\/szikora\/wp-content\/uploads\/2015\/05\/szikorarendezoiroda.hu_.18.04-300x200.jpg\" alt=\"szikorarendezoiroda.hu.18.04\" width=\"300\" height=\"200\" srcset=\"http:\/\/www.szikorarendezoiroda.hu\/szikora\/wp-content\/uploads\/2015\/05\/szikorarendezoiroda.hu_.18.04-300x200.jpg 300w, http:\/\/www.szikorarendezoiroda.hu\/szikora\/wp-content\/uploads\/2015\/05\/szikorarendezoiroda.hu_.18.04.jpg 1024w, http:\/\/www.szikorarendezoiroda.hu\/szikora\/wp-content\/uploads\/2015\/05\/szikorarendezoiroda.hu_.18.04-400x267.jpg 400w\" sizes=\"(max-width: 300px) 100vw, 300px\" \/><\/a>\u00c1ltal\u00e1ban a rendezv\u00e9nyszervez\u0151k sz\u00e1m\u00e1ra a legnagyobb kih\u00edv\u00e1st az jelenti, hogy minden l\u00e1togat\u00f3nak a zenei \u00edzl\u00e9s\u00e9hez igazodni tudjanak, \u00edgy nem csoda, hogy egy magas sz\u00ednvonal\u00fa esem\u00e9ny megszervez\u00e9se ak\u00e1r t\u00f6bb h\u00f3napba is beletelhet. Ha \u00d6n is szeretne kiemelt figyelmet ford\u00edtani a programokra, vegye fel vel\u00fcnk a kapcsolatot, hogy az <strong>el\u0151ad\u00f3kat a rendezv\u00e9nyre <\/strong>biztos\u00edthassuk!<\/p>\n<p>Mi is tiszt\u00e1ban vagyunk azzal, hogy igaz\u00e1n f\u00e1radts\u00e1gos munk\u00e1val j\u00e1r a manaps\u00e1g k\u00f6zkedvelt <strong>el\u0151ad\u00f3kat a rendezv\u00e9nyekre<\/strong> leszervezni, \u00e1m <strong>m\u0171sorszervez\u0151 irod\u00e1nk<\/strong> k\u00f6zvetlen kapcsolatban \u00e1ll a m\u0171v\u00e9szek menedzsmentj\u00e9vel, \u00edgy z\u00f6kken\u0151mentesen fel tudjuk venni vel\u00fck a kapcsolatot. Ennek k\u00f6sz\u00f6nhet\u0151en minden ig\u00e9ny teljes\u00fclhet a rendezv\u00e9nyek, fesztiv\u00e1lok \u00e9s c\u00e9ges tal\u00e1lkoz\u00f3k kapcs\u00e1n is.<\/p>\n<p>Sp\u00f3roljon id\u0151t \u00e9s energi\u00e1t vel\u00fcnk, az <strong>el\u0151ad\u00f3k rendezv\u00e9nyekre<\/strong> t\u00f6rt\u00e9n\u0151 leszervez\u00e9s\u00e9t b\u00edzza r\u00e1nk, ehhez pedig vegye fel vel\u00fcnk a kapcsolatot el\u00e9rhet\u0151s\u00e9geink valamelyik\u00e9n!<\/p>\n","protected":false},"excerpt":{"rendered":"<p>Szikora Rendez\u0151iroda 2049 Di\u00f3sd, K\u0151b\u00e1nyai \u00fat 10. KAPCSOLAT: 06-23-370-417, 06-30-250-6858 E-mail: info@szikorarendezoiroda.hu &nbsp; M\u0171sor fesztiv\u00e1lra, rendezv\u00e9nyre vagy c\u00e9ges tal\u00e1lkoz\u00f3ra? Vegye fel vel\u00fcnk a kapcsolatot! \u00c1ltal\u00e1ban a rendezv\u00e9nyszervez\u0151k sz\u00e1m\u00e1ra a legnagyobb <a class=\"more-link\" href=\"http:\/\/www.szikorarendezoiroda.hu\/szikora\/kapcsolat\/\">A folytat&aacute;s olvas&aacute;sa &rarr;<\/a><\/p>\n","protected":false},"author":1,"featured_media":0,"parent":0,"menu_order":0,"comment_status":"open","ping_status":"open","template":"","meta":{"footnotes":""},"aioseo_notices":[],"_links":{"self":[{"href":"http:\/\/www.szikorarendezoiroda.hu\/szikora\/wp-json\/wp\/v2\/pages\/79"}],"collection":[{"href":"http:\/\/www.szikorarendezoiroda.hu\/szikora\/wp-json\/wp\/v2\/pages"}],"about":[{"href":"http:\/\/www.szikorarendezoiroda.hu\/szikora\/wp-json\/wp\/v2\/types\/page"}],"author":[{"embeddable":true,"href":"http:\/\/www.szikorarendezoiroda.hu\/szikora\/wp-json\/wp\/v2\/users\/1"}],"replies":[{"embeddable":true,"href":"http:\/\/www.szikorarendezoiroda.hu\/szikora\/wp-json\/wp\/v2\/comments?post=79"}],"version-history":[{"count":5,"href":"http:\/\/www.szikorarendezoiroda.hu\/szikora\/wp-json\/wp\/v2\/pages\/79\/revisions"}],"predecessor-version":[{"id":2512,"href":"http:\/\/www.szikorarendezoiroda.hu\/szikora\/wp-json\/wp\/v2\/pages\/79\/revisions\/2512"}],"wp:attachment":[{"href":"http:\/\/www.szikorarendezoiroda.hu\/szikora\/wp-json\/wp\/v2\/media?parent=79"}],"curies":[{"name":"wp","href":"https:\/\/api.w.org\/{rel}","templated":true}]}}