{"id":765,"date":"2015-06-01T08:04:48","date_gmt":"2015-06-01T08:04:48","guid":{"rendered":"http:\/\/www.szikorarendezoiroda.hu\/szikora\/?page_id=765"},"modified":"2018-08-04T04:06:25","modified_gmt":"2018-08-04T04:06:25","slug":"hot-jazz-band","status":"publish","type":"page","link":"http:\/\/www.szikorarendezoiroda.hu\/szikora\/zenekarok\/hot-jazz-band\/","title":{"rendered":"HOT JAZZ BAND"},"content":{"rendered":"<p>&nbsp;<\/p>\n<p><span style=\"font-family: Georgia,Palatino; font-size: 12pt;\">1985-ben alakult a zenekar, a 20-as, 30-as, 40-es \u00e9vek zen\u00e9j\u00e9nek hiteles tolm\u00e1csol\u00f3ja, a magyar filmsl\u00e1gerek \u00e9s az amerikai sz\u00f3rakoztat\u00f3 zene eredeth\u0171 megsz\u00f3laltat\u00f3ja.<\/span><\/p>\n<p><iframe loading=\"lazy\" width=\"800\" height=\"600\" src=\"https:\/\/www.youtube.com\/embed\/videoseries?list=PL1E8D0F368C32D38C\" frameborder=\"0\" allowfullscreen><\/iframe><\/p>\n<p>&nbsp;<\/p>\n","protected":false},"excerpt":{"rendered":"<p>&nbsp; 1985-ben alakult a zenekar, a 20-as, 30-as, 40-es \u00e9vek zen\u00e9j\u00e9nek hiteles tolm\u00e1csol\u00f3ja, a magyar filmsl\u00e1gerek \u00e9s az amerikai sz\u00f3rakoztat\u00f3 zene eredeth\u0171 megsz\u00f3laltat\u00f3ja. &nbsp;<\/p>\n","protected":false},"author":1,"featured_media":766,"parent":22,"menu_order":0,"comment_status":"open","ping_status":"open","template":"","meta":{"footnotes":""},"aioseo_notices":[],"_links":{"self":[{"href":"http:\/\/www.szikorarendezoiroda.hu\/szikora\/wp-json\/wp\/v2\/pages\/765"}],"collection":[{"href":"http:\/\/www.szikorarendezoiroda.hu\/szikora\/wp-json\/wp\/v2\/pages"}],"about":[{"href":"http:\/\/www.szikorarendezoiroda.hu\/szikora\/wp-json\/wp\/v2\/types\/page"}],"author":[{"embeddable":true,"href":"http:\/\/www.szikorarendezoiroda.hu\/szikora\/wp-json\/wp\/v2\/users\/1"}],"replies":[{"embeddable":true,"href":"http:\/\/www.szikorarendezoiroda.hu\/szikora\/wp-json\/wp\/v2\/comments?post=765"}],"version-history":[{"count":4,"href":"http:\/\/www.szikorarendezoiroda.hu\/szikora\/wp-json\/wp\/v2\/pages\/765\/revisions"}],"predecessor-version":[{"id":2907,"href":"http:\/\/www.szikorarendezoiroda.hu\/szikora\/wp-json\/wp\/v2\/pages\/765\/revisions\/2907"}],"up":[{"embeddable":true,"href":"http:\/\/www.szikorarendezoiroda.hu\/szikora\/wp-json\/wp\/v2\/pages\/22"}],"wp:featuredmedia":[{"embeddable":true,"href":"http:\/\/www.szikorarendezoiroda.hu\/szikora\/wp-json\/wp\/v2\/media\/766"}],"wp:attachment":[{"href":"http:\/\/www.szikorarendezoiroda.hu\/szikora\/wp-json\/wp\/v2\/media?parent=765"}],"curies":[{"name":"wp","href":"https:\/\/api.w.org\/{rel}","templated":true}]}}