{"id":756,"date":"2015-06-01T08:01:14","date_gmt":"2015-06-01T08:01:14","guid":{"rendered":"http:\/\/www.szikorarendezoiroda.hu\/szikora\/?page_id=756"},"modified":"2018-08-04T04:04:53","modified_gmt":"2018-08-04T04:04:53","slug":"fourtissimo-zenekar","status":"publish","type":"page","link":"http:\/\/www.szikorarendezoiroda.hu\/szikora\/zenekarok\/fourtissimo-zenekar\/","title":{"rendered":"FOURTISSIMO ZENEKAR"},"content":{"rendered":"<p>&nbsp;<\/p>\n<p><span style=\"font-family: Georgia,Palatino; font-size: 12pt;\">Prima Primissima-d\u00edjas csal\u00e1di, r\u00e9zf\u00fav\u00f3s egy\u00fcttes. Nagyon k\u00fcl\u00f6nlegesek, kult\u00far\u00e1t \u00e9s \u00e9rt\u00e9ket k\u00e9pviselnek. Kar\u00e1csonyi koncert is k\u00e9rhet\u0151.<\/span><\/p>\n<p><iframe loading=\"lazy\" width=\"800\" height=\"600\" src=\"https:\/\/www.youtube.com\/embed\/PiGY7i62ghA?feature=oembed\" frameborder=\"0\" allowfullscreen><\/iframe><\/p>\n<p>&nbsp;<\/p>\n","protected":false},"excerpt":{"rendered":"<p>&nbsp; Prima Primissima-d\u00edjas csal\u00e1di, r\u00e9zf\u00fav\u00f3s egy\u00fcttes. Nagyon k\u00fcl\u00f6nlegesek, kult\u00far\u00e1t \u00e9s \u00e9rt\u00e9ket k\u00e9pviselnek. Kar\u00e1csonyi koncert is k\u00e9rhet\u0151. &nbsp;<\/p>\n","protected":false},"author":1,"featured_media":757,"parent":22,"menu_order":0,"comment_status":"open","ping_status":"open","template":"","meta":{"footnotes":""},"aioseo_notices":[],"_links":{"self":[{"href":"http:\/\/www.szikorarendezoiroda.hu\/szikora\/wp-json\/wp\/v2\/pages\/756"}],"collection":[{"href":"http:\/\/www.szikorarendezoiroda.hu\/szikora\/wp-json\/wp\/v2\/pages"}],"about":[{"href":"http:\/\/www.szikorarendezoiroda.hu\/szikora\/wp-json\/wp\/v2\/types\/page"}],"author":[{"embeddable":true,"href":"http:\/\/www.szikorarendezoiroda.hu\/szikora\/wp-json\/wp\/v2\/users\/1"}],"replies":[{"embeddable":true,"href":"http:\/\/www.szikorarendezoiroda.hu\/szikora\/wp-json\/wp\/v2\/comments?post=756"}],"version-history":[{"count":4,"href":"http:\/\/www.szikorarendezoiroda.hu\/szikora\/wp-json\/wp\/v2\/pages\/756\/revisions"}],"predecessor-version":[{"id":2903,"href":"http:\/\/www.szikorarendezoiroda.hu\/szikora\/wp-json\/wp\/v2\/pages\/756\/revisions\/2903"}],"up":[{"embeddable":true,"href":"http:\/\/www.szikorarendezoiroda.hu\/szikora\/wp-json\/wp\/v2\/pages\/22"}],"wp:featuredmedia":[{"embeddable":true,"href":"http:\/\/www.szikorarendezoiroda.hu\/szikora\/wp-json\/wp\/v2\/media\/757"}],"wp:attachment":[{"href":"http:\/\/www.szikorarendezoiroda.hu\/szikora\/wp-json\/wp\/v2\/media?parent=756"}],"curies":[{"name":"wp","href":"https:\/\/api.w.org\/{rel}","templated":true}]}}