{"id":747,"date":"2015-06-01T07:57:49","date_gmt":"2015-06-01T07:57:49","guid":{"rendered":"http:\/\/www.szikorarendezoiroda.hu\/szikora\/?page_id=747"},"modified":"2018-08-04T04:00:42","modified_gmt":"2018-08-04T04:00:42","slug":"fenyo-miklos","status":"publish","type":"page","link":"http:\/\/www.szikorarendezoiroda.hu\/szikora\/tancdal-retro-pop\/fenyo-miklos\/","title":{"rendered":"FENY\u0150 MIKL\u00d3S"},"content":{"rendered":"<p>&nbsp;<\/p>\n<p><span style=\"font-family: Georgia,Palatino; font-size: 12pt;\">Neve egybeforrt az \u0151s amerikai rock and roll legautentikusabb magyarorsz\u00e1gi megsz\u00f3laltat\u00f3j\u00e1val. Nem csak zenekar\u00e1val a Hung\u00e1ri\u00e1val, hanem felfedezettjeivel is -l\u00e1sd pl.Szandi- k\u00f6vetkezetesen k\u00f6veti ezt a st\u00edlust mind a mai napig. Hat t\u00e1ncosa korabeli ruh\u00e1kban, sminkekkel, frizur\u00e1val \u00e9s az elmaradhatatlan napszem\u00fcveggel t\u00e1ncolnak m\u00f6g\u00f6tte.<\/span><\/p>\n<p><iframe loading=\"lazy\" width=\"800\" height=\"600\" src=\"https:\/\/www.youtube.com\/embed\/Uboh3V8inGo?feature=oembed\" frameborder=\"0\" allowfullscreen><\/iframe><\/p>\n","protected":false},"excerpt":{"rendered":"<p>&nbsp; Neve egybeforrt az \u0151s amerikai rock and roll legautentikusabb magyarorsz\u00e1gi megsz\u00f3laltat\u00f3j\u00e1val. Nem csak zenekar\u00e1val a Hung\u00e1ri\u00e1val, hanem felfedezettjeivel is -l\u00e1sd pl.Szandi- k\u00f6vetkezetesen k\u00f6veti ezt a st\u00edlust mind a mai <a class=\"more-link\" href=\"http:\/\/www.szikorarendezoiroda.hu\/szikora\/tancdal-retro-pop\/fenyo-miklos\/\">A folytat&aacute;s olvas&aacute;sa &rarr;<\/a><\/p>\n","protected":false},"author":1,"featured_media":2897,"parent":20,"menu_order":0,"comment_status":"open","ping_status":"open","template":"","meta":{"footnotes":""},"aioseo_notices":[],"_links":{"self":[{"href":"http:\/\/www.szikorarendezoiroda.hu\/szikora\/wp-json\/wp\/v2\/pages\/747"}],"collection":[{"href":"http:\/\/www.szikorarendezoiroda.hu\/szikora\/wp-json\/wp\/v2\/pages"}],"about":[{"href":"http:\/\/www.szikorarendezoiroda.hu\/szikora\/wp-json\/wp\/v2\/types\/page"}],"author":[{"embeddable":true,"href":"http:\/\/www.szikorarendezoiroda.hu\/szikora\/wp-json\/wp\/v2\/users\/1"}],"replies":[{"embeddable":true,"href":"http:\/\/www.szikorarendezoiroda.hu\/szikora\/wp-json\/wp\/v2\/comments?post=747"}],"version-history":[{"count":3,"href":"http:\/\/www.szikorarendezoiroda.hu\/szikora\/wp-json\/wp\/v2\/pages\/747\/revisions"}],"predecessor-version":[{"id":2761,"href":"http:\/\/www.szikorarendezoiroda.hu\/szikora\/wp-json\/wp\/v2\/pages\/747\/revisions\/2761"}],"up":[{"embeddable":true,"href":"http:\/\/www.szikorarendezoiroda.hu\/szikora\/wp-json\/wp\/v2\/pages\/20"}],"wp:featuredmedia":[{"embeddable":true,"href":"http:\/\/www.szikorarendezoiroda.hu\/szikora\/wp-json\/wp\/v2\/media\/2897"}],"wp:attachment":[{"href":"http:\/\/www.szikorarendezoiroda.hu\/szikora\/wp-json\/wp\/v2\/media?parent=747"}],"curies":[{"name":"wp","href":"https:\/\/api.w.org\/{rel}","templated":true}]}}