{"id":735,"date":"2015-06-01T07:53:53","date_gmt":"2015-06-01T07:53:53","guid":{"rendered":"http:\/\/www.szikorarendezoiroda.hu\/szikora\/?page_id=735"},"modified":"2018-08-04T03:58:48","modified_gmt":"2018-08-04T03:58:48","slug":"demjen-ferenc","status":"publish","type":"page","link":"http:\/\/www.szikorarendezoiroda.hu\/szikora\/zenekarok\/demjen-ferenc\/","title":{"rendered":"DEMJ\u00c9N FERENC"},"content":{"rendered":"<p>&nbsp;<\/p>\n<p><span style=\"font-family: Georgia,Palatino; font-size: 12pt;\">Sl\u00e1gerei sz\u00e1m\u00e1t rem\u00e9nytelen felsorolni, mint ahogy d\u00edjait is. &#8222;Lelk\u00fcnk most is v\u00e1gtat&#8221; c\u00edmen megjelent albuma is bizony\u00edtja, hogy ugyanolyan elk\u00f6telezett zen\u00e9sz &#8211; \u00e9nekes, mint p\u00e1ly\u00e1ja kezdet\u00e9n. 100 perces koncertjeit a k\u00f6z\u00f6ns\u00e9g lelkesed\u00e9se mai napig v\u00e9gigk\u00eds\u00e9ri.<\/span><\/p>\n<p><iframe loading=\"lazy\" width=\"800\" height=\"600\" src=\"https:\/\/www.youtube.com\/embed\/WSoUZyFH98I?feature=oembed\" frameborder=\"0\" allowfullscreen><\/iframe><\/p>\n","protected":false},"excerpt":{"rendered":"<p>&nbsp; Sl\u00e1gerei sz\u00e1m\u00e1t rem\u00e9nytelen felsorolni, mint ahogy d\u00edjait is. &#8222;Lelk\u00fcnk most is v\u00e1gtat&#8221; c\u00edmen megjelent albuma is bizony\u00edtja, hogy ugyanolyan elk\u00f6telezett zen\u00e9sz &#8211; \u00e9nekes, mint p\u00e1ly\u00e1ja kezdet\u00e9n. 100 perces koncertjeit <a class=\"more-link\" href=\"http:\/\/www.szikorarendezoiroda.hu\/szikora\/zenekarok\/demjen-ferenc\/\">A folytat&aacute;s olvas&aacute;sa &rarr;<\/a><\/p>\n","protected":false},"author":1,"featured_media":736,"parent":22,"menu_order":0,"comment_status":"open","ping_status":"open","template":"","meta":{"footnotes":""},"aioseo_notices":[],"_links":{"self":[{"href":"http:\/\/www.szikorarendezoiroda.hu\/szikora\/wp-json\/wp\/v2\/pages\/735"}],"collection":[{"href":"http:\/\/www.szikorarendezoiroda.hu\/szikora\/wp-json\/wp\/v2\/pages"}],"about":[{"href":"http:\/\/www.szikorarendezoiroda.hu\/szikora\/wp-json\/wp\/v2\/types\/page"}],"author":[{"embeddable":true,"href":"http:\/\/www.szikorarendezoiroda.hu\/szikora\/wp-json\/wp\/v2\/users\/1"}],"replies":[{"embeddable":true,"href":"http:\/\/www.szikorarendezoiroda.hu\/szikora\/wp-json\/wp\/v2\/comments?post=735"}],"version-history":[{"count":4,"href":"http:\/\/www.szikorarendezoiroda.hu\/szikora\/wp-json\/wp\/v2\/pages\/735\/revisions"}],"predecessor-version":[{"id":2895,"href":"http:\/\/www.szikorarendezoiroda.hu\/szikora\/wp-json\/wp\/v2\/pages\/735\/revisions\/2895"}],"up":[{"embeddable":true,"href":"http:\/\/www.szikorarendezoiroda.hu\/szikora\/wp-json\/wp\/v2\/pages\/22"}],"wp:featuredmedia":[{"embeddable":true,"href":"http:\/\/www.szikorarendezoiroda.hu\/szikora\/wp-json\/wp\/v2\/media\/736"}],"wp:attachment":[{"href":"http:\/\/www.szikorarendezoiroda.hu\/szikora\/wp-json\/wp\/v2\/media?parent=735"}],"curies":[{"name":"wp","href":"https:\/\/api.w.org\/{rel}","templated":true}]}}