{"id":723,"date":"2015-06-01T07:49:40","date_gmt":"2015-06-01T07:49:40","guid":{"rendered":"http:\/\/www.szikorarendezoiroda.hu\/szikora\/?page_id=723"},"modified":"2018-08-04T03:53:26","modified_gmt":"2018-08-04T03:53:26","slug":"charlie-elo-koncert","status":"publish","type":"page","link":"http:\/\/www.szikorarendezoiroda.hu\/szikora\/zenekarok\/charlie-elo-koncert\/","title":{"rendered":"CHARLIE \u00c9L\u0150 KONCERT"},"content":{"rendered":"<p>&nbsp;<\/p>\n<p><span style=\"font-family: Georgia,Palatino; font-size: 12pt;\">A szinte m\u00e1r legend\u00e1s \u00e9nekes \u00e9l\u0151 koncertje osztatlan siker, b\u00e1rhol is l\u00e9pjenek fel. El\u0151ad\u00e1sukat ugyan\u00fagy tombolja v\u00e9gig a koncerttermek k\u00f6z\u00f6ns\u00e9ge, mint a k\u00fcl\u00f6nb\u00f6z\u0151 fesztiv\u00e1lok korban \u00e9s st\u00edlusban is nagy sz\u00f3rts\u00e1g\u00fa hallgat\u00f3s\u00e1ga.<\/span><\/p>\n<p><iframe loading=\"lazy\" width=\"800\" height=\"600\" src=\"https:\/\/www.youtube.com\/embed\/M2c0dvUjDMQ?feature=oembed\" frameborder=\"0\" allowfullscreen><\/iframe><\/p>\n","protected":false},"excerpt":{"rendered":"<p>&nbsp; A szinte m\u00e1r legend\u00e1s \u00e9nekes \u00e9l\u0151 koncertje osztatlan siker, b\u00e1rhol is l\u00e9pjenek fel. El\u0151ad\u00e1sukat ugyan\u00fagy tombolja v\u00e9gig a koncerttermek k\u00f6z\u00f6ns\u00e9ge, mint a k\u00fcl\u00f6nb\u00f6z\u0151 fesztiv\u00e1lok korban \u00e9s st\u00edlusban is nagy <a class=\"more-link\" href=\"http:\/\/www.szikorarendezoiroda.hu\/szikora\/zenekarok\/charlie-elo-koncert\/\">A folytat&aacute;s olvas&aacute;sa &rarr;<\/a><\/p>\n","protected":false},"author":1,"featured_media":724,"parent":22,"menu_order":0,"comment_status":"open","ping_status":"open","template":"","meta":{"footnotes":""},"aioseo_notices":[],"_links":{"self":[{"href":"http:\/\/www.szikorarendezoiroda.hu\/szikora\/wp-json\/wp\/v2\/pages\/723"}],"collection":[{"href":"http:\/\/www.szikorarendezoiroda.hu\/szikora\/wp-json\/wp\/v2\/pages"}],"about":[{"href":"http:\/\/www.szikorarendezoiroda.hu\/szikora\/wp-json\/wp\/v2\/types\/page"}],"author":[{"embeddable":true,"href":"http:\/\/www.szikorarendezoiroda.hu\/szikora\/wp-json\/wp\/v2\/users\/1"}],"replies":[{"embeddable":true,"href":"http:\/\/www.szikorarendezoiroda.hu\/szikora\/wp-json\/wp\/v2\/comments?post=723"}],"version-history":[{"count":3,"href":"http:\/\/www.szikorarendezoiroda.hu\/szikora\/wp-json\/wp\/v2\/pages\/723\/revisions"}],"predecessor-version":[{"id":2884,"href":"http:\/\/www.szikorarendezoiroda.hu\/szikora\/wp-json\/wp\/v2\/pages\/723\/revisions\/2884"}],"up":[{"embeddable":true,"href":"http:\/\/www.szikorarendezoiroda.hu\/szikora\/wp-json\/wp\/v2\/pages\/22"}],"wp:featuredmedia":[{"embeddable":true,"href":"http:\/\/www.szikorarendezoiroda.hu\/szikora\/wp-json\/wp\/v2\/media\/724"}],"wp:attachment":[{"href":"http:\/\/www.szikorarendezoiroda.hu\/szikora\/wp-json\/wp\/v2\/media?parent=723"}],"curies":[{"name":"wp","href":"https:\/\/api.w.org\/{rel}","templated":true}]}}