{"id":717,"date":"2015-06-01T07:47:16","date_gmt":"2015-06-01T07:47:16","guid":{"rendered":"http:\/\/www.szikorarendezoiroda.hu\/szikora\/?page_id=717"},"modified":"2018-08-04T03:52:45","modified_gmt":"2018-08-04T03:52:45","slug":"budapest-ragtime-band","status":"publish","type":"page","link":"http:\/\/www.szikorarendezoiroda.hu\/szikora\/zenekarok\/budapest-ragtime-band\/","title":{"rendered":"BUDAPEST RAGTIME BAND"},"content":{"rendered":"<p>&nbsp;<\/p>\n<p><span style=\"font-family: Arial,Helvetica,sans-serif; font-size: 12pt;\">A zenekar f\u0151 produkci\u00f3ja a tradicion\u00e1lis jazz \u00e9s ragtime-ok \u00e1ltal keretbe z\u00e1rt\u00a0 sz\u00ednes, v\u00e1ltozatos sz\u00f3rakoztat\u00f3 program.\u00a0 <\/span><\/p>\n<p><span style=\"font-family: Arial,Helvetica,sans-serif; font-size: 12pt;\">A fent eml\u00edtettek mellett a reperto\u00e1r tartalmaz virtu\u00f3z hangszersz\u00f3l\u00f3kat, klasszikus zenei \u00e1tiratokat, k\u00f6zismert \u00e9s kedvelt dallamokat, n\u00e9pszer\u0171 oper\u00e1k szinte mindenki \u00e1ltal ismert r\u00e9szleteinek humoros \u00e1tdolgoz\u00e1sait, valamint jazz \u00e9s dixieland sl\u00e1gereket.\u00a0 \u00a0\u00a0\u00a0\u00a0\u00a0\u00a0\u00a0\u00a0\u00a0\u00a0\u00a0\u00a0\u00a0<\/span><\/p>\n<p><span style=\"font-family: Arial,Helvetica,sans-serif; font-size: 12pt;\">Az elm\u00falt id\u0151szakban n\u00e9pzenei \u00e9s vil\u00e1gzenei hangszerel\u00e9seket is j\u00e1tszanak, ezzel is sz\u00ednes\u00edtve\u00a0 a programot.<\/span><\/p>\n<p><span style=\"font-family: Arial,Helvetica,sans-serif; font-size: 12pt;\">Gyermekm\u0171soruk \u00e9s ifj\u00fas\u00e1gi ismeretterjeszt\u0151 \u00a0zen\u00e9j\u00fckkel a fiatalabb koroszt\u00e1lyt is igyekeznek megsz\u00f3l\u00edtani \u00e9s ezzel az ig\u00e9nyes zene ir\u00e1nti \u00e9rdekl\u0151d\u00e9s\u00fcket felkelteni.\u00a0<\/span><\/p>\n<p><span style=\"font-family: Arial,Helvetica,sans-serif; font-size: 12pt;\">A zenekart magas sz\u00ednvonal\u00fa hangszertud\u00e1sa , \u00f6nfeledt el\u0151ad\u00e1sm\u00f3dja \u00e9s sz\u00ednpadi show-val\u00a0 f\u0171szerezett koncertprogramja emelte Eur\u00f3pa \u00e9s a vil\u00e1g ismert \u00e9s elismert egy\u00fcttesei k\u00f6z\u00e9.\u00a0 A Budapest Ragtime Band m\u0171sora megrendelhet\u0151 az <a href=\"mailto:info@szikorarendezoiroda.hu\">info@szikorarendezoiroda.hu<\/a> email c\u00edmen vagy a\u00a0 06.30.250.68.58 \u2013 as telefonsz\u00e1mon<\/span><\/p>\n<p><span style=\"font-family: Georgia,Palatino; font-size: 12pt;\">\u00a0<\/span><\/p>\n<p><iframe loading=\"lazy\" width=\"800\" height=\"600\" src=\"https:\/\/www.youtube.com\/embed\/wqbUXynOyEc?feature=oembed\" frameborder=\"0\" allowfullscreen><\/iframe><\/p>\n<div style=\"clear: both; display: block; text-align:center; margin-left: auto; margin-right: auto;\"><img loading=\"lazy\" decoding=\"async\" src=\"http:\/\/www.szikorarendezoiroda.hu\/szikora\/wp-content\/plugins\/contact-form-lite\/inc\/images\/ajax-loader.gif\" width=\"32\" height=\"32\"\/><\/div>\n","protected":false},"excerpt":{"rendered":"<p>&nbsp; A zenekar f\u0151 produkci\u00f3ja a tradicion\u00e1lis jazz \u00e9s ragtime-ok \u00e1ltal keretbe z\u00e1rt\u00a0 sz\u00ednes, v\u00e1ltozatos sz\u00f3rakoztat\u00f3 program.\u00a0 A fent eml\u00edtettek mellett a reperto\u00e1r tartalmaz virtu\u00f3z hangszersz\u00f3l\u00f3kat, klasszikus zenei \u00e1tiratokat, k\u00f6zismert <a class=\"more-link\" href=\"http:\/\/www.szikorarendezoiroda.hu\/szikora\/zenekarok\/budapest-ragtime-band\/\">A folytat&aacute;s olvas&aacute;sa &rarr;<\/a><\/p>\n","protected":false},"author":1,"featured_media":718,"parent":22,"menu_order":0,"comment_status":"open","ping_status":"open","template":"","meta":{"footnotes":""},"aioseo_notices":[],"_links":{"self":[{"href":"http:\/\/www.szikorarendezoiroda.hu\/szikora\/wp-json\/wp\/v2\/pages\/717"}],"collection":[{"href":"http:\/\/www.szikorarendezoiroda.hu\/szikora\/wp-json\/wp\/v2\/pages"}],"about":[{"href":"http:\/\/www.szikorarendezoiroda.hu\/szikora\/wp-json\/wp\/v2\/types\/page"}],"author":[{"embeddable":true,"href":"http:\/\/www.szikorarendezoiroda.hu\/szikora\/wp-json\/wp\/v2\/users\/1"}],"replies":[{"embeddable":true,"href":"http:\/\/www.szikorarendezoiroda.hu\/szikora\/wp-json\/wp\/v2\/comments?post=717"}],"version-history":[{"count":5,"href":"http:\/\/www.szikorarendezoiroda.hu\/szikora\/wp-json\/wp\/v2\/pages\/717\/revisions"}],"predecessor-version":[{"id":2882,"href":"http:\/\/www.szikorarendezoiroda.hu\/szikora\/wp-json\/wp\/v2\/pages\/717\/revisions\/2882"}],"up":[{"embeddable":true,"href":"http:\/\/www.szikorarendezoiroda.hu\/szikora\/wp-json\/wp\/v2\/pages\/22"}],"wp:featuredmedia":[{"embeddable":true,"href":"http:\/\/www.szikorarendezoiroda.hu\/szikora\/wp-json\/wp\/v2\/media\/718"}],"wp:attachment":[{"href":"http:\/\/www.szikorarendezoiroda.hu\/szikora\/wp-json\/wp\/v2\/media?parent=717"}],"curies":[{"name":"wp","href":"https:\/\/api.w.org\/{rel}","templated":true}]}}