{"id":714,"date":"2015-06-01T07:45:58","date_gmt":"2015-06-01T07:45:58","guid":{"rendered":"http:\/\/www.szikorarendezoiroda.hu\/szikora\/?page_id=714"},"modified":"2018-08-04T03:52:36","modified_gmt":"2018-08-04T03:52:36","slug":"budapest-klezmer-band","status":"publish","type":"page","link":"http:\/\/www.szikorarendezoiroda.hu\/szikora\/zenekarok\/budapest-klezmer-band\/","title":{"rendered":"BUDAPEST KLEZMER BAND"},"content":{"rendered":"<p>&nbsp;<\/p>\n<p><span style=\"font-family: Georgia,Palatino; font-size: 12pt;\">A trad\u00edcion\u00e1lis zsid\u00f3 zen\u00e9t j\u00e1tsz\u00f3 zenekar Amerik\u00e1ban \u00e9s Eur\u00f3pa sz\u00e1mos orsz\u00e1g\u00e1ban elismert \u00e9s nagyon kedvelt. Alap\u00edt\u00f3ja J\u00e1vori Ferenc &#8222;Fegya&#8221;. Az \u0151 nev\u00e9hez f\u0171z\u0151dik a vil\u00e1g els\u0151 \u00e9s eddig egyetlen klezmer musicalje, a Menyasszonyt\u00e1nc, mely az Operettsz\u00ednh\u00e1z m\u00e1ig zs\u00fafolt h\u00e1zas el\u0151ad\u00e1sa.<\/span><\/p>\n<p><iframe loading=\"lazy\" width=\"800\" height=\"450\" src=\"https:\/\/www.youtube.com\/embed\/0VdoHnidz70?feature=oembed\" frameborder=\"0\" allowfullscreen><\/iframe><\/p>\n","protected":false},"excerpt":{"rendered":"<p>&nbsp; A trad\u00edcion\u00e1lis zsid\u00f3 zen\u00e9t j\u00e1tsz\u00f3 zenekar Amerik\u00e1ban \u00e9s Eur\u00f3pa sz\u00e1mos orsz\u00e1g\u00e1ban elismert \u00e9s nagyon kedvelt. Alap\u00edt\u00f3ja J\u00e1vori Ferenc &#8222;Fegya&#8221;. Az \u0151 nev\u00e9hez f\u0171z\u0151dik a vil\u00e1g els\u0151 \u00e9s eddig egyetlen <a class=\"more-link\" href=\"http:\/\/www.szikorarendezoiroda.hu\/szikora\/zenekarok\/budapest-klezmer-band\/\">A folytat&aacute;s olvas&aacute;sa &rarr;<\/a><\/p>\n","protected":false},"author":1,"featured_media":715,"parent":22,"menu_order":0,"comment_status":"open","ping_status":"open","template":"","meta":{"footnotes":""},"aioseo_notices":[],"_links":{"self":[{"href":"http:\/\/www.szikorarendezoiroda.hu\/szikora\/wp-json\/wp\/v2\/pages\/714"}],"collection":[{"href":"http:\/\/www.szikorarendezoiroda.hu\/szikora\/wp-json\/wp\/v2\/pages"}],"about":[{"href":"http:\/\/www.szikorarendezoiroda.hu\/szikora\/wp-json\/wp\/v2\/types\/page"}],"author":[{"embeddable":true,"href":"http:\/\/www.szikorarendezoiroda.hu\/szikora\/wp-json\/wp\/v2\/users\/1"}],"replies":[{"embeddable":true,"href":"http:\/\/www.szikorarendezoiroda.hu\/szikora\/wp-json\/wp\/v2\/comments?post=714"}],"version-history":[{"count":4,"href":"http:\/\/www.szikorarendezoiroda.hu\/szikora\/wp-json\/wp\/v2\/pages\/714\/revisions"}],"predecessor-version":[{"id":2881,"href":"http:\/\/www.szikorarendezoiroda.hu\/szikora\/wp-json\/wp\/v2\/pages\/714\/revisions\/2881"}],"up":[{"embeddable":true,"href":"http:\/\/www.szikorarendezoiroda.hu\/szikora\/wp-json\/wp\/v2\/pages\/22"}],"wp:featuredmedia":[{"embeddable":true,"href":"http:\/\/www.szikorarendezoiroda.hu\/szikora\/wp-json\/wp\/v2\/media\/715"}],"wp:attachment":[{"href":"http:\/\/www.szikorarendezoiroda.hu\/szikora\/wp-json\/wp\/v2\/media?parent=714"}],"curies":[{"name":"wp","href":"https:\/\/api.w.org\/{rel}","templated":true}]}}