{"id":703,"date":"2015-06-01T07:38:36","date_gmt":"2015-06-01T07:38:36","guid":{"rendered":"http:\/\/www.szikorarendezoiroda.hu\/szikora\/?page_id=703"},"modified":"2018-08-04T03:51:38","modified_gmt":"2018-08-04T03:51:38","slug":"bon-bon","status":"publish","type":"page","link":"http:\/\/www.szikorarendezoiroda.hu\/szikora\/zenekarok\/bon-bon\/","title":{"rendered":"BON BON"},"content":{"rendered":"<p>&nbsp;<\/p>\n<p><span style=\"font-family: Georgia,Palatino; font-size: 12pt;\">A rendk\u00edv\u0171l sikeres du\u00f3, T\u00f6r\u00f6k Tam\u00e1s \u00e9s Szolnoki P\u00e9ter szinte minden dala sl\u00e1ger lett, olyan, amit a \u201ecip\u00e9szinasok is f\u00fcty\u00fclnek\u201d els\u0151 hall\u00e1sra. Ugyanezek a sl\u00e1gerek felturb\u00f3zva zenekari k\u00eds\u00e9rettel egyszer\u0171en frenetikusak. Kit\u0171n\u0151 v\u00e1laszt\u00e1s egy \u00e9l\u0151 Bonbon koncert.<\/span><\/p>\n<p><iframe loading=\"lazy\" width=\"800\" height=\"450\" src=\"https:\/\/www.youtube.com\/embed\/7w22nGsXo9Y?feature=oembed\" frameborder=\"0\" allow=\"autoplay; encrypted-media\" allowfullscreen><\/iframe><\/p>\n","protected":false},"excerpt":{"rendered":"<p>&nbsp; A rendk\u00edv\u0171l sikeres du\u00f3, T\u00f6r\u00f6k Tam\u00e1s \u00e9s Szolnoki P\u00e9ter szinte minden dala sl\u00e1ger lett, olyan, amit a \u201ecip\u00e9szinasok is f\u00fcty\u00fclnek\u201d els\u0151 hall\u00e1sra. Ugyanezek a sl\u00e1gerek felturb\u00f3zva zenekari k\u00eds\u00e9rettel egyszer\u0171en <a class=\"more-link\" href=\"http:\/\/www.szikorarendezoiroda.hu\/szikora\/zenekarok\/bon-bon\/\">A folytat&aacute;s olvas&aacute;sa &rarr;<\/a><\/p>\n","protected":false},"author":1,"featured_media":704,"parent":22,"menu_order":0,"comment_status":"open","ping_status":"open","template":"","meta":{"footnotes":""},"aioseo_notices":[],"_links":{"self":[{"href":"http:\/\/www.szikorarendezoiroda.hu\/szikora\/wp-json\/wp\/v2\/pages\/703"}],"collection":[{"href":"http:\/\/www.szikorarendezoiroda.hu\/szikora\/wp-json\/wp\/v2\/pages"}],"about":[{"href":"http:\/\/www.szikorarendezoiroda.hu\/szikora\/wp-json\/wp\/v2\/types\/page"}],"author":[{"embeddable":true,"href":"http:\/\/www.szikorarendezoiroda.hu\/szikora\/wp-json\/wp\/v2\/users\/1"}],"replies":[{"embeddable":true,"href":"http:\/\/www.szikorarendezoiroda.hu\/szikora\/wp-json\/wp\/v2\/comments?post=703"}],"version-history":[{"count":4,"href":"http:\/\/www.szikorarendezoiroda.hu\/szikora\/wp-json\/wp\/v2\/pages\/703\/revisions"}],"predecessor-version":[{"id":2878,"href":"http:\/\/www.szikorarendezoiroda.hu\/szikora\/wp-json\/wp\/v2\/pages\/703\/revisions\/2878"}],"up":[{"embeddable":true,"href":"http:\/\/www.szikorarendezoiroda.hu\/szikora\/wp-json\/wp\/v2\/pages\/22"}],"wp:featuredmedia":[{"embeddable":true,"href":"http:\/\/www.szikorarendezoiroda.hu\/szikora\/wp-json\/wp\/v2\/media\/704"}],"wp:attachment":[{"href":"http:\/\/www.szikorarendezoiroda.hu\/szikora\/wp-json\/wp\/v2\/media?parent=703"}],"curies":[{"name":"wp","href":"https:\/\/api.w.org\/{rel}","templated":true}]}}