{"id":686,"date":"2015-06-01T07:28:54","date_gmt":"2015-06-01T07:28:54","guid":{"rendered":"http:\/\/www.szikorarendezoiroda.hu\/szikora\/?page_id=686"},"modified":"2018-08-04T03:48:59","modified_gmt":"2018-08-04T03:48:59","slug":"beatrice","status":"publish","type":"page","link":"http:\/\/www.szikorarendezoiroda.hu\/szikora\/zenekarok\/beatrice\/","title":{"rendered":"BEATRICE"},"content":{"rendered":"<p>&nbsp;<\/p>\n<p><span style=\"font-family: Georgia,Palatino; font-size: 12pt;\">A zenekar \u00e1ltal meg\u00e9nekelt &#8222;8 \u00f3ra munka, 8 \u00f3ra pihen\u00e9s, 8 \u00f3ra sz\u00f3rakoz\u00e1s&#8221; a mai napig nem val\u00f3sult meg, de ez a m\u00e1ra m\u00e1r ikonikuss\u00e1 v\u00e1lt zenekar sz\u00e1m\u00e1ra nem hozott v\u00e1ltoz\u00e1st. Mai napig ugyanolyan t\u00f6retlen sikerrel koncerteznek, mint \u00e9vtizedekkel ezel\u0151tt.<\/span><\/p>\n<p><iframe loading=\"lazy\" width=\"800\" height=\"600\" src=\"https:\/\/www.youtube.com\/embed\/rvVAex4r0_8?feature=oembed\" frameborder=\"0\" allowfullscreen><\/iframe><\/p>\n","protected":false},"excerpt":{"rendered":"<p>&nbsp; A zenekar \u00e1ltal meg\u00e9nekelt &#8222;8 \u00f3ra munka, 8 \u00f3ra pihen\u00e9s, 8 \u00f3ra sz\u00f3rakoz\u00e1s&#8221; a mai napig nem val\u00f3sult meg, de ez a m\u00e1ra m\u00e1r ikonikuss\u00e1 v\u00e1lt zenekar sz\u00e1m\u00e1ra nem <a class=\"more-link\" href=\"http:\/\/www.szikorarendezoiroda.hu\/szikora\/zenekarok\/beatrice\/\">A folytat&aacute;s olvas&aacute;sa &rarr;<\/a><\/p>\n","protected":false},"author":1,"featured_media":687,"parent":22,"menu_order":0,"comment_status":"open","ping_status":"open","template":"","meta":{"footnotes":""},"aioseo_notices":[],"_links":{"self":[{"href":"http:\/\/www.szikorarendezoiroda.hu\/szikora\/wp-json\/wp\/v2\/pages\/686"}],"collection":[{"href":"http:\/\/www.szikorarendezoiroda.hu\/szikora\/wp-json\/wp\/v2\/pages"}],"about":[{"href":"http:\/\/www.szikorarendezoiroda.hu\/szikora\/wp-json\/wp\/v2\/types\/page"}],"author":[{"embeddable":true,"href":"http:\/\/www.szikorarendezoiroda.hu\/szikora\/wp-json\/wp\/v2\/users\/1"}],"replies":[{"embeddable":true,"href":"http:\/\/www.szikorarendezoiroda.hu\/szikora\/wp-json\/wp\/v2\/comments?post=686"}],"version-history":[{"count":3,"href":"http:\/\/www.szikorarendezoiroda.hu\/szikora\/wp-json\/wp\/v2\/pages\/686\/revisions"}],"predecessor-version":[{"id":2874,"href":"http:\/\/www.szikorarendezoiroda.hu\/szikora\/wp-json\/wp\/v2\/pages\/686\/revisions\/2874"}],"up":[{"embeddable":true,"href":"http:\/\/www.szikorarendezoiroda.hu\/szikora\/wp-json\/wp\/v2\/pages\/22"}],"wp:featuredmedia":[{"embeddable":true,"href":"http:\/\/www.szikorarendezoiroda.hu\/szikora\/wp-json\/wp\/v2\/media\/687"}],"wp:attachment":[{"href":"http:\/\/www.szikorarendezoiroda.hu\/szikora\/wp-json\/wp\/v2\/media?parent=686"}],"curies":[{"name":"wp","href":"https:\/\/api.w.org\/{rel}","templated":true}]}}