{"id":675,"date":"2015-06-01T07:22:06","date_gmt":"2015-06-01T07:22:06","guid":{"rendered":"http:\/\/www.szikorarendezoiroda.hu\/szikora\/?page_id=675"},"modified":"2018-08-04T03:48:15","modified_gmt":"2018-08-04T03:48:15","slug":"apostol","status":"publish","type":"page","link":"http:\/\/www.szikorarendezoiroda.hu\/szikora\/zenekarok\/apostol\/","title":{"rendered":"APOSTOL"},"content":{"rendered":"<p>&nbsp;<\/p>\n<p><span style=\"font-family: Georgia,Palatino; font-size: 12pt;\">1970 az Apostol Egy\u00fcttes t\u00f6rt\u00e9net\u00e9nek kezdete. T\u00f6bbsz\u00f6r\u00f6s tagcser\u00e9vel alakult ki a ma is igen sok fell\u00e9p\u00e9st teljes\u00edt\u0151 form\u00e1ci\u00f3. 1975 a \u201eberobban\u00e1s\u201d d\u00e1tuma. Ekkor \u00e9nekelte el Mez\u0151di J\u00f3zsef a \u201eNeh\u00e9z a boldogs\u00e1gt\u00f3l b\u00facs\u00fat venni\u201d c. dalt. Apostol\u00e9k ma is az ig\u00e9nyes k\u00f6nny\u0171zene apostolai.<\/span><\/p>\n<p><iframe loading=\"lazy\" width=\"800\" height=\"600\" src=\"https:\/\/www.youtube.com\/embed\/SJeE_H-D9Bw?feature=oembed\" frameborder=\"0\" allowfullscreen><\/iframe><\/p>\n","protected":false},"excerpt":{"rendered":"<p>&nbsp; 1970 az Apostol Egy\u00fcttes t\u00f6rt\u00e9net\u00e9nek kezdete. T\u00f6bbsz\u00f6r\u00f6s tagcser\u00e9vel alakult ki a ma is igen sok fell\u00e9p\u00e9st teljes\u00edt\u0151 form\u00e1ci\u00f3. 1975 a \u201eberobban\u00e1s\u201d d\u00e1tuma. Ekkor \u00e9nekelte el Mez\u0151di J\u00f3zsef a \u201eNeh\u00e9z <a class=\"more-link\" href=\"http:\/\/www.szikorarendezoiroda.hu\/szikora\/zenekarok\/apostol\/\">A folytat&aacute;s olvas&aacute;sa &rarr;<\/a><\/p>\n","protected":false},"author":1,"featured_media":681,"parent":22,"menu_order":0,"comment_status":"open","ping_status":"open","template":"","meta":{"footnotes":""},"aioseo_notices":[],"_links":{"self":[{"href":"http:\/\/www.szikorarendezoiroda.hu\/szikora\/wp-json\/wp\/v2\/pages\/675"}],"collection":[{"href":"http:\/\/www.szikorarendezoiroda.hu\/szikora\/wp-json\/wp\/v2\/pages"}],"about":[{"href":"http:\/\/www.szikorarendezoiroda.hu\/szikora\/wp-json\/wp\/v2\/types\/page"}],"author":[{"embeddable":true,"href":"http:\/\/www.szikorarendezoiroda.hu\/szikora\/wp-json\/wp\/v2\/users\/1"}],"replies":[{"embeddable":true,"href":"http:\/\/www.szikorarendezoiroda.hu\/szikora\/wp-json\/wp\/v2\/comments?post=675"}],"version-history":[{"count":4,"href":"http:\/\/www.szikorarendezoiroda.hu\/szikora\/wp-json\/wp\/v2\/pages\/675\/revisions"}],"predecessor-version":[{"id":2871,"href":"http:\/\/www.szikorarendezoiroda.hu\/szikora\/wp-json\/wp\/v2\/pages\/675\/revisions\/2871"}],"up":[{"embeddable":true,"href":"http:\/\/www.szikorarendezoiroda.hu\/szikora\/wp-json\/wp\/v2\/pages\/22"}],"wp:featuredmedia":[{"embeddable":true,"href":"http:\/\/www.szikorarendezoiroda.hu\/szikora\/wp-json\/wp\/v2\/media\/681"}],"wp:attachment":[{"href":"http:\/\/www.szikorarendezoiroda.hu\/szikora\/wp-json\/wp\/v2\/media?parent=675"}],"curies":[{"name":"wp","href":"https:\/\/api.w.org\/{rel}","templated":true}]}}