{"id":667,"date":"2015-05-28T12:17:09","date_gmt":"2015-05-28T12:17:09","guid":{"rendered":"http:\/\/www.szikorarendezoiroda.hu\/szikora\/?page_id=667"},"modified":"2018-08-03T04:21:53","modified_gmt":"2018-08-03T04:21:53","slug":"adagio","status":"publish","type":"page","link":"http:\/\/www.szikorarendezoiroda.hu\/szikora\/tancdal-retro-pop\/adagio\/","title":{"rendered":"ADAGIO"},"content":{"rendered":"<p>&nbsp;<\/p>\n<p><span style=\"font-family: Georgia,Palatino; font-size: 12pt;\">Megsz\u00fcletett az \u00faj form\u00e1ci\u00f3, de maradt a 3 kit\u0171n\u0151 hang, az elegancia \u00e9s a nagyon v\u00e1ltozatos, sokf\u00e9le zenei st\u00edlust bemutat\u00f3 reperto\u00e1r. Homonnay Zsolt \u2013 Balcz\u00f3 P\u00e9ter mellett az \u00faj tag Mer\u00e1n B\u00e1lint azonnal beilleszkedett az \u00e9nekegy\u00fcttesbe.<\/span><\/p>\n<p><iframe loading=\"lazy\" width=\"800\" height=\"600\" src=\"https:\/\/www.youtube.com\/embed\/UoiSxWf806g?feature=oembed\" frameborder=\"0\" allowfullscreen><\/iframe><\/p>\n","protected":false},"excerpt":{"rendered":"<p>&nbsp; Megsz\u00fcletett az \u00faj form\u00e1ci\u00f3, de maradt a 3 kit\u0171n\u0151 hang, az elegancia \u00e9s a nagyon v\u00e1ltozatos, sokf\u00e9le zenei st\u00edlust bemutat\u00f3 reperto\u00e1r. Homonnay Zsolt \u2013 Balcz\u00f3 P\u00e9ter mellett az \u00faj <a class=\"more-link\" href=\"http:\/\/www.szikorarendezoiroda.hu\/szikora\/tancdal-retro-pop\/adagio\/\">A folytat&aacute;s olvas&aacute;sa &rarr;<\/a><\/p>\n","protected":false},"author":1,"featured_media":2774,"parent":20,"menu_order":0,"comment_status":"open","ping_status":"open","template":"","meta":{"footnotes":""},"aioseo_notices":[],"_links":{"self":[{"href":"http:\/\/www.szikorarendezoiroda.hu\/szikora\/wp-json\/wp\/v2\/pages\/667"}],"collection":[{"href":"http:\/\/www.szikorarendezoiroda.hu\/szikora\/wp-json\/wp\/v2\/pages"}],"about":[{"href":"http:\/\/www.szikorarendezoiroda.hu\/szikora\/wp-json\/wp\/v2\/types\/page"}],"author":[{"embeddable":true,"href":"http:\/\/www.szikorarendezoiroda.hu\/szikora\/wp-json\/wp\/v2\/users\/1"}],"replies":[{"embeddable":true,"href":"http:\/\/www.szikorarendezoiroda.hu\/szikora\/wp-json\/wp\/v2\/comments?post=667"}],"version-history":[{"count":6,"href":"http:\/\/www.szikorarendezoiroda.hu\/szikora\/wp-json\/wp\/v2\/pages\/667\/revisions"}],"predecessor-version":[{"id":2775,"href":"http:\/\/www.szikorarendezoiroda.hu\/szikora\/wp-json\/wp\/v2\/pages\/667\/revisions\/2775"}],"up":[{"embeddable":true,"href":"http:\/\/www.szikorarendezoiroda.hu\/szikora\/wp-json\/wp\/v2\/pages\/20"}],"wp:featuredmedia":[{"embeddable":true,"href":"http:\/\/www.szikorarendezoiroda.hu\/szikora\/wp-json\/wp\/v2\/media\/2774"}],"wp:attachment":[{"href":"http:\/\/www.szikorarendezoiroda.hu\/szikora\/wp-json\/wp\/v2\/media?parent=667"}],"curies":[{"name":"wp","href":"https:\/\/api.w.org\/{rel}","templated":true}]}}