{"id":664,"date":"2015-05-28T12:16:21","date_gmt":"2015-05-28T12:16:21","guid":{"rendered":"http:\/\/www.szikorarendezoiroda.hu\/szikora\/?page_id=664"},"modified":"2018-08-07T08:36:53","modified_gmt":"2018-08-07T08:36:53","slug":"abba-sisters","status":"publish","type":"page","link":"http:\/\/www.szikorarendezoiroda.hu\/szikora\/tancdal-retro-pop\/abba-sisters\/","title":{"rendered":"ABBA SISTERS"},"content":{"rendered":"<p>&nbsp;<\/p>\n<p><span style=\"font-family: Georgia,Palatino; font-size: 12pt;\">H\u00e1rom remek \u00e9nekesn\u0151, akik gondoltak egy nagyot \u00e9s megalap\u00edtott\u00e1k tri\u00f3jukat. Hatalmas sikerrel \u00e9neklik az Abba sl\u00e1gereket.<\/span><\/p>\n<p><iframe loading=\"lazy\" width=\"800\" height=\"600\" src=\"https:\/\/www.youtube.com\/embed\/4rPA6ghLT1s?feature=oembed\" frameborder=\"0\" allowfullscreen><\/iframe><\/p>\n","protected":false},"excerpt":{"rendered":"<p>&nbsp; H\u00e1rom remek \u00e9nekesn\u0151, akik gondoltak egy nagyot \u00e9s megalap\u00edtott\u00e1k tri\u00f3jukat. Hatalmas sikerrel \u00e9neklik az Abba sl\u00e1gereket.<\/p>\n","protected":false},"author":1,"featured_media":3238,"parent":20,"menu_order":0,"comment_status":"open","ping_status":"open","template":"","meta":{"footnotes":""},"aioseo_notices":[],"_links":{"self":[{"href":"http:\/\/www.szikorarendezoiroda.hu\/szikora\/wp-json\/wp\/v2\/pages\/664"}],"collection":[{"href":"http:\/\/www.szikorarendezoiroda.hu\/szikora\/wp-json\/wp\/v2\/pages"}],"about":[{"href":"http:\/\/www.szikorarendezoiroda.hu\/szikora\/wp-json\/wp\/v2\/types\/page"}],"author":[{"embeddable":true,"href":"http:\/\/www.szikorarendezoiroda.hu\/szikora\/wp-json\/wp\/v2\/users\/1"}],"replies":[{"embeddable":true,"href":"http:\/\/www.szikorarendezoiroda.hu\/szikora\/wp-json\/wp\/v2\/comments?post=664"}],"version-history":[{"count":5,"href":"http:\/\/www.szikorarendezoiroda.hu\/szikora\/wp-json\/wp\/v2\/pages\/664\/revisions"}],"predecessor-version":[{"id":2756,"href":"http:\/\/www.szikorarendezoiroda.hu\/szikora\/wp-json\/wp\/v2\/pages\/664\/revisions\/2756"}],"up":[{"embeddable":true,"href":"http:\/\/www.szikorarendezoiroda.hu\/szikora\/wp-json\/wp\/v2\/pages\/20"}],"wp:featuredmedia":[{"embeddable":true,"href":"http:\/\/www.szikorarendezoiroda.hu\/szikora\/wp-json\/wp\/v2\/media\/3238"}],"wp:attachment":[{"href":"http:\/\/www.szikorarendezoiroda.hu\/szikora\/wp-json\/wp\/v2\/media?parent=664"}],"curies":[{"name":"wp","href":"https:\/\/api.w.org\/{rel}","templated":true}]}}