{"id":644,"date":"2015-05-28T12:06:57","date_gmt":"2015-05-28T12:06:57","guid":{"rendered":"http:\/\/www.szikorarendezoiroda.hu\/szikora\/?page_id=644"},"modified":"2018-08-03T04:01:54","modified_gmt":"2018-08-03T04:01:54","slug":"szabo-adam","status":"publish","type":"page","link":"http:\/\/www.szikorarendezoiroda.hu\/szikora\/tancdal-retro-pop\/szabo-adam\/","title":{"rendered":"SZAB\u00d3 \u00c1D\u00c1M"},"content":{"rendered":"<p>&nbsp;<\/p>\n<p><span style=\"font-family: Georgia,Palatino; font-size: 12pt;\">Els\u0151 versenye ut\u00e1n, ahol harm\u00f3nik\u00e1sk\u00e9nt m\u00e1r nagy sikert aratott, most m\u00e1sodszor is megm\u00e9rette mag\u00e1t, \u00e9s ism\u00e9t sikert \u00e9rt el, de most mint \u00e9nekes. Fell\u00e9p\u00e9sein megsz\u00f3laltatja a hangszer\u00e9t is \u00e9s \u00e9nekel is.<\/span><\/p>\n<p>&nbsp;<\/p>\n<p><iframe loading=\"lazy\" width=\"800\" height=\"450\" src=\"https:\/\/www.youtube.com\/embed\/auvXyQ7XsNA?feature=oembed\" frameborder=\"0\" allowfullscreen><\/iframe><\/p>\n","protected":false},"excerpt":{"rendered":"<p>&nbsp; Els\u0151 versenye ut\u00e1n, ahol harm\u00f3nik\u00e1sk\u00e9nt m\u00e1r nagy sikert aratott, most m\u00e1sodszor is megm\u00e9rette mag\u00e1t, \u00e9s ism\u00e9t sikert \u00e9rt el, de most mint \u00e9nekes. Fell\u00e9p\u00e9sein megsz\u00f3laltatja a hangszer\u00e9t is \u00e9s <a class=\"more-link\" href=\"http:\/\/www.szikorarendezoiroda.hu\/szikora\/tancdal-retro-pop\/szabo-adam\/\">A folytat&aacute;s olvas&aacute;sa &rarr;<\/a><\/p>\n","protected":false},"author":1,"featured_media":645,"parent":20,"menu_order":0,"comment_status":"open","ping_status":"open","template":"","meta":{"footnotes":""},"aioseo_notices":[],"_links":{"self":[{"href":"http:\/\/www.szikorarendezoiroda.hu\/szikora\/wp-json\/wp\/v2\/pages\/644"}],"collection":[{"href":"http:\/\/www.szikorarendezoiroda.hu\/szikora\/wp-json\/wp\/v2\/pages"}],"about":[{"href":"http:\/\/www.szikorarendezoiroda.hu\/szikora\/wp-json\/wp\/v2\/types\/page"}],"author":[{"embeddable":true,"href":"http:\/\/www.szikorarendezoiroda.hu\/szikora\/wp-json\/wp\/v2\/users\/1"}],"replies":[{"embeddable":true,"href":"http:\/\/www.szikorarendezoiroda.hu\/szikora\/wp-json\/wp\/v2\/comments?post=644"}],"version-history":[{"count":3,"href":"http:\/\/www.szikorarendezoiroda.hu\/szikora\/wp-json\/wp\/v2\/pages\/644\/revisions"}],"predecessor-version":[{"id":2737,"href":"http:\/\/www.szikorarendezoiroda.hu\/szikora\/wp-json\/wp\/v2\/pages\/644\/revisions\/2737"}],"up":[{"embeddable":true,"href":"http:\/\/www.szikorarendezoiroda.hu\/szikora\/wp-json\/wp\/v2\/pages\/20"}],"wp:featuredmedia":[{"embeddable":true,"href":"http:\/\/www.szikorarendezoiroda.hu\/szikora\/wp-json\/wp\/v2\/media\/645"}],"wp:attachment":[{"href":"http:\/\/www.szikorarendezoiroda.hu\/szikora\/wp-json\/wp\/v2\/media?parent=644"}],"curies":[{"name":"wp","href":"https:\/\/api.w.org\/{rel}","templated":true}]}}