{"id":629,"date":"2015-05-28T12:02:25","date_gmt":"2015-05-28T12:02:25","guid":{"rendered":"http:\/\/www.szikorarendezoiroda.hu\/szikora\/?page_id=629"},"modified":"2018-08-03T03:49:15","modified_gmt":"2018-08-03T03:49:15","slug":"kocsis-tibor","status":"publish","type":"page","link":"http:\/\/www.szikorarendezoiroda.hu\/szikora\/tancdal-retro-pop\/kocsis-tibor\/","title":{"rendered":"KOCSIS TIBOR"},"content":{"rendered":"<p>&nbsp;<\/p>\n<p><span style=\"font-family: Georgia,Palatino; font-size: 12pt;\">2011-es X-faktor gy\u0151ztese. &#8222;Hell\u00f3 Budapest&#8221; n\u00f3t\u00e1ja a Juventus r\u00e1di\u00f3 szign\u00e1lja. M\u0171sorai: 30&#8242; f\u00e9l-playback \u00e9s 70&#8242; \u00e9l\u0151 koncert.<\/span><\/p>\n<p>&nbsp;<\/p>\n<p><iframe loading=\"lazy\" width=\"800\" height=\"450\" src=\"https:\/\/www.youtube.com\/embed\/5c65mdy7EYE?feature=oembed\" frameborder=\"0\" allowfullscreen><\/iframe><\/p>\n","protected":false},"excerpt":{"rendered":"<p>&nbsp; 2011-es X-faktor gy\u0151ztese. &#8222;Hell\u00f3 Budapest&#8221; n\u00f3t\u00e1ja a Juventus r\u00e1di\u00f3 szign\u00e1lja. M\u0171sorai: 30&#8242; f\u00e9l-playback \u00e9s 70&#8242; \u00e9l\u0151 koncert. &nbsp;<\/p>\n","protected":false},"author":1,"featured_media":630,"parent":20,"menu_order":0,"comment_status":"open","ping_status":"open","template":"","meta":{"footnotes":""},"aioseo_notices":[],"_links":{"self":[{"href":"http:\/\/www.szikorarendezoiroda.hu\/szikora\/wp-json\/wp\/v2\/pages\/629"}],"collection":[{"href":"http:\/\/www.szikorarendezoiroda.hu\/szikora\/wp-json\/wp\/v2\/pages"}],"about":[{"href":"http:\/\/www.szikorarendezoiroda.hu\/szikora\/wp-json\/wp\/v2\/types\/page"}],"author":[{"embeddable":true,"href":"http:\/\/www.szikorarendezoiroda.hu\/szikora\/wp-json\/wp\/v2\/users\/1"}],"replies":[{"embeddable":true,"href":"http:\/\/www.szikorarendezoiroda.hu\/szikora\/wp-json\/wp\/v2\/comments?post=629"}],"version-history":[{"count":3,"href":"http:\/\/www.szikorarendezoiroda.hu\/szikora\/wp-json\/wp\/v2\/pages\/629\/revisions"}],"predecessor-version":[{"id":2710,"href":"http:\/\/www.szikorarendezoiroda.hu\/szikora\/wp-json\/wp\/v2\/pages\/629\/revisions\/2710"}],"up":[{"embeddable":true,"href":"http:\/\/www.szikorarendezoiroda.hu\/szikora\/wp-json\/wp\/v2\/pages\/20"}],"wp:featuredmedia":[{"embeddable":true,"href":"http:\/\/www.szikorarendezoiroda.hu\/szikora\/wp-json\/wp\/v2\/media\/630"}],"wp:attachment":[{"href":"http:\/\/www.szikorarendezoiroda.hu\/szikora\/wp-json\/wp\/v2\/media?parent=629"}],"curies":[{"name":"wp","href":"https:\/\/api.w.org\/{rel}","templated":true}]}}