{"id":621,"date":"2015-05-28T11:59:42","date_gmt":"2015-05-28T11:59:42","guid":{"rendered":"http:\/\/www.szikorarendezoiroda.hu\/szikora\/?page_id=621"},"modified":"2018-08-03T03:43:35","modified_gmt":"2018-08-03T03:43:35","slug":"danics-dora","status":"publish","type":"page","link":"http:\/\/www.szikorarendezoiroda.hu\/szikora\/tancdal-retro-pop\/danics-dora\/","title":{"rendered":"DANICS D\u00d3RA"},"content":{"rendered":"<p>&nbsp;<\/p>\n<p><span style=\"font-family: Georgia,Palatino; font-size: 12pt;\">A hazai versenyek els\u0151 n\u0151i gy\u0151ztese. Vele v\u00e9gre elmondhatjuk, hogy egy nagyon er\u0151s versenyben gy\u0151z\u0151tt a &#8222;gyeng\u00e9bb nem&#8221;. 30 perces f\u00e9l playback m\u0171sora megrendelhet\u0151.<\/span><\/p>\n<p><iframe loading=\"lazy\" width=\"800\" height=\"450\" src=\"https:\/\/www.youtube.com\/embed\/Ju-YFzTqQWM?feature=oembed\" frameborder=\"0\" allowfullscreen><\/iframe><\/p>\n","protected":false},"excerpt":{"rendered":"<p>&nbsp; A hazai versenyek els\u0151 n\u0151i gy\u0151ztese. Vele v\u00e9gre elmondhatjuk, hogy egy nagyon er\u0151s versenyben gy\u0151z\u0151tt a &#8222;gyeng\u00e9bb nem&#8221;. 30 perces f\u00e9l playback m\u0171sora megrendelhet\u0151.<\/p>\n","protected":false},"author":1,"featured_media":622,"parent":20,"menu_order":0,"comment_status":"open","ping_status":"open","template":"","meta":{"footnotes":""},"aioseo_notices":[],"_links":{"self":[{"href":"http:\/\/www.szikorarendezoiroda.hu\/szikora\/wp-json\/wp\/v2\/pages\/621"}],"collection":[{"href":"http:\/\/www.szikorarendezoiroda.hu\/szikora\/wp-json\/wp\/v2\/pages"}],"about":[{"href":"http:\/\/www.szikorarendezoiroda.hu\/szikora\/wp-json\/wp\/v2\/types\/page"}],"author":[{"embeddable":true,"href":"http:\/\/www.szikorarendezoiroda.hu\/szikora\/wp-json\/wp\/v2\/users\/1"}],"replies":[{"embeddable":true,"href":"http:\/\/www.szikorarendezoiroda.hu\/szikora\/wp-json\/wp\/v2\/comments?post=621"}],"version-history":[{"count":3,"href":"http:\/\/www.szikorarendezoiroda.hu\/szikora\/wp-json\/wp\/v2\/pages\/621\/revisions"}],"predecessor-version":[{"id":2703,"href":"http:\/\/www.szikorarendezoiroda.hu\/szikora\/wp-json\/wp\/v2\/pages\/621\/revisions\/2703"}],"up":[{"embeddable":true,"href":"http:\/\/www.szikorarendezoiroda.hu\/szikora\/wp-json\/wp\/v2\/pages\/20"}],"wp:featuredmedia":[{"embeddable":true,"href":"http:\/\/www.szikorarendezoiroda.hu\/szikora\/wp-json\/wp\/v2\/media\/622"}],"wp:attachment":[{"href":"http:\/\/www.szikorarendezoiroda.hu\/szikora\/wp-json\/wp\/v2\/media?parent=621"}],"curies":[{"name":"wp","href":"https:\/\/api.w.org\/{rel}","templated":true}]}}