{"id":601,"date":"2015-05-28T11:54:13","date_gmt":"2015-05-28T11:54:13","guid":{"rendered":"http:\/\/www.szikorarendezoiroda.hu\/szikora\/?page_id=601"},"modified":"2018-08-03T04:22:16","modified_gmt":"2018-08-03T04:22:16","slug":"andelic-jonathan","status":"publish","type":"page","link":"http:\/\/www.szikorarendezoiroda.hu\/szikora\/tancdal-retro-pop\/andelic-jonathan\/","title":{"rendered":"ANDELIC JONATHAN"},"content":{"rendered":"<p>&nbsp;<\/p>\n<p><span style=\"font-family: Georgia,Palatino; font-size: 12pt;\">A blues vil\u00e1g\u00e1ban is j\u00e1rtas gospel \u00e9nekes.<br \/>\n30&#8242; f\u00e9l-playback 70&#8242; \u00e9l\u0151 koncertje egyar\u00e1nt rendelhet\u0151.<\/span><\/p>\n<p><iframe loading=\"lazy\" width=\"800\" height=\"450\" src=\"https:\/\/www.youtube.com\/embed\/JuzBXpr2uNI?feature=oembed\" frameborder=\"0\" allowfullscreen><\/iframe><\/p>\n","protected":false},"excerpt":{"rendered":"<p>&nbsp; A blues vil\u00e1g\u00e1ban is j\u00e1rtas gospel \u00e9nekes. 30&#8242; f\u00e9l-playback 70&#8242; \u00e9l\u0151 koncertje egyar\u00e1nt rendelhet\u0151.<\/p>\n","protected":false},"author":1,"featured_media":605,"parent":20,"menu_order":0,"comment_status":"open","ping_status":"open","template":"","meta":{"footnotes":""},"aioseo_notices":[],"_links":{"self":[{"href":"http:\/\/www.szikorarendezoiroda.hu\/szikora\/wp-json\/wp\/v2\/pages\/601"}],"collection":[{"href":"http:\/\/www.szikorarendezoiroda.hu\/szikora\/wp-json\/wp\/v2\/pages"}],"about":[{"href":"http:\/\/www.szikorarendezoiroda.hu\/szikora\/wp-json\/wp\/v2\/types\/page"}],"author":[{"embeddable":true,"href":"http:\/\/www.szikorarendezoiroda.hu\/szikora\/wp-json\/wp\/v2\/users\/1"}],"replies":[{"embeddable":true,"href":"http:\/\/www.szikorarendezoiroda.hu\/szikora\/wp-json\/wp\/v2\/comments?post=601"}],"version-history":[{"count":3,"href":"http:\/\/www.szikorarendezoiroda.hu\/szikora\/wp-json\/wp\/v2\/pages\/601\/revisions"}],"predecessor-version":[{"id":2776,"href":"http:\/\/www.szikorarendezoiroda.hu\/szikora\/wp-json\/wp\/v2\/pages\/601\/revisions\/2776"}],"up":[{"embeddable":true,"href":"http:\/\/www.szikorarendezoiroda.hu\/szikora\/wp-json\/wp\/v2\/pages\/20"}],"wp:featuredmedia":[{"embeddable":true,"href":"http:\/\/www.szikorarendezoiroda.hu\/szikora\/wp-json\/wp\/v2\/media\/605"}],"wp:attachment":[{"href":"http:\/\/www.szikorarendezoiroda.hu\/szikora\/wp-json\/wp\/v2\/media?parent=601"}],"curies":[{"name":"wp","href":"https:\/\/api.w.org\/{rel}","templated":true}]}}