{"id":567,"date":"2015-05-28T07:07:25","date_gmt":"2015-05-28T07:07:25","guid":{"rendered":"http:\/\/www.szikorarendezoiroda.hu\/szikora\/?page_id=567"},"modified":"2018-08-03T05:41:04","modified_gmt":"2018-08-03T05:41:04","slug":"voith-agi-bodrogi-gyula","status":"publish","type":"page","link":"http:\/\/www.szikorarendezoiroda.hu\/szikora\/podium-vers-szinmuveszek\/voith-agi-bodrogi-gyula\/","title":{"rendered":"VOITH \u00c1GI &#8211; BODROGI GYULA"},"content":{"rendered":"<p>&nbsp;<\/p>\n<p><span style=\"font-family: Georgia,Palatino; font-size: 12pt;\"><em>\u201eRandev\u00fa a sz\u00ednpadon..\u201d<\/em> K\u00f6z\u00f6s szerelm\u00fcnk a munka. Olyan r\u00e9gi ismer\u0151s\u00f6k vagyunk a k\u00f6z\u00f6ns\u00e9ggel , hogy ez olyan j\u00f3 kis vend\u00e9gs\u00e9g lesz . Tal\u00e1n \u0150k m\u00e9g jobban eml\u00e9keznek mint Mi.<\/span><\/p>\n<p><iframe loading=\"lazy\" width=\"800\" height=\"600\" src=\"https:\/\/www.youtube.com\/embed\/NJQXSf5-rWw?feature=oembed\" frameborder=\"0\" allowfullscreen><\/iframe><\/p>\n<p>&nbsp;<\/p>\n","protected":false},"excerpt":{"rendered":"<p>&nbsp; \u201eRandev\u00fa a sz\u00ednpadon..\u201d K\u00f6z\u00f6s szerelm\u00fcnk a munka. Olyan r\u00e9gi ismer\u0151s\u00f6k vagyunk a k\u00f6z\u00f6ns\u00e9ggel , hogy ez olyan j\u00f3 kis vend\u00e9gs\u00e9g lesz . Tal\u00e1n \u0150k m\u00e9g jobban eml\u00e9keznek mint Mi. <a class=\"more-link\" href=\"http:\/\/www.szikorarendezoiroda.hu\/szikora\/podium-vers-szinmuveszek\/voith-agi-bodrogi-gyula\/\">A folytat&aacute;s olvas&aacute;sa &rarr;<\/a><\/p>\n","protected":false},"author":1,"featured_media":568,"parent":2,"menu_order":0,"comment_status":"open","ping_status":"open","template":"","meta":{"footnotes":""},"aioseo_notices":[],"_links":{"self":[{"href":"http:\/\/www.szikorarendezoiroda.hu\/szikora\/wp-json\/wp\/v2\/pages\/567"}],"collection":[{"href":"http:\/\/www.szikorarendezoiroda.hu\/szikora\/wp-json\/wp\/v2\/pages"}],"about":[{"href":"http:\/\/www.szikorarendezoiroda.hu\/szikora\/wp-json\/wp\/v2\/types\/page"}],"author":[{"embeddable":true,"href":"http:\/\/www.szikorarendezoiroda.hu\/szikora\/wp-json\/wp\/v2\/users\/1"}],"replies":[{"embeddable":true,"href":"http:\/\/www.szikorarendezoiroda.hu\/szikora\/wp-json\/wp\/v2\/comments?post=567"}],"version-history":[{"count":3,"href":"http:\/\/www.szikorarendezoiroda.hu\/szikora\/wp-json\/wp\/v2\/pages\/567\/revisions"}],"predecessor-version":[{"id":2835,"href":"http:\/\/www.szikorarendezoiroda.hu\/szikora\/wp-json\/wp\/v2\/pages\/567\/revisions\/2835"}],"up":[{"embeddable":true,"href":"http:\/\/www.szikorarendezoiroda.hu\/szikora\/wp-json\/wp\/v2\/pages\/2"}],"wp:featuredmedia":[{"embeddable":true,"href":"http:\/\/www.szikorarendezoiroda.hu\/szikora\/wp-json\/wp\/v2\/media\/568"}],"wp:attachment":[{"href":"http:\/\/www.szikorarendezoiroda.hu\/szikora\/wp-json\/wp\/v2\/media?parent=567"}],"curies":[{"name":"wp","href":"https:\/\/api.w.org\/{rel}","templated":true}]}}