{"id":539,"date":"2015-05-28T06:50:47","date_gmt":"2015-05-28T06:50:47","guid":{"rendered":"http:\/\/www.szikorarendezoiroda.hu\/szikora\/?page_id=539"},"modified":"2018-08-03T05:37:22","modified_gmt":"2018-08-03T05:37:22","slug":"muller-peter-iro","status":"publish","type":"page","link":"http:\/\/www.szikorarendezoiroda.hu\/szikora\/podium-vers-szinmuveszek\/muller-peter-iro\/","title":{"rendered":"M\u00dcLLER P\u00c9TER \u00cdR\u00d3"},"content":{"rendered":"<p>&nbsp;<\/p>\n<p><span style=\"font-family: Georgia,Palatino; font-size: 12pt;\">Az emberi lelket , \u00e9rzelmeket oly kit\u0171n\u0151en ismer\u0151 \u00edr\u00f3 \u00faj sorozattal lepi meg olvas\u00f3it \u201e \u00datraval\u00f3 \u201e c\u00edmmel . Sz\u00fclet\u00e9snapi aj\u00e1nd\u00e9kul adja mindazoknak akik soha nem akarnak let\u00e9rni a megismer\u00e9s \u00fatj\u00e1r\u00f3l.<\/span><\/p>\n","protected":false},"excerpt":{"rendered":"<p>&nbsp; Az emberi lelket , \u00e9rzelmeket oly kit\u0171n\u0151en ismer\u0151 \u00edr\u00f3 \u00faj sorozattal lepi meg olvas\u00f3it \u201e \u00datraval\u00f3 \u201e c\u00edmmel . Sz\u00fclet\u00e9snapi aj\u00e1nd\u00e9kul adja mindazoknak akik soha nem akarnak let\u00e9rni a <a class=\"more-link\" href=\"http:\/\/www.szikorarendezoiroda.hu\/szikora\/podium-vers-szinmuveszek\/muller-peter-iro\/\">A folytat&aacute;s olvas&aacute;sa &rarr;<\/a><\/p>\n","protected":false},"author":1,"featured_media":540,"parent":2,"menu_order":0,"comment_status":"open","ping_status":"open","template":"","meta":{"footnotes":""},"aioseo_notices":[],"_links":{"self":[{"href":"http:\/\/www.szikorarendezoiroda.hu\/szikora\/wp-json\/wp\/v2\/pages\/539"}],"collection":[{"href":"http:\/\/www.szikorarendezoiroda.hu\/szikora\/wp-json\/wp\/v2\/pages"}],"about":[{"href":"http:\/\/www.szikorarendezoiroda.hu\/szikora\/wp-json\/wp\/v2\/types\/page"}],"author":[{"embeddable":true,"href":"http:\/\/www.szikorarendezoiroda.hu\/szikora\/wp-json\/wp\/v2\/users\/1"}],"replies":[{"embeddable":true,"href":"http:\/\/www.szikorarendezoiroda.hu\/szikora\/wp-json\/wp\/v2\/comments?post=539"}],"version-history":[{"count":2,"href":"http:\/\/www.szikorarendezoiroda.hu\/szikora\/wp-json\/wp\/v2\/pages\/539\/revisions"}],"predecessor-version":[{"id":2823,"href":"http:\/\/www.szikorarendezoiroda.hu\/szikora\/wp-json\/wp\/v2\/pages\/539\/revisions\/2823"}],"up":[{"embeddable":true,"href":"http:\/\/www.szikorarendezoiroda.hu\/szikora\/wp-json\/wp\/v2\/pages\/2"}],"wp:featuredmedia":[{"embeddable":true,"href":"http:\/\/www.szikorarendezoiroda.hu\/szikora\/wp-json\/wp\/v2\/media\/540"}],"wp:attachment":[{"href":"http:\/\/www.szikorarendezoiroda.hu\/szikora\/wp-json\/wp\/v2\/media?parent=539"}],"curies":[{"name":"wp","href":"https:\/\/api.w.org\/{rel}","templated":true}]}}