{"id":536,"date":"2015-05-28T06:49:58","date_gmt":"2015-05-28T06:49:58","guid":{"rendered":"http:\/\/www.szikorarendezoiroda.hu\/szikora\/?page_id=536"},"modified":"2018-08-03T05:37:14","modified_gmt":"2018-08-03T05:37:14","slug":"miko-istvan","status":"publish","type":"page","link":"http:\/\/www.szikorarendezoiroda.hu\/szikora\/podium-vers-szinmuveszek\/miko-istvan\/","title":{"rendered":"MIK\u00d3 ISTV\u00c1N"},"content":{"rendered":"<p>&nbsp;<\/p>\n<p><span style=\"font-family: Georgia,Palatino; font-size: 12pt;\"><em>&#8222;Mindhal\u00e1lig Beatles&#8221;<\/em> &#8211; n\u00e9gy kit\u0171n\u0151 sz\u00ednm\u0171v\u00e9sz, akik egyben remek zen\u00e9szek is, \u00e9l\u0151 koncertje a legsikeresebb Beatles n\u00f3t\u00e1kb\u00f3l.<\/span><\/p>\n<p><span style=\"font-family: Georgia,Palatino; font-size: 12pt;\"><em>&#8222;Svejk vagyok&#8221;<\/em>. Az imm\u00e1r legend\u00e1ss\u00e1 v\u00e1lt katona zen\u00e9s s\u00f6r\u00f6zget\u00e9se a k\u00f6z\u00f6ns\u00e9ggel.<\/span><\/p>\n<p><iframe loading=\"lazy\" width=\"800\" height=\"600\" src=\"https:\/\/www.youtube.com\/embed\/w9aOEW9XWh8?feature=oembed\" frameborder=\"0\" allowfullscreen><\/iframe><\/p>\n<p>&nbsp;<\/p>\n<p><span style=\"font-family: Impact, Chicago; font-size: 18pt;\"><strong>A gyomor \u00f6r\u00f6mei<\/strong><\/span><\/p>\n<p><span style=\"font-family: Georgia, Palatino; font-size: 12pt;\">Kr\u00fady Gyula szerint is igaz az a mond\u00e1s, hogy a f\u00e9rfi sz\u00edv\u00e9hez a gyomr\u00e1n kereszt\u00fcl vezet az \u00fat! A n\u00e9z\u0151k sz\u00edv\u00e9hez pedig a nevet\u00e9sen \u00e1t! Ebben a vid\u00e1m, zen\u00e9s kabar\u00e9ban a jeleneteken k\u00edv\u00fcl a monol\u00f3gok, versek, par\u00f3di\u00e1k \u00e9s dalok is mind az ev\u00e9sr\u0151l \u00e9s az iv\u00e1sr\u00f3l, vagyis a gyomor \u00f6r\u00f6meir\u0151l sz\u00f3lnak. \u00c9s aki a felh\u0151tlen sz\u00f3rakoz\u00e1sr\u00f3l gondoskodik: Mik\u00f3 Istv\u00e1n. A nevettet\u00e9sben partnere: Szab\u00f3 Anik\u00f3. Ezt \u201ej\u00f3l kif\u0151zt\u00e9k\u201d!<\/span><\/p>\n<p>&nbsp;<\/p>\n<p><a href=\"http:\/\/www.szikorarendezoiroda.hu\/szikora\/wp-content\/uploads\/2015\/05\/011.jpg\"><img loading=\"lazy\" decoding=\"async\" class=\" size-medium wp-image-2548 alignleft\" src=\"http:\/\/www.szikorarendezoiroda.hu\/szikora\/wp-content\/uploads\/2015\/05\/011-290x300.jpg\" alt=\"01\" width=\"290\" height=\"300\" srcset=\"http:\/\/www.szikorarendezoiroda.hu\/szikora\/wp-content\/uploads\/2015\/05\/011-290x300.jpg 290w, http:\/\/www.szikorarendezoiroda.hu\/szikora\/wp-content\/uploads\/2015\/05\/011.jpg 624w\" sizes=\"(max-width: 290px) 100vw, 290px\" \/><\/a> <a href=\"http:\/\/www.szikorarendezoiroda.hu\/szikora\/wp-content\/uploads\/2015\/05\/03.png\"><img loading=\"lazy\" decoding=\"async\" class=\" size-medium wp-image-2549 alignleft\" src=\"http:\/\/www.szikorarendezoiroda.hu\/szikora\/wp-content\/uploads\/2015\/05\/03.png\" alt=\"03\" width=\"187\" height=\"293\" \/><\/a><\/p>\n<p>&nbsp;<\/p>\n<p>&nbsp;<\/p>\n","protected":false},"excerpt":{"rendered":"<p>&nbsp; &#8222;Mindhal\u00e1lig Beatles&#8221; &#8211; n\u00e9gy kit\u0171n\u0151 sz\u00ednm\u0171v\u00e9sz, akik egyben remek zen\u00e9szek is, \u00e9l\u0151 koncertje a legsikeresebb Beatles n\u00f3t\u00e1kb\u00f3l. &#8222;Svejk vagyok&#8221;. Az imm\u00e1r legend\u00e1ss\u00e1 v\u00e1lt katona zen\u00e9s s\u00f6r\u00f6zget\u00e9se a k\u00f6z\u00f6ns\u00e9ggel. &nbsp; <a class=\"more-link\" href=\"http:\/\/www.szikorarendezoiroda.hu\/szikora\/podium-vers-szinmuveszek\/miko-istvan\/\">A folytat&aacute;s olvas&aacute;sa &rarr;<\/a><\/p>\n","protected":false},"author":1,"featured_media":537,"parent":2,"menu_order":0,"comment_status":"open","ping_status":"open","template":"","meta":{"footnotes":""},"aioseo_notices":[],"_links":{"self":[{"href":"http:\/\/www.szikorarendezoiroda.hu\/szikora\/wp-json\/wp\/v2\/pages\/536"}],"collection":[{"href":"http:\/\/www.szikorarendezoiroda.hu\/szikora\/wp-json\/wp\/v2\/pages"}],"about":[{"href":"http:\/\/www.szikorarendezoiroda.hu\/szikora\/wp-json\/wp\/v2\/types\/page"}],"author":[{"embeddable":true,"href":"http:\/\/www.szikorarendezoiroda.hu\/szikora\/wp-json\/wp\/v2\/users\/1"}],"replies":[{"embeddable":true,"href":"http:\/\/www.szikorarendezoiroda.hu\/szikora\/wp-json\/wp\/v2\/comments?post=536"}],"version-history":[{"count":5,"href":"http:\/\/www.szikorarendezoiroda.hu\/szikora\/wp-json\/wp\/v2\/pages\/536\/revisions"}],"predecessor-version":[{"id":2822,"href":"http:\/\/www.szikorarendezoiroda.hu\/szikora\/wp-json\/wp\/v2\/pages\/536\/revisions\/2822"}],"up":[{"embeddable":true,"href":"http:\/\/www.szikorarendezoiroda.hu\/szikora\/wp-json\/wp\/v2\/pages\/2"}],"wp:featuredmedia":[{"embeddable":true,"href":"http:\/\/www.szikorarendezoiroda.hu\/szikora\/wp-json\/wp\/v2\/media\/537"}],"wp:attachment":[{"href":"http:\/\/www.szikorarendezoiroda.hu\/szikora\/wp-json\/wp\/v2\/media?parent=536"}],"curies":[{"name":"wp","href":"https:\/\/api.w.org\/{rel}","templated":true}]}}