{"id":522,"date":"2015-05-28T06:43:45","date_gmt":"2015-05-28T06:43:45","guid":{"rendered":"http:\/\/www.szikorarendezoiroda.hu\/szikora\/?page_id=522"},"modified":"2018-08-03T05:36:23","modified_gmt":"2018-08-03T05:36:23","slug":"maczko-maria","status":"publish","type":"page","link":"http:\/\/www.szikorarendezoiroda.hu\/szikora\/podium-vers-szinmuveszek\/maczko-maria\/","title":{"rendered":"MACZK\u00d3 M\u00c1RIA"},"content":{"rendered":"<p>&nbsp;<\/p>\n<p><span style=\"font-family: Georgia,Palatino; font-size: 12pt;\">Orsz\u00e1gunknak meg\u00e1ldoztak: A n\u00e9pdal\u00e9nekes M\u0171v\u00e9szn\u0151 \u00e9s Szab\u00f3 Andr\u00e1s el\u0151ad\u00f3m\u0171v\u00e9sz p\u00f3diumestje a magyar irodalomban megjelen\u00edtett &#8222;haza\u00e9lm\u00e9nyr\u0151l &#8222;<\/span><\/p>\n<p><span style=\"font-family: Georgia,Palatino; font-size: 12pt;\">K\u00f6ny\u00f6rg\u00e9s: A Halotti Besz\u00e9dt\u0151l a hat\u00e1ron t\u00fali magyar irodalmakig ny\u00fajt betekint\u00e9st. A k\u00f6ny\u00f6rg\u00e9s mint m\u0171faj a szorongatott l\u00e9thelyzetben sz\u00fcletett meg \u00e9s \u00edr\u00e1sbelis\u00e9g\u00fcnk els\u0151 eml\u00e9keiben m\u00e1r fellelhet\u0151 . Ezeket hallgatv\u00e1n a t\u00f6rt\u00e9nelem meg\u00e9rt\u00e9s\u00e9hez is k\u00f6zelebb ker\u00fcl a n\u00e9z\u0151.<\/span><\/p>\n<p><iframe loading=\"lazy\" width=\"800\" height=\"600\" src=\"https:\/\/www.youtube.com\/embed\/3LkJhbeg5U0?feature=oembed\" frameborder=\"0\" allowfullscreen><\/iframe><\/p>\n","protected":false},"excerpt":{"rendered":"<p>&nbsp; Orsz\u00e1gunknak meg\u00e1ldoztak: A n\u00e9pdal\u00e9nekes M\u0171v\u00e9szn\u0151 \u00e9s Szab\u00f3 Andr\u00e1s el\u0151ad\u00f3m\u0171v\u00e9sz p\u00f3diumestje a magyar irodalomban megjelen\u00edtett &#8222;haza\u00e9lm\u00e9nyr\u0151l &#8222; K\u00f6ny\u00f6rg\u00e9s: A Halotti Besz\u00e9dt\u0151l a hat\u00e1ron t\u00fali magyar irodalmakig ny\u00fajt betekint\u00e9st. A k\u00f6ny\u00f6rg\u00e9s <a class=\"more-link\" href=\"http:\/\/www.szikorarendezoiroda.hu\/szikora\/podium-vers-szinmuveszek\/maczko-maria\/\">A folytat&aacute;s olvas&aacute;sa &rarr;<\/a><\/p>\n","protected":false},"author":1,"featured_media":523,"parent":2,"menu_order":0,"comment_status":"open","ping_status":"open","template":"","meta":{"footnotes":""},"aioseo_notices":[],"_links":{"self":[{"href":"http:\/\/www.szikorarendezoiroda.hu\/szikora\/wp-json\/wp\/v2\/pages\/522"}],"collection":[{"href":"http:\/\/www.szikorarendezoiroda.hu\/szikora\/wp-json\/wp\/v2\/pages"}],"about":[{"href":"http:\/\/www.szikorarendezoiroda.hu\/szikora\/wp-json\/wp\/v2\/types\/page"}],"author":[{"embeddable":true,"href":"http:\/\/www.szikorarendezoiroda.hu\/szikora\/wp-json\/wp\/v2\/users\/1"}],"replies":[{"embeddable":true,"href":"http:\/\/www.szikorarendezoiroda.hu\/szikora\/wp-json\/wp\/v2\/comments?post=522"}],"version-history":[{"count":3,"href":"http:\/\/www.szikorarendezoiroda.hu\/szikora\/wp-json\/wp\/v2\/pages\/522\/revisions"}],"predecessor-version":[{"id":2820,"href":"http:\/\/www.szikorarendezoiroda.hu\/szikora\/wp-json\/wp\/v2\/pages\/522\/revisions\/2820"}],"up":[{"embeddable":true,"href":"http:\/\/www.szikorarendezoiroda.hu\/szikora\/wp-json\/wp\/v2\/pages\/2"}],"wp:featuredmedia":[{"embeddable":true,"href":"http:\/\/www.szikorarendezoiroda.hu\/szikora\/wp-json\/wp\/v2\/media\/523"}],"wp:attachment":[{"href":"http:\/\/www.szikorarendezoiroda.hu\/szikora\/wp-json\/wp\/v2\/media?parent=522"}],"curies":[{"name":"wp","href":"https:\/\/api.w.org\/{rel}","templated":true}]}}