{"id":488,"date":"2015-05-28T06:28:23","date_gmt":"2015-05-28T06:28:23","guid":{"rendered":"http:\/\/www.szikorarendezoiroda.hu\/szikora\/?page_id=488"},"modified":"2018-08-03T05:32:15","modified_gmt":"2018-08-03T05:32:15","slug":"illenyi-katica","status":"publish","type":"page","link":"http:\/\/www.szikorarendezoiroda.hu\/szikora\/podium-vers-szinmuveszek\/illenyi-katica\/","title":{"rendered":"ILL\u00c9NYI KATICA"},"content":{"rendered":"<p><em>\u201eSzerel-mes\u00e9k. Mi\u00e9rt van szerelem?\u201d<\/em> az \u00e9nek \u00e9s a heged\u0171 hangj\u00e1n keresi a v\u00e1laszt a m\u0171v\u00e9szn\u0151 a meghitt hangulat\u00fa el\u0151ad\u00f3i esten.<\/p>\n<p><iframe loading=\"lazy\" width=\"800\" height=\"600\" src=\"https:\/\/www.youtube.com\/embed\/wr4oRy5q4bA?feature=oembed\" frameborder=\"0\" allowfullscreen><\/iframe><\/p>\n","protected":false},"excerpt":{"rendered":"<p>\u201eSzerel-mes\u00e9k. Mi\u00e9rt van szerelem?\u201d az \u00e9nek \u00e9s a heged\u0171 hangj\u00e1n keresi a v\u00e1laszt a m\u0171v\u00e9szn\u0151 a meghitt hangulat\u00fa el\u0151ad\u00f3i esten.<\/p>\n","protected":false},"author":1,"featured_media":489,"parent":2,"menu_order":0,"comment_status":"open","ping_status":"open","template":"","meta":{"footnotes":""},"aioseo_notices":[],"_links":{"self":[{"href":"http:\/\/www.szikorarendezoiroda.hu\/szikora\/wp-json\/wp\/v2\/pages\/488"}],"collection":[{"href":"http:\/\/www.szikorarendezoiroda.hu\/szikora\/wp-json\/wp\/v2\/pages"}],"about":[{"href":"http:\/\/www.szikorarendezoiroda.hu\/szikora\/wp-json\/wp\/v2\/types\/page"}],"author":[{"embeddable":true,"href":"http:\/\/www.szikorarendezoiroda.hu\/szikora\/wp-json\/wp\/v2\/users\/1"}],"replies":[{"embeddable":true,"href":"http:\/\/www.szikorarendezoiroda.hu\/szikora\/wp-json\/wp\/v2\/comments?post=488"}],"version-history":[{"count":3,"href":"http:\/\/www.szikorarendezoiroda.hu\/szikora\/wp-json\/wp\/v2\/pages\/488\/revisions"}],"predecessor-version":[{"id":2808,"href":"http:\/\/www.szikorarendezoiroda.hu\/szikora\/wp-json\/wp\/v2\/pages\/488\/revisions\/2808"}],"up":[{"embeddable":true,"href":"http:\/\/www.szikorarendezoiroda.hu\/szikora\/wp-json\/wp\/v2\/pages\/2"}],"wp:featuredmedia":[{"embeddable":true,"href":"http:\/\/www.szikorarendezoiroda.hu\/szikora\/wp-json\/wp\/v2\/media\/489"}],"wp:attachment":[{"href":"http:\/\/www.szikorarendezoiroda.hu\/szikora\/wp-json\/wp\/v2\/media?parent=488"}],"curies":[{"name":"wp","href":"https:\/\/api.w.org\/{rel}","templated":true}]}}