{"id":485,"date":"2015-05-28T06:27:02","date_gmt":"2015-05-28T06:27:02","guid":{"rendered":"http:\/\/www.szikorarendezoiroda.hu\/szikora\/?page_id=485"},"modified":"2018-08-03T05:31:46","modified_gmt":"2018-08-03T05:31:46","slug":"huvosvolgyi-ildiko-kautzky-armand","status":"publish","type":"page","link":"http:\/\/www.szikorarendezoiroda.hu\/szikora\/podium-vers-szinmuveszek\/huvosvolgyi-ildiko-kautzky-armand\/","title":{"rendered":"H\u0170V\u00d6SV\u00d6LGYI ILDIK\u00d3 &#8211; KAUTZKY ARMAND"},"content":{"rendered":"<p>&nbsp;<\/p>\n<p><span style=\"font-family: Georgia,Palatino; font-size: 12pt;\"><em>&#8222;K\u00e9tszem\u00e9lyes \u201ekomolys\u00e1gok\u201d<\/em><\/span><\/p>\n<p><span style=\"font-family: Georgia,Palatino; font-size: 12pt;\">Amit nem kell olyan nagyon komolyan venni, hiszen hallhatunk r\u00e9szletet a \u201eMacsk\u00e1k\u201d c.musicalb\u0151l, de van Wass Albert vers is, van kabar\u00e9 \u00e9s van Remenyik is. \u00c9s hogy ez j\u00f3 \u00e9rz\u00e9kkel, j\u00f3 \u00edzl\u00e9ssel van \u00f6sszegy\u00farva, b\u00edztos\u00edt\u00e9k r\u00e1 H\u0171v\u00f6sv\u00f6lgyi Ildik\u00f3 \u00e9s Kautzky Armand.<\/span><\/p>\n<p><iframe loading=\"lazy\" width=\"800\" height=\"600\" src=\"https:\/\/www.youtube.com\/embed\/hia1YM2w69w?feature=oembed\" frameborder=\"0\" allowfullscreen><\/iframe><\/p>\n<p>&nbsp;<\/p>\n<p><iframe loading=\"lazy\" width=\"800\" height=\"450\" src=\"https:\/\/www.youtube.com\/embed\/ZS2BQ2NeACk?feature=oembed\" frameborder=\"0\" allowfullscreen><\/iframe><\/p>\n","protected":false},"excerpt":{"rendered":"<p>&nbsp; &#8222;K\u00e9tszem\u00e9lyes \u201ekomolys\u00e1gok\u201d Amit nem kell olyan nagyon komolyan venni, hiszen hallhatunk r\u00e9szletet a \u201eMacsk\u00e1k\u201d c.musicalb\u0151l, de van Wass Albert vers is, van kabar\u00e9 \u00e9s van Remenyik is. \u00c9s hogy <a class=\"more-link\" href=\"http:\/\/www.szikorarendezoiroda.hu\/szikora\/podium-vers-szinmuveszek\/huvosvolgyi-ildiko-kautzky-armand\/\">A folytat&aacute;s olvas&aacute;sa &rarr;<\/a><\/p>\n","protected":false},"author":1,"featured_media":486,"parent":2,"menu_order":0,"comment_status":"open","ping_status":"open","template":"","meta":{"footnotes":""},"aioseo_notices":[],"_links":{"self":[{"href":"http:\/\/www.szikorarendezoiroda.hu\/szikora\/wp-json\/wp\/v2\/pages\/485"}],"collection":[{"href":"http:\/\/www.szikorarendezoiroda.hu\/szikora\/wp-json\/wp\/v2\/pages"}],"about":[{"href":"http:\/\/www.szikorarendezoiroda.hu\/szikora\/wp-json\/wp\/v2\/types\/page"}],"author":[{"embeddable":true,"href":"http:\/\/www.szikorarendezoiroda.hu\/szikora\/wp-json\/wp\/v2\/users\/1"}],"replies":[{"embeddable":true,"href":"http:\/\/www.szikorarendezoiroda.hu\/szikora\/wp-json\/wp\/v2\/comments?post=485"}],"version-history":[{"count":3,"href":"http:\/\/www.szikorarendezoiroda.hu\/szikora\/wp-json\/wp\/v2\/pages\/485\/revisions"}],"predecessor-version":[{"id":2806,"href":"http:\/\/www.szikorarendezoiroda.hu\/szikora\/wp-json\/wp\/v2\/pages\/485\/revisions\/2806"}],"up":[{"embeddable":true,"href":"http:\/\/www.szikorarendezoiroda.hu\/szikora\/wp-json\/wp\/v2\/pages\/2"}],"wp:featuredmedia":[{"embeddable":true,"href":"http:\/\/www.szikorarendezoiroda.hu\/szikora\/wp-json\/wp\/v2\/media\/486"}],"wp:attachment":[{"href":"http:\/\/www.szikorarendezoiroda.hu\/szikora\/wp-json\/wp\/v2\/media?parent=485"}],"curies":[{"name":"wp","href":"https:\/\/api.w.org\/{rel}","templated":true}]}}