{"id":479,"date":"2015-05-28T06:24:55","date_gmt":"2015-05-28T06:24:55","guid":{"rendered":"http:\/\/www.szikorarendezoiroda.hu\/szikora\/?page_id=479"},"modified":"2018-08-03T05:31:58","modified_gmt":"2018-08-03T05:31:58","slug":"huzella-peter","status":"publish","type":"page","link":"http:\/\/www.szikorarendezoiroda.hu\/szikora\/podium-vers-szinmuveszek\/huzella-peter\/","title":{"rendered":"HUZELLA P\u00c9TER"},"content":{"rendered":"<p><em>\u201eDalok a Dun\u00e1n\u00e1l\u2026\u201d<\/em> magyar k\u00f6lt\u0151k megzen\u00e9s\u00edtett versei.<\/p>\n<p><iframe loading=\"lazy\" width=\"800\" height=\"600\" src=\"https:\/\/www.youtube.com\/embed\/eP1BVr_SJd8?feature=oembed\" frameborder=\"0\" allowfullscreen><\/iframe><\/p>\n","protected":false},"excerpt":{"rendered":"<p>\u201eDalok a Dun\u00e1n\u00e1l\u2026\u201d magyar k\u00f6lt\u0151k megzen\u00e9s\u00edtett versei.<\/p>\n","protected":false},"author":1,"featured_media":480,"parent":2,"menu_order":0,"comment_status":"open","ping_status":"open","template":"","meta":{"footnotes":""},"aioseo_notices":[],"_links":{"self":[{"href":"http:\/\/www.szikorarendezoiroda.hu\/szikora\/wp-json\/wp\/v2\/pages\/479"}],"collection":[{"href":"http:\/\/www.szikorarendezoiroda.hu\/szikora\/wp-json\/wp\/v2\/pages"}],"about":[{"href":"http:\/\/www.szikorarendezoiroda.hu\/szikora\/wp-json\/wp\/v2\/types\/page"}],"author":[{"embeddable":true,"href":"http:\/\/www.szikorarendezoiroda.hu\/szikora\/wp-json\/wp\/v2\/users\/1"}],"replies":[{"embeddable":true,"href":"http:\/\/www.szikorarendezoiroda.hu\/szikora\/wp-json\/wp\/v2\/comments?post=479"}],"version-history":[{"count":3,"href":"http:\/\/www.szikorarendezoiroda.hu\/szikora\/wp-json\/wp\/v2\/pages\/479\/revisions"}],"predecessor-version":[{"id":2807,"href":"http:\/\/www.szikorarendezoiroda.hu\/szikora\/wp-json\/wp\/v2\/pages\/479\/revisions\/2807"}],"up":[{"embeddable":true,"href":"http:\/\/www.szikorarendezoiroda.hu\/szikora\/wp-json\/wp\/v2\/pages\/2"}],"wp:featuredmedia":[{"embeddable":true,"href":"http:\/\/www.szikorarendezoiroda.hu\/szikora\/wp-json\/wp\/v2\/media\/480"}],"wp:attachment":[{"href":"http:\/\/www.szikorarendezoiroda.hu\/szikora\/wp-json\/wp\/v2\/media?parent=479"}],"curies":[{"name":"wp","href":"https:\/\/api.w.org\/{rel}","templated":true}]}}