{"id":475,"date":"2015-05-28T06:23:34","date_gmt":"2015-05-28T06:23:34","guid":{"rendered":"http:\/\/www.szikorarendezoiroda.hu\/szikora\/?page_id=475"},"modified":"2018-08-03T05:31:22","modified_gmt":"2018-08-03T05:31:22","slug":"huszarik-kata-nagy-anna","status":"publish","type":"page","link":"http:\/\/www.szikorarendezoiroda.hu\/szikora\/podium-vers-szinmuveszek\/huszarik-kata-nagy-anna\/","title":{"rendered":"HUSZ\u00c1RIK KATA &#8211; NAGY ANNA"},"content":{"rendered":"<p><span style=\"font-family: Georgia,Palatino; font-size: 12pt;\">F\u00e9ny \u2013 J\u00e1t\u00e9kok.<\/span><\/p>\n<p><span style=\"font-family: Georgia,Palatino; font-size: 12pt;\">V\u00e1logat\u00e1s L\u00e1z\u00e1r Ervin els\u0151sorban feln\u0151tteknek sz\u00f3l\u00f3 \u00edr\u00e1saib\u00f3l<\/span><\/p>\n<p><iframe loading=\"lazy\" width=\"800\" height=\"600\" src=\"https:\/\/www.youtube.com\/embed\/vcL1DVlScWY?feature=oembed\" frameborder=\"0\" allowfullscreen><\/iframe><\/p>\n","protected":false},"excerpt":{"rendered":"<p>F\u00e9ny \u2013 J\u00e1t\u00e9kok. V\u00e1logat\u00e1s L\u00e1z\u00e1r Ervin els\u0151sorban feln\u0151tteknek sz\u00f3l\u00f3 \u00edr\u00e1saib\u00f3l<\/p>\n","protected":false},"author":1,"featured_media":476,"parent":2,"menu_order":0,"comment_status":"open","ping_status":"open","template":"","meta":{"footnotes":""},"aioseo_notices":[],"_links":{"self":[{"href":"http:\/\/www.szikorarendezoiroda.hu\/szikora\/wp-json\/wp\/v2\/pages\/475"}],"collection":[{"href":"http:\/\/www.szikorarendezoiroda.hu\/szikora\/wp-json\/wp\/v2\/pages"}],"about":[{"href":"http:\/\/www.szikorarendezoiroda.hu\/szikora\/wp-json\/wp\/v2\/types\/page"}],"author":[{"embeddable":true,"href":"http:\/\/www.szikorarendezoiroda.hu\/szikora\/wp-json\/wp\/v2\/users\/1"}],"replies":[{"embeddable":true,"href":"http:\/\/www.szikorarendezoiroda.hu\/szikora\/wp-json\/wp\/v2\/comments?post=475"}],"version-history":[{"count":3,"href":"http:\/\/www.szikorarendezoiroda.hu\/szikora\/wp-json\/wp\/v2\/pages\/475\/revisions"}],"predecessor-version":[{"id":2804,"href":"http:\/\/www.szikorarendezoiroda.hu\/szikora\/wp-json\/wp\/v2\/pages\/475\/revisions\/2804"}],"up":[{"embeddable":true,"href":"http:\/\/www.szikorarendezoiroda.hu\/szikora\/wp-json\/wp\/v2\/pages\/2"}],"wp:featuredmedia":[{"embeddable":true,"href":"http:\/\/www.szikorarendezoiroda.hu\/szikora\/wp-json\/wp\/v2\/media\/476"}],"wp:attachment":[{"href":"http:\/\/www.szikorarendezoiroda.hu\/szikora\/wp-json\/wp\/v2\/media?parent=475"}],"curies":[{"name":"wp","href":"https:\/\/api.w.org\/{rel}","templated":true}]}}