{"id":467,"date":"2015-05-28T06:20:54","date_gmt":"2015-05-28T06:20:54","guid":{"rendered":"http:\/\/www.szikorarendezoiroda.hu\/szikora\/?page_id=467"},"modified":"2018-08-03T05:30:22","modified_gmt":"2018-08-03T05:30:22","slug":"foldes-laszlo-hobo","status":"publish","type":"page","link":"http:\/\/www.szikorarendezoiroda.hu\/szikora\/podium-vers-szinmuveszek\/foldes-laszlo-hobo\/","title":{"rendered":"F\u00d6LDES L\u00c1SZL\u00d3 &#8222;HOB\u00d3&#8221;"},"content":{"rendered":"<p>&nbsp;<\/p>\n<p><span style=\"font-family: Georgia,Palatino; font-size: 12pt;\"><em>&#8222;L\u00e1tja Isten , hogy \u00e1llok a napon \u2026&#8221;<\/em> Pilinszky J\u00e1nos est \u201e Circus Hungaricus\u2026 \u201e Hobo zen\u00e9s monodr\u00e1m\u00e1ja p\u00e1lyafut\u00e1sa legjobb \u00e9s legfontosabb lemezeib\u0151l \u201e Amerikai Ima\u2026 \u201e Jim Morrison est \u201e Ballada a Senki fi\u00e1r\u00f3l\u2026\u201d Faludi est \u201e Tudod, hogy nincs bocs\u00e1nat\u2026\u201d J\u00f3zsef Attila est.<\/span><\/p>\n<p><iframe loading=\"lazy\" width=\"800\" height=\"450\" src=\"https:\/\/www.youtube.com\/embed\/BUFuA2CMg5M?feature=oembed\" frameborder=\"0\" allowfullscreen><\/iframe><\/p>\n","protected":false},"excerpt":{"rendered":"<p>&nbsp; &#8222;L\u00e1tja Isten , hogy \u00e1llok a napon \u2026&#8221; Pilinszky J\u00e1nos est \u201e Circus Hungaricus\u2026 \u201e Hobo zen\u00e9s monodr\u00e1m\u00e1ja p\u00e1lyafut\u00e1sa legjobb \u00e9s legfontosabb lemezeib\u0151l \u201e Amerikai Ima\u2026 \u201e Jim Morrison <a class=\"more-link\" href=\"http:\/\/www.szikorarendezoiroda.hu\/szikora\/podium-vers-szinmuveszek\/foldes-laszlo-hobo\/\">A folytat&aacute;s olvas&aacute;sa &rarr;<\/a><\/p>\n","protected":false},"author":1,"featured_media":468,"parent":2,"menu_order":0,"comment_status":"open","ping_status":"open","template":"","meta":{"footnotes":""},"aioseo_notices":[],"_links":{"self":[{"href":"http:\/\/www.szikorarendezoiroda.hu\/szikora\/wp-json\/wp\/v2\/pages\/467"}],"collection":[{"href":"http:\/\/www.szikorarendezoiroda.hu\/szikora\/wp-json\/wp\/v2\/pages"}],"about":[{"href":"http:\/\/www.szikorarendezoiroda.hu\/szikora\/wp-json\/wp\/v2\/types\/page"}],"author":[{"embeddable":true,"href":"http:\/\/www.szikorarendezoiroda.hu\/szikora\/wp-json\/wp\/v2\/users\/1"}],"replies":[{"embeddable":true,"href":"http:\/\/www.szikorarendezoiroda.hu\/szikora\/wp-json\/wp\/v2\/comments?post=467"}],"version-history":[{"count":4,"href":"http:\/\/www.szikorarendezoiroda.hu\/szikora\/wp-json\/wp\/v2\/pages\/467\/revisions"}],"predecessor-version":[{"id":2802,"href":"http:\/\/www.szikorarendezoiroda.hu\/szikora\/wp-json\/wp\/v2\/pages\/467\/revisions\/2802"}],"up":[{"embeddable":true,"href":"http:\/\/www.szikorarendezoiroda.hu\/szikora\/wp-json\/wp\/v2\/pages\/2"}],"wp:featuredmedia":[{"embeddable":true,"href":"http:\/\/www.szikorarendezoiroda.hu\/szikora\/wp-json\/wp\/v2\/media\/468"}],"wp:attachment":[{"href":"http:\/\/www.szikorarendezoiroda.hu\/szikora\/wp-json\/wp\/v2\/media?parent=467"}],"curies":[{"name":"wp","href":"https:\/\/api.w.org\/{rel}","templated":true}]}}