{"id":446,"date":"2015-05-28T06:09:59","date_gmt":"2015-05-28T06:09:59","guid":{"rendered":"http:\/\/www.szikorarendezoiroda.hu\/szikora\/?page_id=446"},"modified":"2018-08-03T05:28:51","modified_gmt":"2018-08-03T05:28:51","slug":"dorner-gyorgy-es-a-hungaro-zenekar","status":"publish","type":"page","link":"http:\/\/www.szikorarendezoiroda.hu\/szikora\/podium-vers-szinmuveszek\/dorner-gyorgy-es-a-hungaro-zenekar\/","title":{"rendered":"D\u00d6RNER GY\u00d6RGY \u00e9s a HUNGARO ZENEKAR"},"content":{"rendered":"<p>&nbsp;<\/p>\n<p>&#8222;A p\u00e9nzfoly\u00f3&#8221;<\/p>\n<p>D\u00f6rner Gy\u00f6rgy \u00e9s a Hungaro Zenekar p\u00f3dium estje. Az \u00daj Sz\u00ednh\u00e1zban nagy sikerrel bemutatott el\u0151ad\u00e1s, mely h\u0171en t\u00fckr\u00f6zi az eg\u00e9sz mai \u00e9let\u00fcnket sok zen\u00e9vel \u00e9s humorral. Az est a frissen megjelent k\u00f6nyv bemutat\u00f3ja is egyben.<\/p>\n","protected":false},"excerpt":{"rendered":"<p>&nbsp; &#8222;A p\u00e9nzfoly\u00f3&#8221; D\u00f6rner Gy\u00f6rgy \u00e9s a Hungaro Zenekar p\u00f3dium estje. Az \u00daj Sz\u00ednh\u00e1zban nagy sikerrel bemutatott el\u0151ad\u00e1s, mely h\u0171en t\u00fckr\u00f6zi az eg\u00e9sz mai \u00e9let\u00fcnket sok zen\u00e9vel \u00e9s humorral. Az <a class=\"more-link\" href=\"http:\/\/www.szikorarendezoiroda.hu\/szikora\/podium-vers-szinmuveszek\/dorner-gyorgy-es-a-hungaro-zenekar\/\">A folytat&aacute;s olvas&aacute;sa &rarr;<\/a><\/p>\n","protected":false},"author":1,"featured_media":447,"parent":2,"menu_order":0,"comment_status":"open","ping_status":"open","template":"","meta":{"footnotes":""},"aioseo_notices":[],"_links":{"self":[{"href":"http:\/\/www.szikorarendezoiroda.hu\/szikora\/wp-json\/wp\/v2\/pages\/446"}],"collection":[{"href":"http:\/\/www.szikorarendezoiroda.hu\/szikora\/wp-json\/wp\/v2\/pages"}],"about":[{"href":"http:\/\/www.szikorarendezoiroda.hu\/szikora\/wp-json\/wp\/v2\/types\/page"}],"author":[{"embeddable":true,"href":"http:\/\/www.szikorarendezoiroda.hu\/szikora\/wp-json\/wp\/v2\/users\/1"}],"replies":[{"embeddable":true,"href":"http:\/\/www.szikorarendezoiroda.hu\/szikora\/wp-json\/wp\/v2\/comments?post=446"}],"version-history":[{"count":3,"href":"http:\/\/www.szikorarendezoiroda.hu\/szikora\/wp-json\/wp\/v2\/pages\/446\/revisions"}],"predecessor-version":[{"id":2796,"href":"http:\/\/www.szikorarendezoiroda.hu\/szikora\/wp-json\/wp\/v2\/pages\/446\/revisions\/2796"}],"up":[{"embeddable":true,"href":"http:\/\/www.szikorarendezoiroda.hu\/szikora\/wp-json\/wp\/v2\/pages\/2"}],"wp:featuredmedia":[{"embeddable":true,"href":"http:\/\/www.szikorarendezoiroda.hu\/szikora\/wp-json\/wp\/v2\/media\/447"}],"wp:attachment":[{"href":"http:\/\/www.szikorarendezoiroda.hu\/szikora\/wp-json\/wp\/v2\/media?parent=446"}],"curies":[{"name":"wp","href":"https:\/\/api.w.org\/{rel}","templated":true}]}}