{"id":443,"date":"2015-05-28T05:47:47","date_gmt":"2015-05-28T05:47:47","guid":{"rendered":"http:\/\/www.szikorarendezoiroda.hu\/szikora\/?page_id=443"},"modified":"2021-02-07T17:42:52","modified_gmt":"2021-02-07T17:42:52","slug":"dongo-egyuttes","status":"publish","type":"page","link":"http:\/\/www.szikorarendezoiroda.hu\/szikora\/podium-vers-szinmuveszek\/dongo-egyuttes\/","title":{"rendered":"DONG\u00d3 EGY\u00dcTTES"},"content":{"rendered":"<p>&nbsp;<\/p>\n<p>T\u00f6bb \u00e9vtizedes p\u00e1lyafut\u00e1sa sor\u00e1n az egy\u00fcttes nem csak gyermek \u00e9s sz\u00f3rakoztat\u00f3 m\u0171soraikkal l\u00e9ptek a szinpadra hanem \u00fcnnepi programjaikkal is igen nagy elismer\u00e9st k\u00f6nyvelhettek el. Ilyen a m\u00e1rcius 15.-ei valamint az okt\u00f3ber 23.-ai \u00fcnnepi m\u0171soruk melynek c\u00edme Hazafi\u00fai tisztelg\u00e9s&#8230;<\/p>\n<p><iframe loading=\"lazy\" width=\"800\" height=\"600\" src=\"https:\/\/www.youtube.com\/embed\/Rn4QCd0fXC4?feature=oembed\" frameborder=\"0\" allowfullscreen><\/iframe><\/p>\n","protected":false},"excerpt":{"rendered":"<p>&nbsp; T\u00f6bb \u00e9vtizedes p\u00e1lyafut\u00e1sa sor\u00e1n az egy\u00fcttes nem csak gyermek \u00e9s sz\u00f3rakoztat\u00f3 m\u0171soraikkal l\u00e9ptek a szinpadra hanem \u00fcnnepi programjaikkal is igen nagy elismer\u00e9st k\u00f6nyvelhettek el. Ilyen a m\u00e1rcius 15.-ei valamint <a class=\"more-link\" href=\"http:\/\/www.szikorarendezoiroda.hu\/szikora\/podium-vers-szinmuveszek\/dongo-egyuttes\/\">A folytat&aacute;s olvas&aacute;sa &rarr;<\/a><\/p>\n","protected":false},"author":1,"featured_media":3368,"parent":2,"menu_order":0,"comment_status":"open","ping_status":"open","template":"","meta":{"footnotes":""},"aioseo_notices":[],"_links":{"self":[{"href":"http:\/\/www.szikorarendezoiroda.hu\/szikora\/wp-json\/wp\/v2\/pages\/443"}],"collection":[{"href":"http:\/\/www.szikorarendezoiroda.hu\/szikora\/wp-json\/wp\/v2\/pages"}],"about":[{"href":"http:\/\/www.szikorarendezoiroda.hu\/szikora\/wp-json\/wp\/v2\/types\/page"}],"author":[{"embeddable":true,"href":"http:\/\/www.szikorarendezoiroda.hu\/szikora\/wp-json\/wp\/v2\/users\/1"}],"replies":[{"embeddable":true,"href":"http:\/\/www.szikorarendezoiroda.hu\/szikora\/wp-json\/wp\/v2\/comments?post=443"}],"version-history":[{"count":3,"href":"http:\/\/www.szikorarendezoiroda.hu\/szikora\/wp-json\/wp\/v2\/pages\/443\/revisions"}],"predecessor-version":[{"id":2795,"href":"http:\/\/www.szikorarendezoiroda.hu\/szikora\/wp-json\/wp\/v2\/pages\/443\/revisions\/2795"}],"up":[{"embeddable":true,"href":"http:\/\/www.szikorarendezoiroda.hu\/szikora\/wp-json\/wp\/v2\/pages\/2"}],"wp:featuredmedia":[{"embeddable":true,"href":"http:\/\/www.szikorarendezoiroda.hu\/szikora\/wp-json\/wp\/v2\/media\/3368"}],"wp:attachment":[{"href":"http:\/\/www.szikorarendezoiroda.hu\/szikora\/wp-json\/wp\/v2\/media?parent=443"}],"curies":[{"name":"wp","href":"https:\/\/api.w.org\/{rel}","templated":true}]}}