{"id":430,"date":"2015-05-28T05:42:55","date_gmt":"2015-05-28T05:42:55","guid":{"rendered":"http:\/\/www.szikorarendezoiroda.hu\/szikora\/?page_id=430"},"modified":"2018-08-03T05:24:04","modified_gmt":"2018-08-03T05:24:04","slug":"besenczi-arpad","status":"publish","type":"page","link":"http:\/\/www.szikorarendezoiroda.hu\/szikora\/podium-vers-szinmuveszek\/besenczi-arpad\/","title":{"rendered":"BESENCZI \u00c1RP\u00c1D"},"content":{"rendered":"<p>&nbsp;<\/p>\n<p>&#8222;A helys\u00e9g kalap\u00e1csa&#8221; Pet\u0151fi S\u00e1nor remekm\u0171ve 50 percben<\/p>\n<p>BESENCZI \u00c1RP\u00c1D, a kit\u0171n\u0151 sz\u00ednm\u0171v\u00e9sz el\u0151ad\u00e1s\u00e1ban. Nevezhetj\u00fck ak\u00e1r rendhagy\u00f3 irodalom \u00f3r\u00e1nak, vagy egy felh\u0151tlen p\u00f3dium estnek is.<\/p>\n<p><iframe loading=\"lazy\" width=\"800\" height=\"600\" src=\"https:\/\/www.youtube.com\/embed\/k2ZekGl8bkY?feature=oembed\" frameborder=\"0\" allowfullscreen><\/iframe><\/p>\n","protected":false},"excerpt":{"rendered":"<p>&nbsp; &#8222;A helys\u00e9g kalap\u00e1csa&#8221; Pet\u0151fi S\u00e1nor remekm\u0171ve 50 percben BESENCZI \u00c1RP\u00c1D, a kit\u0171n\u0151 sz\u00ednm\u0171v\u00e9sz el\u0151ad\u00e1s\u00e1ban. Nevezhetj\u00fck ak\u00e1r rendhagy\u00f3 irodalom \u00f3r\u00e1nak, vagy egy felh\u0151tlen p\u00f3dium estnek is.<\/p>\n","protected":false},"author":1,"featured_media":431,"parent":2,"menu_order":0,"comment_status":"open","ping_status":"open","template":"","meta":{"footnotes":""},"aioseo_notices":[],"_links":{"self":[{"href":"http:\/\/www.szikorarendezoiroda.hu\/szikora\/wp-json\/wp\/v2\/pages\/430"}],"collection":[{"href":"http:\/\/www.szikorarendezoiroda.hu\/szikora\/wp-json\/wp\/v2\/pages"}],"about":[{"href":"http:\/\/www.szikorarendezoiroda.hu\/szikora\/wp-json\/wp\/v2\/types\/page"}],"author":[{"embeddable":true,"href":"http:\/\/www.szikorarendezoiroda.hu\/szikora\/wp-json\/wp\/v2\/users\/1"}],"replies":[{"embeddable":true,"href":"http:\/\/www.szikorarendezoiroda.hu\/szikora\/wp-json\/wp\/v2\/comments?post=430"}],"version-history":[{"count":3,"href":"http:\/\/www.szikorarendezoiroda.hu\/szikora\/wp-json\/wp\/v2\/pages\/430\/revisions"}],"predecessor-version":[{"id":2790,"href":"http:\/\/www.szikorarendezoiroda.hu\/szikora\/wp-json\/wp\/v2\/pages\/430\/revisions\/2790"}],"up":[{"embeddable":true,"href":"http:\/\/www.szikorarendezoiroda.hu\/szikora\/wp-json\/wp\/v2\/pages\/2"}],"wp:featuredmedia":[{"embeddable":true,"href":"http:\/\/www.szikorarendezoiroda.hu\/szikora\/wp-json\/wp\/v2\/media\/431"}],"wp:attachment":[{"href":"http:\/\/www.szikorarendezoiroda.hu\/szikora\/wp-json\/wp\/v2\/media?parent=430"}],"curies":[{"name":"wp","href":"https:\/\/api.w.org\/{rel}","templated":true}]}}