{"id":418,"date":"2015-05-26T06:30:38","date_gmt":"2015-05-26T06:30:38","guid":{"rendered":"http:\/\/www.szikorarendezoiroda.hu\/szikora\/?page_id=418"},"modified":"2018-08-03T05:23:40","modified_gmt":"2018-08-03T05:23:40","slug":"bencze-ilona","status":"publish","type":"page","link":"http:\/\/www.szikorarendezoiroda.hu\/szikora\/podium-vers-szinmuveszek\/bencze-ilona\/","title":{"rendered":"BENCZE ILONA"},"content":{"rendered":"<p>&nbsp;<\/p>\n<p><span style=\"font-family: Georgia,Palatino; font-size: 12pt;\">\u201eA sz\u00edn\u00e9sz-N\u0150\u2026\u201d aki angyal \u00e9s \u00f6rd\u00f6g, boszork\u00e1ny \u00e9s j\u00f3 t\u00fcnd\u00e9r, h\u00e1ziasszony \u00e9s nagyvil\u00e1gi d\u00e1ma, egysz\u00f3val az \u00f6r\u00f6k \u201eN\u0150\u201d.<\/span><\/p>\n<p><span style=\"font-family: Georgia,Palatino; font-size: 12pt;\">Zongor\u00e1n\u00e1l: Gyarmati Istv\u00e1n<\/span><\/p>\n<p>&nbsp;<\/p>\n<p><iframe loading=\"lazy\" width=\"800\" height=\"600\" src=\"https:\/\/www.youtube.com\/embed\/UvyIv3e9fnc?feature=oembed\" frameborder=\"0\" allowfullscreen><\/iframe><\/p>\n","protected":false},"excerpt":{"rendered":"<p>&nbsp; \u201eA sz\u00edn\u00e9sz-N\u0150\u2026\u201d aki angyal \u00e9s \u00f6rd\u00f6g, boszork\u00e1ny \u00e9s j\u00f3 t\u00fcnd\u00e9r, h\u00e1ziasszony \u00e9s nagyvil\u00e1gi d\u00e1ma, egysz\u00f3val az \u00f6r\u00f6k \u201eN\u0150\u201d. Zongor\u00e1n\u00e1l: Gyarmati Istv\u00e1n &nbsp;<\/p>\n","protected":false},"author":1,"featured_media":419,"parent":2,"menu_order":0,"comment_status":"open","ping_status":"open","template":"","meta":{"footnotes":""},"aioseo_notices":[],"_links":{"self":[{"href":"http:\/\/www.szikorarendezoiroda.hu\/szikora\/wp-json\/wp\/v2\/pages\/418"}],"collection":[{"href":"http:\/\/www.szikorarendezoiroda.hu\/szikora\/wp-json\/wp\/v2\/pages"}],"about":[{"href":"http:\/\/www.szikorarendezoiroda.hu\/szikora\/wp-json\/wp\/v2\/types\/page"}],"author":[{"embeddable":true,"href":"http:\/\/www.szikorarendezoiroda.hu\/szikora\/wp-json\/wp\/v2\/users\/1"}],"replies":[{"embeddable":true,"href":"http:\/\/www.szikorarendezoiroda.hu\/szikora\/wp-json\/wp\/v2\/comments?post=418"}],"version-history":[{"count":3,"href":"http:\/\/www.szikorarendezoiroda.hu\/szikora\/wp-json\/wp\/v2\/pages\/418\/revisions"}],"predecessor-version":[{"id":2788,"href":"http:\/\/www.szikorarendezoiroda.hu\/szikora\/wp-json\/wp\/v2\/pages\/418\/revisions\/2788"}],"up":[{"embeddable":true,"href":"http:\/\/www.szikorarendezoiroda.hu\/szikora\/wp-json\/wp\/v2\/pages\/2"}],"wp:featuredmedia":[{"embeddable":true,"href":"http:\/\/www.szikorarendezoiroda.hu\/szikora\/wp-json\/wp\/v2\/media\/419"}],"wp:attachment":[{"href":"http:\/\/www.szikorarendezoiroda.hu\/szikora\/wp-json\/wp\/v2\/media?parent=418"}],"curies":[{"name":"wp","href":"https:\/\/api.w.org\/{rel}","templated":true}]}}