{"id":409,"date":"2015-05-26T06:25:31","date_gmt":"2015-05-26T06:25:31","guid":{"rendered":"http:\/\/www.szikorarendezoiroda.hu\/szikora\/?page_id=409"},"modified":"2018-08-03T05:22:44","modified_gmt":"2018-08-03T05:22:44","slug":"bardoczy-attila-es-a-podium-trio","status":"publish","type":"page","link":"http:\/\/www.szikorarendezoiroda.hu\/szikora\/podium-vers-szinmuveszek\/bardoczy-attila-es-a-podium-trio\/","title":{"rendered":"BARD\u00d3CZY ATTILA \u00e9s a P\u00d3DIUM TRI\u00d3"},"content":{"rendered":"<p>&nbsp;<\/p>\n<p><span style=\"font-family: Georgia,Palatino; font-size: 12pt;\">\u201eP\u00e1rizs ege alatt\u2026\u201d egy P\u00e1rizsban nemzetk\u00f6zi chanson versenyt nyert csod\u00e1latos est.<\/span><\/p>\n<p>&nbsp;<\/p>\n<p><iframe loading=\"lazy\" width=\"800\" height=\"600\" src=\"https:\/\/www.youtube.com\/embed\/-NooB1McF_w?feature=oembed\" frameborder=\"0\" allowfullscreen><\/iframe><\/p>\n","protected":false},"excerpt":{"rendered":"<p>&nbsp; \u201eP\u00e1rizs ege alatt\u2026\u201d egy P\u00e1rizsban nemzetk\u00f6zi chanson versenyt nyert csod\u00e1latos est. &nbsp;<\/p>\n","protected":false},"author":1,"featured_media":410,"parent":2,"menu_order":0,"comment_status":"open","ping_status":"open","template":"","meta":{"footnotes":""},"aioseo_notices":[],"_links":{"self":[{"href":"http:\/\/www.szikorarendezoiroda.hu\/szikora\/wp-json\/wp\/v2\/pages\/409"}],"collection":[{"href":"http:\/\/www.szikorarendezoiroda.hu\/szikora\/wp-json\/wp\/v2\/pages"}],"about":[{"href":"http:\/\/www.szikorarendezoiroda.hu\/szikora\/wp-json\/wp\/v2\/types\/page"}],"author":[{"embeddable":true,"href":"http:\/\/www.szikorarendezoiroda.hu\/szikora\/wp-json\/wp\/v2\/users\/1"}],"replies":[{"embeddable":true,"href":"http:\/\/www.szikorarendezoiroda.hu\/szikora\/wp-json\/wp\/v2\/comments?post=409"}],"version-history":[{"count":5,"href":"http:\/\/www.szikorarendezoiroda.hu\/szikora\/wp-json\/wp\/v2\/pages\/409\/revisions"}],"predecessor-version":[{"id":2786,"href":"http:\/\/www.szikorarendezoiroda.hu\/szikora\/wp-json\/wp\/v2\/pages\/409\/revisions\/2786"}],"up":[{"embeddable":true,"href":"http:\/\/www.szikorarendezoiroda.hu\/szikora\/wp-json\/wp\/v2\/pages\/2"}],"wp:featuredmedia":[{"embeddable":true,"href":"http:\/\/www.szikorarendezoiroda.hu\/szikora\/wp-json\/wp\/v2\/media\/410"}],"wp:attachment":[{"href":"http:\/\/www.szikorarendezoiroda.hu\/szikora\/wp-json\/wp\/v2\/media?parent=409"}],"curies":[{"name":"wp","href":"https:\/\/api.w.org\/{rel}","templated":true}]}}