{"id":3282,"date":"2019-07-29T18:41:51","date_gmt":"2019-07-29T18:41:51","guid":{"rendered":"http:\/\/www.szikorarendezoiroda.hu\/szikora\/?page_id=3282"},"modified":"2019-07-29T18:41:51","modified_gmt":"2019-07-29T18:41:51","slug":"opitz-barbi","status":"publish","type":"page","link":"http:\/\/www.szikorarendezoiroda.hu\/szikora\/tancdal-retro-pop\/opitz-barbi\/","title":{"rendered":"Opitz Barbi"},"content":{"rendered":"\n<p>16 \u00e9vesen jelentkezett az X-Faktor hatodik verseny\u00e9re, melyet meg is nyert. Sorra sz\u00fclettek sl\u00e1gerei,  fell\u00e9p\u00e9seit mindig nagy k\u00f6z\u00f6ns\u00e9gsiker k\u00eds\u00e9ri. <\/p>\n\n\n\n<figure class=\"wp-block-embed-youtube wp-block-embed is-type-video is-provider-youtube wp-embed-aspect-16-9 wp-has-aspect-ratio\"><div class=\"wp-block-embed__wrapper\">\n<iframe loading=\"lazy\" title=\"OPITZ BARBI \u2013 T\u00fal\u00e9lem | Official Music Video\" width=\"800\" height=\"450\" src=\"https:\/\/www.youtube.com\/embed\/ZC2Fa2zW6Ek?feature=oembed\" frameborder=\"0\" allow=\"accelerometer; autoplay; encrypted-media; gyroscope; picture-in-picture\" allowfullscreen><\/iframe>\n<\/div><\/figure>\n","protected":false},"excerpt":{"rendered":"<p>16 \u00e9vesen jelentkezett az X-Faktor hatodik verseny\u00e9re, melyet meg is nyert. Sorra sz\u00fclettek sl\u00e1gerei, fell\u00e9p\u00e9seit mindig nagy k\u00f6z\u00f6ns\u00e9gsiker k\u00eds\u00e9ri.<\/p>\n","protected":false},"author":1,"featured_media":3283,"parent":20,"menu_order":0,"comment_status":"closed","ping_status":"closed","template":"","meta":{"footnotes":""},"aioseo_notices":[],"_links":{"self":[{"href":"http:\/\/www.szikorarendezoiroda.hu\/szikora\/wp-json\/wp\/v2\/pages\/3282"}],"collection":[{"href":"http:\/\/www.szikorarendezoiroda.hu\/szikora\/wp-json\/wp\/v2\/pages"}],"about":[{"href":"http:\/\/www.szikorarendezoiroda.hu\/szikora\/wp-json\/wp\/v2\/types\/page"}],"author":[{"embeddable":true,"href":"http:\/\/www.szikorarendezoiroda.hu\/szikora\/wp-json\/wp\/v2\/users\/1"}],"replies":[{"embeddable":true,"href":"http:\/\/www.szikorarendezoiroda.hu\/szikora\/wp-json\/wp\/v2\/comments?post=3282"}],"version-history":[{"count":1,"href":"http:\/\/www.szikorarendezoiroda.hu\/szikora\/wp-json\/wp\/v2\/pages\/3282\/revisions"}],"predecessor-version":[{"id":3284,"href":"http:\/\/www.szikorarendezoiroda.hu\/szikora\/wp-json\/wp\/v2\/pages\/3282\/revisions\/3284"}],"up":[{"embeddable":true,"href":"http:\/\/www.szikorarendezoiroda.hu\/szikora\/wp-json\/wp\/v2\/pages\/20"}],"wp:featuredmedia":[{"embeddable":true,"href":"http:\/\/www.szikorarendezoiroda.hu\/szikora\/wp-json\/wp\/v2\/media\/3283"}],"wp:attachment":[{"href":"http:\/\/www.szikorarendezoiroda.hu\/szikora\/wp-json\/wp\/v2\/media?parent=3282"}],"curies":[{"name":"wp","href":"https:\/\/api.w.org\/{rel}","templated":true}]}}