{"id":3274,"date":"2019-07-29T18:33:31","date_gmt":"2019-07-29T18:33:31","guid":{"rendered":"http:\/\/www.szikorarendezoiroda.hu\/szikora\/?page_id=3274"},"modified":"2019-07-29T18:34:04","modified_gmt":"2019-07-29T18:34:04","slug":"fabian-eva","status":"publish","type":"page","link":"http:\/\/www.szikorarendezoiroda.hu\/szikora\/tancdal-retro-pop\/fabian-eva\/","title":{"rendered":"F\u00e1bi\u00e1n \u00c9va"},"content":{"rendered":"\n<p>A K\u00f3cbab\u00e1k \u00e9nekesn\u0151jek\u00e9nt kezdte a p\u00e1ly\u00e1j\u00e1t, majd a Neoton Egy\u00fcttes-sel illetve a Neoton Fam\u00edlia n\u00e9vre v\u00e1ltoztatott form\u00e1ci\u00f3val  \u00e9nekelt.  <br>1980-ban sz\u00f3l\u00f3\u00e9nekesi karrierbe kezdett , gyerekm\u0171sor\u00e1val az eg\u00e9sz orsz\u00e1got bej\u00e1rta. <br>2014-t\u0151l kezdett ism\u00e9t v\u00e1llal feln\u0151tt m\u0171sort is a &#8221; retr\u00f3 &#8221; jegy\u00e9ben.<\/p>\n\n\n\n<figure class=\"wp-block-embed-youtube wp-block-embed is-type-video is-provider-youtube wp-embed-aspect-16-9 wp-has-aspect-ratio\"><div class=\"wp-block-embed__wrapper\">\n<iframe loading=\"lazy\" title=\"F\u00e1bi\u00e1n  \u00c9va - Santa Maria (Retro Disco - Muzsika TV)\" width=\"800\" height=\"450\" src=\"https:\/\/www.youtube.com\/embed\/Kym4be1k7O4?feature=oembed\" frameborder=\"0\" allow=\"accelerometer; autoplay; encrypted-media; gyroscope; picture-in-picture\" allowfullscreen><\/iframe>\n<\/div><\/figure>\n","protected":false},"excerpt":{"rendered":"<p>A K\u00f3cbab\u00e1k \u00e9nekesn\u0151jek\u00e9nt kezdte a p\u00e1ly\u00e1j\u00e1t, majd a Neoton Egy\u00fcttes-sel illetve a Neoton Fam\u00edlia n\u00e9vre v\u00e1ltoztatott form\u00e1ci\u00f3val \u00e9nekelt. 1980-ban sz\u00f3l\u00f3\u00e9nekesi karrierbe kezdett , gyerekm\u0171sor\u00e1val az eg\u00e9sz orsz\u00e1got bej\u00e1rta. 2014-t\u0151l kezdett <a class=\"more-link\" href=\"http:\/\/www.szikorarendezoiroda.hu\/szikora\/tancdal-retro-pop\/fabian-eva\/\">A folytat&aacute;s olvas&aacute;sa &rarr;<\/a><\/p>\n","protected":false},"author":1,"featured_media":3276,"parent":20,"menu_order":0,"comment_status":"closed","ping_status":"closed","template":"","meta":{"footnotes":""},"aioseo_notices":[],"_links":{"self":[{"href":"http:\/\/www.szikorarendezoiroda.hu\/szikora\/wp-json\/wp\/v2\/pages\/3274"}],"collection":[{"href":"http:\/\/www.szikorarendezoiroda.hu\/szikora\/wp-json\/wp\/v2\/pages"}],"about":[{"href":"http:\/\/www.szikorarendezoiroda.hu\/szikora\/wp-json\/wp\/v2\/types\/page"}],"author":[{"embeddable":true,"href":"http:\/\/www.szikorarendezoiroda.hu\/szikora\/wp-json\/wp\/v2\/users\/1"}],"replies":[{"embeddable":true,"href":"http:\/\/www.szikorarendezoiroda.hu\/szikora\/wp-json\/wp\/v2\/comments?post=3274"}],"version-history":[{"count":1,"href":"http:\/\/www.szikorarendezoiroda.hu\/szikora\/wp-json\/wp\/v2\/pages\/3274\/revisions"}],"predecessor-version":[{"id":3275,"href":"http:\/\/www.szikorarendezoiroda.hu\/szikora\/wp-json\/wp\/v2\/pages\/3274\/revisions\/3275"}],"up":[{"embeddable":true,"href":"http:\/\/www.szikorarendezoiroda.hu\/szikora\/wp-json\/wp\/v2\/pages\/20"}],"wp:featuredmedia":[{"embeddable":true,"href":"http:\/\/www.szikorarendezoiroda.hu\/szikora\/wp-json\/wp\/v2\/media\/3276"}],"wp:attachment":[{"href":"http:\/\/www.szikorarendezoiroda.hu\/szikora\/wp-json\/wp\/v2\/media?parent=3274"}],"curies":[{"name":"wp","href":"https:\/\/api.w.org\/{rel}","templated":true}]}}