{"id":3269,"date":"2019-07-29T18:29:55","date_gmt":"2019-07-29T18:29:55","guid":{"rendered":"http:\/\/www.szikorarendezoiroda.hu\/szikora\/?page_id=3269"},"modified":"2019-07-29T18:31:36","modified_gmt":"2019-07-29T18:31:36","slug":"dj-szatmari-feat-jucus","status":"publish","type":"page","link":"http:\/\/www.szikorarendezoiroda.hu\/szikora\/tancdal-retro-pop\/dj-szatmari-feat-jucus\/","title":{"rendered":"Dj.Szatm\u00e1ri feat.Jucus"},"content":{"rendered":"\n<p>Zen\u00e9sz &#8211; \u00e9nekes.  <br>Els\u0151 maxija 2003-ban jelent meg.  <br>Pusk\u00e1s Judit &#8211; Jucus -szem\u00e9ly\u00e9ben megtal\u00e1lta a hangban, st\u00edlusban hozz\u00e1ill\u0151 partnert.  <br><br><strong>60-90 perces m\u0171soruk megrendelhet\u0151.<\/strong><\/p>\n\n\n\n<p><\/p>\n\n\n\n<figure class=\"wp-block-embed-youtube wp-block-embed is-type-video is-provider-youtube wp-embed-aspect-16-9 wp-has-aspect-ratio\"><div class=\"wp-block-embed__wrapper\">\n<iframe loading=\"lazy\" title=\"DJ Szatm\u00e1ri feat. Jucus - Most \u00fagy szeress (Official Video)\" width=\"800\" height=\"450\" src=\"https:\/\/www.youtube.com\/embed\/8i-h_L9QToo?feature=oembed\" frameborder=\"0\" allow=\"accelerometer; autoplay; encrypted-media; gyroscope; picture-in-picture\" allowfullscreen><\/iframe>\n<\/div><\/figure>\n","protected":false},"excerpt":{"rendered":"<p>Zen\u00e9sz &#8211; \u00e9nekes. Els\u0151 maxija 2003-ban jelent meg. Pusk\u00e1s Judit &#8211; Jucus -szem\u00e9ly\u00e9ben megtal\u00e1lta a hangban, st\u00edlusban hozz\u00e1ill\u0151 partnert. 60-90 perces m\u0171soruk megrendelhet\u0151.<\/p>\n","protected":false},"author":1,"featured_media":3270,"parent":20,"menu_order":0,"comment_status":"closed","ping_status":"closed","template":"","meta":{"footnotes":""},"aioseo_notices":[],"_links":{"self":[{"href":"http:\/\/www.szikorarendezoiroda.hu\/szikora\/wp-json\/wp\/v2\/pages\/3269"}],"collection":[{"href":"http:\/\/www.szikorarendezoiroda.hu\/szikora\/wp-json\/wp\/v2\/pages"}],"about":[{"href":"http:\/\/www.szikorarendezoiroda.hu\/szikora\/wp-json\/wp\/v2\/types\/page"}],"author":[{"embeddable":true,"href":"http:\/\/www.szikorarendezoiroda.hu\/szikora\/wp-json\/wp\/v2\/users\/1"}],"replies":[{"embeddable":true,"href":"http:\/\/www.szikorarendezoiroda.hu\/szikora\/wp-json\/wp\/v2\/comments?post=3269"}],"version-history":[{"count":3,"href":"http:\/\/www.szikorarendezoiroda.hu\/szikora\/wp-json\/wp\/v2\/pages\/3269\/revisions"}],"predecessor-version":[{"id":3273,"href":"http:\/\/www.szikorarendezoiroda.hu\/szikora\/wp-json\/wp\/v2\/pages\/3269\/revisions\/3273"}],"up":[{"embeddable":true,"href":"http:\/\/www.szikorarendezoiroda.hu\/szikora\/wp-json\/wp\/v2\/pages\/20"}],"wp:featuredmedia":[{"embeddable":true,"href":"http:\/\/www.szikorarendezoiroda.hu\/szikora\/wp-json\/wp\/v2\/media\/3270"}],"wp:attachment":[{"href":"http:\/\/www.szikorarendezoiroda.hu\/szikora\/wp-json\/wp\/v2\/media?parent=3269"}],"curies":[{"name":"wp","href":"https:\/\/api.w.org\/{rel}","templated":true}]}}