{"id":2640,"date":"2018-08-02T11:50:25","date_gmt":"2018-08-02T11:50:25","guid":{"rendered":"http:\/\/www.szikorarendezoiroda.hu\/szikora\/?page_id=2640"},"modified":"2018-08-05T05:51:33","modified_gmt":"2018-08-05T05:51:33","slug":"teremi-trixi","status":"publish","type":"page","link":"http:\/\/www.szikorarendezoiroda.hu\/szikora\/operett\/teremi-trixi\/","title":{"rendered":"Teremi Trixi"},"content":{"rendered":"<p>&nbsp;<\/p>\n<p>Igazi, t\u0171zr\u0151lpattant\u00a0 szubrett aki egyar\u00e1nt otthon van a klasszikus nagyoperettekben, a n\u00e9psz\u00ednm\u0171vekben de m\u00e9g a n\u00f3t\u00e1z\u00e1sban is.\u00a0 Partnereivel 50\u2019-60\u2019ben ny\u00fajt felejthetetlen sz\u00f3rakoz\u00e1st a m\u0171faj kedvel\u0151inek.<\/p>\n<p>&nbsp;<\/p>\n<p><iframe loading=\"lazy\" width=\"800\" height=\"600\" src=\"https:\/\/www.youtube.com\/embed\/pWjAAwjQ9FY?feature=oembed\" frameborder=\"0\" allow=\"autoplay; encrypted-media\" allowfullscreen><\/iframe><\/p>\n","protected":false},"excerpt":{"rendered":"<p>&nbsp; Igazi, t\u0171zr\u0151lpattant\u00a0 szubrett aki egyar\u00e1nt otthon van a klasszikus nagyoperettekben, a n\u00e9psz\u00ednm\u0171vekben de m\u00e9g a n\u00f3t\u00e1z\u00e1sban is.\u00a0 Partnereivel 50\u2019-60\u2019ben ny\u00fajt felejthetetlen sz\u00f3rakoz\u00e1st a m\u0171faj kedvel\u0151inek. &nbsp;<\/p>\n","protected":false},"author":1,"featured_media":2641,"parent":29,"menu_order":0,"comment_status":"open","ping_status":"open","template":"","meta":{"footnotes":""},"aioseo_notices":[],"_links":{"self":[{"href":"http:\/\/www.szikorarendezoiroda.hu\/szikora\/wp-json\/wp\/v2\/pages\/2640"}],"collection":[{"href":"http:\/\/www.szikorarendezoiroda.hu\/szikora\/wp-json\/wp\/v2\/pages"}],"about":[{"href":"http:\/\/www.szikorarendezoiroda.hu\/szikora\/wp-json\/wp\/v2\/types\/page"}],"author":[{"embeddable":true,"href":"http:\/\/www.szikorarendezoiroda.hu\/szikora\/wp-json\/wp\/v2\/users\/1"}],"replies":[{"embeddable":true,"href":"http:\/\/www.szikorarendezoiroda.hu\/szikora\/wp-json\/wp\/v2\/comments?post=2640"}],"version-history":[{"count":2,"href":"http:\/\/www.szikorarendezoiroda.hu\/szikora\/wp-json\/wp\/v2\/pages\/2640\/revisions"}],"predecessor-version":[{"id":3065,"href":"http:\/\/www.szikorarendezoiroda.hu\/szikora\/wp-json\/wp\/v2\/pages\/2640\/revisions\/3065"}],"up":[{"embeddable":true,"href":"http:\/\/www.szikorarendezoiroda.hu\/szikora\/wp-json\/wp\/v2\/pages\/29"}],"wp:featuredmedia":[{"embeddable":true,"href":"http:\/\/www.szikorarendezoiroda.hu\/szikora\/wp-json\/wp\/v2\/media\/2641"}],"wp:attachment":[{"href":"http:\/\/www.szikorarendezoiroda.hu\/szikora\/wp-json\/wp\/v2\/media?parent=2640"}],"curies":[{"name":"wp","href":"https:\/\/api.w.org\/{rel}","templated":true}]}}