{"id":2636,"date":"2018-08-02T11:48:29","date_gmt":"2018-08-02T11:48:29","guid":{"rendered":"http:\/\/www.szikorarendezoiroda.hu\/szikora\/?page_id=2636"},"modified":"2018-08-04T03:54:00","modified_gmt":"2018-08-04T03:54:00","slug":"children-of-distance","status":"publish","type":"page","link":"http:\/\/www.szikorarendezoiroda.hu\/szikora\/zenekarok\/children-of-distance\/","title":{"rendered":"Children of Distance"},"content":{"rendered":"<p>&nbsp;<\/p>\n<p>&nbsp;<\/p>\n<p>A leghallgatottabb hip-hop pop egy\u00fcttes.<\/p>\n<p>Az \u201e \u00c9v legjobb egy\u00fcttese\u00a0 \u201e c\u00edmet a k\u00f6z\u00f6ns\u00e9g h\u00e1rom egym\u00e1st k\u00f6vet\u0151 \u00e9vben nekik szavazta meg , a legjobb sl\u00e1ger pedig a \u201e Sajn\u00e1lom..\u201d lett.<\/p>\n<p>&nbsp;<\/p>\n<p><iframe loading=\"lazy\" width=\"800\" height=\"450\" src=\"https:\/\/www.youtube.com\/embed\/videoseries?list=RDEMQi7cm9B6tFUDXlzhar95yg\" frameborder=\"0\" allow=\"autoplay; encrypted-media\" allowfullscreen><\/iframe><\/p>\n","protected":false},"excerpt":{"rendered":"<p>&nbsp; &nbsp; A leghallgatottabb hip-hop pop egy\u00fcttes. Az \u201e \u00c9v legjobb egy\u00fcttese\u00a0 \u201e c\u00edmet a k\u00f6z\u00f6ns\u00e9g h\u00e1rom egym\u00e1st k\u00f6vet\u0151 \u00e9vben nekik szavazta meg , a legjobb sl\u00e1ger pedig a \u201e <a class=\"more-link\" href=\"http:\/\/www.szikorarendezoiroda.hu\/szikora\/zenekarok\/children-of-distance\/\">A folytat&aacute;s olvas&aacute;sa &rarr;<\/a><\/p>\n","protected":false},"author":1,"featured_media":2637,"parent":22,"menu_order":0,"comment_status":"open","ping_status":"open","template":"","meta":{"footnotes":""},"aioseo_notices":[],"_links":{"self":[{"href":"http:\/\/www.szikorarendezoiroda.hu\/szikora\/wp-json\/wp\/v2\/pages\/2636"}],"collection":[{"href":"http:\/\/www.szikorarendezoiroda.hu\/szikora\/wp-json\/wp\/v2\/pages"}],"about":[{"href":"http:\/\/www.szikorarendezoiroda.hu\/szikora\/wp-json\/wp\/v2\/types\/page"}],"author":[{"embeddable":true,"href":"http:\/\/www.szikorarendezoiroda.hu\/szikora\/wp-json\/wp\/v2\/users\/1"}],"replies":[{"embeddable":true,"href":"http:\/\/www.szikorarendezoiroda.hu\/szikora\/wp-json\/wp\/v2\/comments?post=2636"}],"version-history":[{"count":2,"href":"http:\/\/www.szikorarendezoiroda.hu\/szikora\/wp-json\/wp\/v2\/pages\/2636\/revisions"}],"predecessor-version":[{"id":2886,"href":"http:\/\/www.szikorarendezoiroda.hu\/szikora\/wp-json\/wp\/v2\/pages\/2636\/revisions\/2886"}],"up":[{"embeddable":true,"href":"http:\/\/www.szikorarendezoiroda.hu\/szikora\/wp-json\/wp\/v2\/pages\/22"}],"wp:featuredmedia":[{"embeddable":true,"href":"http:\/\/www.szikorarendezoiroda.hu\/szikora\/wp-json\/wp\/v2\/media\/2637"}],"wp:attachment":[{"href":"http:\/\/www.szikorarendezoiroda.hu\/szikora\/wp-json\/wp\/v2\/media?parent=2636"}],"curies":[{"name":"wp","href":"https:\/\/api.w.org\/{rel}","templated":true}]}}