{"id":2625,"date":"2018-08-02T11:40:56","date_gmt":"2018-08-02T11:40:56","guid":{"rendered":"http:\/\/www.szikorarendezoiroda.hu\/szikora\/?page_id=2625"},"modified":"2018-08-04T04:11:48","modified_gmt":"2018-08-04T04:11:48","slug":"laar-andras-grotex-band","status":"publish","type":"page","link":"http:\/\/www.szikorarendezoiroda.hu\/szikora\/zenekarok\/laar-andras-grotex-band\/","title":{"rendered":"La\u00e1r Andr\u00e1s Grotex Band"},"content":{"rendered":"<p>&nbsp;<\/p>\n<p>La\u00e1r Andr\u00e1s Grotex Band: Egy izgalmas , sz\u00f3rakoztat\u00f3 zenei produkci\u00f3 , melyben La\u00e1r Andr\u00e1s vadonat\u00faj , abszurd szerzem\u00e9nyeivel \u00e9s klasszikuss\u00e1 v\u00e1lt dalaival , valamint a KFT sl\u00e1gereivel\u00a0 aj\u00e1nd\u00e9kozza meg hallgat\u00f3it.<\/p>\n<p>A c\u00e9l: a k\u00f6z\u00f6ns\u00e9g felh\u0151tlen sz\u00f3rakoztat\u00e1sa.<\/p>\n<p><iframe loading=\"lazy\" width=\"800\" height=\"600\" src=\"https:\/\/www.youtube.com\/embed\/AIlpNTHz5ww?feature=oembed\" frameborder=\"0\" allow=\"autoplay; encrypted-media\" allowfullscreen><\/iframe><\/p>\n<p>&nbsp;<\/p>\n<p>&nbsp;<\/p>\n","protected":false},"excerpt":{"rendered":"<p>&nbsp; La\u00e1r Andr\u00e1s Grotex Band: Egy izgalmas , sz\u00f3rakoztat\u00f3 zenei produkci\u00f3 , melyben La\u00e1r Andr\u00e1s vadonat\u00faj , abszurd szerzem\u00e9nyeivel \u00e9s klasszikuss\u00e1 v\u00e1lt dalaival , valamint a KFT sl\u00e1gereivel\u00a0 aj\u00e1nd\u00e9kozza meg <a class=\"more-link\" href=\"http:\/\/www.szikorarendezoiroda.hu\/szikora\/zenekarok\/laar-andras-grotex-band\/\">A folytat&aacute;s olvas&aacute;sa &rarr;<\/a><\/p>\n","protected":false},"author":1,"featured_media":2919,"parent":22,"menu_order":0,"comment_status":"open","ping_status":"open","template":"","meta":{"footnotes":""},"aioseo_notices":[],"_links":{"self":[{"href":"http:\/\/www.szikorarendezoiroda.hu\/szikora\/wp-json\/wp\/v2\/pages\/2625"}],"collection":[{"href":"http:\/\/www.szikorarendezoiroda.hu\/szikora\/wp-json\/wp\/v2\/pages"}],"about":[{"href":"http:\/\/www.szikorarendezoiroda.hu\/szikora\/wp-json\/wp\/v2\/types\/page"}],"author":[{"embeddable":true,"href":"http:\/\/www.szikorarendezoiroda.hu\/szikora\/wp-json\/wp\/v2\/users\/1"}],"replies":[{"embeddable":true,"href":"http:\/\/www.szikorarendezoiroda.hu\/szikora\/wp-json\/wp\/v2\/comments?post=2625"}],"version-history":[{"count":2,"href":"http:\/\/www.szikorarendezoiroda.hu\/szikora\/wp-json\/wp\/v2\/pages\/2625\/revisions"}],"predecessor-version":[{"id":2920,"href":"http:\/\/www.szikorarendezoiroda.hu\/szikora\/wp-json\/wp\/v2\/pages\/2625\/revisions\/2920"}],"up":[{"embeddable":true,"href":"http:\/\/www.szikorarendezoiroda.hu\/szikora\/wp-json\/wp\/v2\/pages\/22"}],"wp:featuredmedia":[{"embeddable":true,"href":"http:\/\/www.szikorarendezoiroda.hu\/szikora\/wp-json\/wp\/v2\/media\/2919"}],"wp:attachment":[{"href":"http:\/\/www.szikorarendezoiroda.hu\/szikora\/wp-json\/wp\/v2\/media?parent=2625"}],"curies":[{"name":"wp","href":"https:\/\/api.w.org\/{rel}","templated":true}]}}